{"id":9,"date":"2017-11-20T15:17:24","date_gmt":"2017-11-20T14:17:24","guid":{"rendered":"http:\/\/localhost\/wordpress\/?page_id=9"},"modified":"2026-04-16T16:55:45","modified_gmt":"2026-04-16T14:55:45","slug":"kontakt","status":"publish","type":"page","link":"https:\/\/home-finish24.pl\/en\/kontakt\/","title":{"rendered":"Kontakt"},"content":{"rendered":"<p>\n<div class=\"wpcf7 no-js\" id=\"wpcf7-f762-o1\" lang=\"pl-PL\" dir=\"ltr\" data-wpcf7-id=\"762\">\n<div class=\"screen-reader-response\"><p role=\"status\" aria-live=\"polite\" aria-atomic=\"true\"><\/p> <ul><\/ul><\/div>\n<form action=\"\/en\/wp-json\/wp\/v2\/pages\/9#wpcf7-f762-o1\" method=\"post\" class=\"wpcf7-form init\" aria-label=\"Formularz kontaktowy\" novalidate=\"novalidate\" data-status=\"init\" data-trp-original-action=\"\/en\/wp-json\/wp\/v2\/pages\/9#wpcf7-f762-o1\">\n<fieldset class=\"hidden-fields-container\"><input type=\"hidden\" name=\"_wpcf7\" value=\"762\" \/><input type=\"hidden\" name=\"_wpcf7_version\" value=\"6.1.5\" \/><input type=\"hidden\" name=\"_wpcf7_locale\" value=\"pl_PL\" \/><input type=\"hidden\" name=\"_wpcf7_unit_tag\" value=\"wpcf7-f762-o1\" \/><input type=\"hidden\" name=\"_wpcf7_container_post\" value=\"0\" \/><input type=\"hidden\" name=\"_wpcf7_posted_data_hash\" value=\"\" \/>\n<\/fieldset>\n<p><label> Twoje imi\u0119<br \/>\n<span class=\"wpcf7-form-control-wrap\" data-name=\"your-name\"><input size=\"40\" maxlength=\"400\" class=\"wpcf7-form-control wpcf7-text wpcf7-validates-as-required\" aria-required=\"true\" aria-invalid=\"false\" value=\"\" type=\"text\" name=\"your-name\" \/><\/span> <\/label>\n<\/p>\n<p><label> Nr telefonu<br \/>\n<span class=\"wpcf7-form-control-wrap\" data-name=\"your-tel\"><input size=\"40\" maxlength=\"400\" class=\"wpcf7-form-control wpcf7-tel wpcf7-validates-as-required wpcf7-text wpcf7-validates-as-tel\" aria-required=\"true\" aria-invalid=\"false\" value=\"\" type=\"tel\" name=\"your-tel\" \/><\/span> <\/label>\n<\/p>\n<p><label> Tw\u00f3j adres e-mail<br \/>\n<span class=\"wpcf7-form-control-wrap\" data-name=\"your-email\"><input size=\"40\" maxlength=\"400\" class=\"wpcf7-form-control wpcf7-email wpcf7-validates-as-required wpcf7-text wpcf7-validates-as-email\" autocomplete=\"email\" aria-required=\"true\" aria-invalid=\"false\" value=\"\" type=\"email\" name=\"your-email\" \/><\/span> <\/label>\n<\/p>\n<p><label> Temat<br \/>\n<span class=\"wpcf7-form-control-wrap\" data-name=\"your-subject\"><input size=\"40\" maxlength=\"400\" class=\"wpcf7-form-control wpcf7-text wpcf7-validates-as-required\" aria-required=\"true\" aria-invalid=\"false\" value=\"\" type=\"text\" name=\"your-subject\" \/><\/span> <\/label>\n<\/p>\n<p><label> Twoja wiadomo\u015bci (opcjonalne)<br \/>\n<span class=\"wpcf7-form-control-wrap\" data-name=\"your-message\"><textarea cols=\"40\" rows=\"10\" maxlength=\"2000\" class=\"wpcf7-form-control wpcf7-textarea\" aria-invalid=\"false\" name=\"your-message\"><\/textarea><\/span> <\/label><br \/>\n<div id=\"cf7sr-69eb27fa98246\" class=\"cf7sr-g-hcaptcha\" data-theme=\"light\" data-size=\"normal\" data-sitekey=\"bfeade3a-a72c-4182-aa58-bad2227094d6\"><\/div><span class=\"wpcf7-form-control-wrap cf7sr-hcaptcha\" data-name=\"cf7sr-hcaptcha\"><input type=\"hidden\" name=\"cf7sr-hcaptcha\" value=\"\" class=\"wpcf7-form-control\"><\/span><br \/>\n<input class=\"wpcf7-form-control wpcf7-submit has-spinner\" type=\"submit\" value=\"Wy\u015blij\" \/>\n<\/p><div class=\"wpcf7-response-output\" aria-hidden=\"true\"><\/div>\n<input type=\"hidden\" name=\"trp-form-language\" value=\"en\"\/><\/form>\n<\/div>\n<br \/>\nInfolinia: <a href=\"tel:505899975\">505899975<\/a><br \/>\nHubert<br \/>\ntel. <a href=\"tel:503126160\">503126160<\/a><br \/>\ne-mail: <a href=\"mailto:hubert@home-finish24.pl\">hubert@home-finish24.pl<\/a><br \/>\nKaja<br \/>\ntel. <a href=\"tel:+48506163826\">506163826<\/a><br \/>\nemail: <a href=\"mailto:biuro@home-finish24.pl\">biuro@home-finish24.pl<\/a><br \/>\nNIP 6791172426<br \/>\n<iframe style=\"border: 0;\" src=\"https:\/\/www.google.com\/maps\/embed?pb=!1m18!1m12!1m3!1d2562.4162170020145!2d19.9544881!3d50.041033899999995!2m3!1f0!2f0!3f0!3m2!1i1024!2i768!4f13.1!3m3!1m2!1s0x47165b6f95fdf83b%3A0x2b7e691b29ddd109!2sHome%20Finish%20Hubert%20Babi%C5%84ski%20-%20Wyko%C5%84czenia%20wn%C4%99trz!5e0!3m2!1spl!2spl!4v1655213212638!5m2!1spl!2spl\" width=\"100%\" height=\"350\" allowfullscreen=\"allowfullscreen\"><\/iframe><\/p>","protected":false},"excerpt":{"rendered":"<p>Infolinia: 505899975 Hubert tel. 503126160 e-mail: hubert@home-finish24.pl Kaja tel. 506163826 email: biuro@home-finish24.pl NIP 6791172426<\/p>","protected":false},"author":1,"featured_media":4,"parent":0,"menu_order":0,"comment_status":"closed","ping_status":"closed","template":"","meta":{"footnotes":""},"class_list":["post-9","page","type-page","status-publish","has-post-thumbnail","hentry"],"yoast_head":"<!-- This site is optimized with the Yoast SEO plugin v21.2 - https:\/\/yoast.com\/wordpress\/plugins\/seo\/ -->\n<title>Kontakt - Home Finish - wyko\u0144czenia wn\u0119trz - Krak\u00f3w<\/title>\n<meta name=\"description\" content=\"Home Finish\u00a0- firma remontowo-budowlana | +48 505 899 975 |\u00a0biuro@home-finish24.pl\" \/>\n<meta name=\"robots\" content=\"index, follow, max-snippet:-1, max-image-preview:large, max-video-preview:-1\" \/>\n<link rel=\"canonical\" href=\"https:\/\/home-finish24.pl\/en\/kontakt\/\" \/>\n<meta property=\"og:locale\" content=\"en_GB\" \/>\n<meta property=\"og:type\" content=\"article\" \/>\n<meta property=\"og:title\" content=\"Kontakt - Home Finish - wyko\u0144czenia wn\u0119trz - Krak\u00f3w\" \/>\n<meta property=\"og:description\" content=\"Home Finish\u00a0- firma remontowo-budowlana | +48 505 899 975 |\u00a0biuro@home-finish24.pl\" \/>\n<meta property=\"og:url\" content=\"https:\/\/home-finish24.pl\/en\/kontakt\/\" \/>\n<meta property=\"og:site_name\" content=\"Remonty i wyko\u0144czenie mieszkania - Home Finish Krak\u00f3w\" \/>\n<meta property=\"article:publisher\" content=\"https:\/\/www.facebook.com\/homefinish.hubert.babinski\/\" \/>\n<meta property=\"article:modified_time\" content=\"2026-04-16T14:55:45+00:00\" \/>\n<meta property=\"og:image\" content=\"https:\/\/home-finish24.pl\/wp-content\/uploads\/2017\/11\/espresso.jpg\" \/>\n\t<meta property=\"og:image:width\" content=\"2000\" \/>\n\t<meta property=\"og:image:height\" content=\"1200\" \/>\n\t<meta property=\"og:image:type\" content=\"image\/jpeg\" \/>\n<meta name=\"twitter:card\" content=\"summary_large_image\" \/>\n<meta name=\"twitter:site\" content=\"@home_finish\" \/>\n<meta name=\"twitter:label1\" content=\"Estimated reading time\" \/>\n\t<meta name=\"twitter:data1\" content=\"1 minute\" \/>\n<script type=\"application\/ld+json\" class=\"yoast-schema-graph\">{\"@context\":\"https:\/\/schema.org\",\"@graph\":[{\"@type\":\"WebPage\",\"@id\":\"https:\/\/home-finish24.pl\/kontakt\/\",\"url\":\"https:\/\/home-finish24.pl\/kontakt\/\",\"name\":\"Kontakt - Home Finish - wyko\u0144czenia wn\u0119trz - Krak\u00f3w\",\"isPartOf\":{\"@id\":\"https:\/\/home-finish24.pl\/#website\"},\"datePublished\":\"2017-11-20T14:17:24+00:00\",\"dateModified\":\"2026-04-16T14:55:45+00:00\",\"description\":\"Home Finish\u00a0- firma remontowo-budowlana | +48 505 899 975 |\u00a0biuro@home-finish24.pl\",\"breadcrumb\":{\"@id\":\"https:\/\/home-finish24.pl\/kontakt\/#breadcrumb\"},\"inLanguage\":\"en-GB\",\"potentialAction\":[{\"@type\":\"ReadAction\",\"target\":[\"https:\/\/home-finish24.pl\/kontakt\/\"]}]},{\"@type\":\"BreadcrumbList\",\"@id\":\"https:\/\/home-finish24.pl\/kontakt\/#breadcrumb\",\"itemListElement\":[{\"@type\":\"ListItem\",\"position\":1,\"name\":\"Strona g\u0142\u00f3wna\",\"item\":\"https:\/\/home-finish24.pl\/\"},{\"@type\":\"ListItem\",\"position\":2,\"name\":\"Kontakt\"}]},{\"@type\":\"WebSite\",\"@id\":\"https:\/\/home-finish24.pl\/#website\",\"url\":\"https:\/\/home-finish24.pl\/\",\"name\":\"Remonty i wyko\u0144czenie mieszkania - Home Finish Krak\u00f3w\",\"description\":\"Kompleksowe remonty, wyko\u0144czenia wn\u0119trz mieszka\u0144 i dom\u00f3w\",\"publisher\":{\"@id\":\"https:\/\/home-finish24.pl\/#organization\"},\"potentialAction\":[{\"@type\":\"SearchAction\",\"target\":{\"@type\":\"EntryPoint\",\"urlTemplate\":\"https:\/\/home-finish24.pl\/?s={search_term_string}\"},\"query-input\":\"required name=search_term_string\"}],\"inLanguage\":\"en-GB\"},{\"@type\":\"Organization\",\"@id\":\"https:\/\/home-finish24.pl\/#organization\",\"name\":\"Home Finish\",\"url\":\"https:\/\/home-finish24.pl\/\",\"logo\":{\"@type\":\"ImageObject\",\"inLanguage\":\"en-GB\",\"@id\":\"https:\/\/home-finish24.pl\/#\/schema\/logo\/image\/\",\"url\":\"https:\/\/home-finish24.pl\/wp-content\/uploads\/2017\/11\/logo_hf-1.png\",\"contentUrl\":\"https:\/\/home-finish24.pl\/wp-content\/uploads\/2017\/11\/logo_hf-1.png\",\"width\":601,\"height\":601,\"caption\":\"Home Finish\"},\"image\":{\"@id\":\"https:\/\/home-finish24.pl\/#\/schema\/logo\/image\/\"},\"sameAs\":[\"https:\/\/www.facebook.com\/homefinish.hubert.babinski\/\",\"https:\/\/twitter.com\/home_finish\",\"https:\/\/www.instagram.com\/homefinish24\/\"]}]}<\/script>\n<!-- \/ Yoast SEO plugin. -->","yoast_head_json":{"title":"Kontakt - Home Finish - wyko\u0144czenia wn\u0119trz - Krak\u00f3w","description":"Home Finish\u00a0- firma remontowo-budowlana | +48 505 899 975 |\u00a0biuro@home-finish24.pl","robots":{"index":"index","follow":"follow","max-snippet":"max-snippet:-1","max-image-preview":"max-image-preview:large","max-video-preview":"max-video-preview:-1"},"canonical":"https:\/\/home-finish24.pl\/en\/kontakt\/","og_locale":"en_GB","og_type":"article","og_title":"Kontakt - Home Finish - wyko\u0144czenia wn\u0119trz - Krak\u00f3w","og_description":"Home Finish\u00a0- firma remontowo-budowlana | +48 505 899 975 |\u00a0biuro@home-finish24.pl","og_url":"https:\/\/home-finish24.pl\/en\/kontakt\/","og_site_name":"Remonty i wyko\u0144czenie mieszkania - Home Finish Krak\u00f3w","article_publisher":"https:\/\/www.facebook.com\/homefinish.hubert.babinski\/","article_modified_time":"2026-04-16T14:55:45+00:00","og_image":[{"width":2000,"height":1200,"url":"https:\/\/home-finish24.pl\/wp-content\/uploads\/2017\/11\/espresso.jpg","type":"image\/jpeg"}],"twitter_card":"summary_large_image","twitter_site":"@home_finish","twitter_misc":{"Estimated reading time":"1 minute"},"schema":{"@context":"https:\/\/schema.org","@graph":[{"@type":"WebPage","@id":"https:\/\/home-finish24.pl\/kontakt\/","url":"https:\/\/home-finish24.pl\/kontakt\/","name":"Kontakt - Home Finish - wyko\u0144czenia wn\u0119trz - Krak\u00f3w","isPartOf":{"@id":"https:\/\/home-finish24.pl\/#website"},"datePublished":"2017-11-20T14:17:24+00:00","dateModified":"2026-04-16T14:55:45+00:00","description":"Home Finish\u00a0- firma remontowo-budowlana | +48 505 899 975 |\u00a0biuro@home-finish24.pl","breadcrumb":{"@id":"https:\/\/home-finish24.pl\/kontakt\/#breadcrumb"},"inLanguage":"en-GB","potentialAction":[{"@type":"ReadAction","target":["https:\/\/home-finish24.pl\/kontakt\/"]}]},{"@type":"BreadcrumbList","@id":"https:\/\/home-finish24.pl\/kontakt\/#breadcrumb","itemListElement":[{"@type":"ListItem","position":1,"name":"Strona g\u0142\u00f3wna","item":"https:\/\/home-finish24.pl\/"},{"@type":"ListItem","position":2,"name":"Kontakt"}]},{"@type":"WebSite","@id":"https:\/\/home-finish24.pl\/#website","url":"https:\/\/home-finish24.pl\/","name":"Remonty i wyko\u0144czenie mieszkania - Home Finish Krak\u00f3w","description":"Kompleksowe remonty, wyko\u0144czenia wn\u0119trz mieszka\u0144 i dom\u00f3w","publisher":{"@id":"https:\/\/home-finish24.pl\/#organization"},"potentialAction":[{"@type":"SearchAction","target":{"@type":"EntryPoint","urlTemplate":"https:\/\/home-finish24.pl\/?s={search_term_string}"},"query-input":"required name=search_term_string"}],"inLanguage":"en-GB"},{"@type":"Organization","@id":"https:\/\/home-finish24.pl\/#organization","name":"Home Finish","url":"https:\/\/home-finish24.pl\/","logo":{"@type":"ImageObject","inLanguage":"en-GB","@id":"https:\/\/home-finish24.pl\/#\/schema\/logo\/image\/","url":"https:\/\/home-finish24.pl\/wp-content\/uploads\/2017\/11\/logo_hf-1.png","contentUrl":"https:\/\/home-finish24.pl\/wp-content\/uploads\/2017\/11\/logo_hf-1.png","width":601,"height":601,"caption":"Home Finish"},"image":{"@id":"https:\/\/home-finish24.pl\/#\/schema\/logo\/image\/"},"sameAs":["https:\/\/www.facebook.com\/homefinish.hubert.babinski\/","https:\/\/twitter.com\/home_finish","https:\/\/www.instagram.com\/homefinish24\/"]}]}},"dictionaries":{"dictionaries":[]},"_links":{"self":[{"href":"https:\/\/home-finish24.pl\/en\/wp-json\/wp\/v2\/pages\/9","targetHints":{"allow":["GET"]}}],"collection":[{"href":"https:\/\/home-finish24.pl\/en\/wp-json\/wp\/v2\/pages"}],"about":[{"href":"https:\/\/home-finish24.pl\/en\/wp-json\/wp\/v2\/types\/page"}],"author":[{"embeddable":true,"href":"https:\/\/home-finish24.pl\/en\/wp-json\/wp\/v2\/users\/1"}],"replies":[{"embeddable":true,"href":"https:\/\/home-finish24.pl\/en\/wp-json\/wp\/v2\/comments?post=9"}],"version-history":[{"count":18,"href":"https:\/\/home-finish24.pl\/en\/wp-json\/wp\/v2\/pages\/9\/revisions"}],"predecessor-version":[{"id":1543,"href":"https:\/\/home-finish24.pl\/en\/wp-json\/wp\/v2\/pages\/9\/revisions\/1543"}],"wp:featuredmedia":[{"embeddable":true,"href":"https:\/\/home-finish24.pl\/en\/wp-json\/wp\/v2\/media\/4"}],"wp:attachment":[{"href":"https:\/\/home-finish24.pl\/en\/wp-json\/wp\/v2\/media?parent=9"}],"curies":[{"name":"wp","href":"https:\/\/api.w.org\/{rel}","templated":true}]}}