{"id":8,"date":"2017-11-20T15:17:24","date_gmt":"2017-11-20T14:17:24","guid":{"rendered":"http:\/\/localhost\/wordpress\/?page_id=8"},"modified":"2023-08-28T11:53:05","modified_gmt":"2023-08-28T09:53:05","slug":"o-nas","status":"publish","type":"page","link":"https:\/\/home-finish24.pl\/en\/o-nas\/","title":{"rendered":"O firmie Home Finish"},"content":{"rendered":"<p align=\"justify\">Firma Home Finish oferuje kompleksowe us\u0142ugi remontowo\u2013budowlane dla Klient\u00f3w z Krakowa i okolic. Do skorzystania z naszych us\u0142ug zapraszamy zar\u00f3wno tych inwestor\u00f3w, kt\u00f3rzy wybudowali nowy dom lub kupili nowe mieszkanie i potrzebuj\u0105 je wyko\u0144czy\u0107, jak i tych, kt\u00f3rzy planuj\u0105 co\u015b zmieni\u0107 w obecnych czterech \u015bcianach. <strong>Ka\u017cde zlecenie traktujemy indywidualnie, opracowuj\u0105c najkorzystniejszy dla Klienta plan dzia\u0142ania<\/strong>. Poszczeg\u00f3lne prace wykonuj\u0105 nasi do\u015bwiadczeni fachowcy, kt\u00f3rzy u\u017cywaj\u0105 niezawodnego sprz\u0119tu.<\/p>\n<h2 align=\"justify\">Etapy wsp\u00f3\u0142pracy z firm\u0105 Home Finish<\/h2>\n<p align=\"justify\">Etapy wsp\u00f3\u0142pracy z firm\u0105 Home Finish to:<\/p>\n<ul>\n<li>\n<p align=\"justify\">wykonanie projektu,<\/p>\n<\/li>\n<li>\n<p align=\"justify\">dob\u00f3r odpowiednich materia\u0142\u00f3w,<\/p>\n<\/li>\n<li>\n<p align=\"justify\">prace wykonawcze.<\/p>\n<\/li>\n<\/ul>\n<p align=\"justify\">Priorytetem jest dla nas wizja naszych Klient\u00f3w, kt\u00f3r\u0105 konfrontujemy ze stanem faktycznym oraz mo\u017cliwo\u015bciami danego obiektu. Je\u015bli jeste\u015b zainteresowany wsp\u00f3\u0142prac\u0105, zapoznaj si\u0119 z naszymi dotychczasowymi realizacjami. Mo\u017cemy pochwali\u0107 si\u0119 licznymi pomy\u015blnie zrealizowanymi zleceniami zar\u00f3wno dla klient\u00f3w indywidualnych, jak i biznesowych. W zakres naszej oferty <a href=\"\/en\/oferta\/\">us\u0142ug remontowo-budowlanych<\/a>&nbsp;wchodz\u0105 mi\u0119dzy innymi:<\/p>\n<ul>\n<li>\n<p align=\"justify\">remonty dom\u00f3w i mieszka\u0144,<\/p>\n<\/li>\n<li>\n<p align=\"justify\">remonty biurowc\u00f3w i lokali us\u0142ugowych,<\/p>\n<\/li>\n<li>\n<p align=\"justify\">adaptowanie pomieszcze\u0144 gospodarczych,<\/p>\n<\/li>\n<li>\n<p align=\"justify\">wykonywanie instalacji elektrycznych, poszerzone o realizacj\u0119 niezb\u0119dnych pomiar\u00f3w,<\/p>\n<\/li>\n<li>\n<p align=\"justify\">wykonywanie instalacji wodno-kanalizacyjnych,<\/p>\n<\/li>\n<li>\n<p align=\"justify\">prace malarskie i tapetowanie,<\/p>\n<\/li>\n<li>\n<p align=\"justify\">monta\u017c \u015bcian gipsowo-kartonowych,<\/p>\n<\/li>\n<li>\n<p align=\"justify\">monta\u017c sufit\u00f3w podwieszanych,<\/p>\n<\/li>\n<li>\n<p align=\"justify\">uk\u0142adanie paneli pod\u0142ogowych.<\/p>\n<\/li>\n<\/ul>\n<p align=\"justify\">Mo\u017cesz te\u017c liczy\u0107 na zrealizowanie wielu innych prac, jakie zawsze s\u0105 wyznaczone indywidualnie. <strong>Skontaktuj si\u0119 z nami i powiedz, co potrzebujesz zrobi\u0107, a przedstawimy Ci odpowiedni plan dzia\u0142ania<\/strong>. Niezale\u017cnie od zakresu zlecenia zostanie ono zrealizowane terminowo i zgodnie ze sztuk\u0105.<\/p>\n<h2 align=\"justify\">Dlaczego warto nawi\u0105za\u0107 wsp\u00f3\u0142prac\u0119 z Home Finish?<\/h2>\n<ol>\n<li>\n<p align=\"justify\"><strong>Kompleksowe us\u0142ugi<\/strong> \u2013 z nami wyko\u0144czysz mieszkanie od A do Z. Wykonamy projekt, dobierzemy materia\u0142y i przeprowadzimy wszystkie niezb\u0119dne prace, dzi\u0119ki czemu nie b\u0119dziesz musia\u0142 na w\u0142asn\u0105 r\u0119k\u0119 szuka\u0107 fachowc\u00f3w z poszczeg\u00f3lnych dziedzin.<\/p>\n<\/li>\n<li>\n<p align=\"justify\"><strong>Oszcz\u0119dno\u015b\u0107 czasu<\/strong> \u2013 zdejmujemy z bark\u00f3w naszych Klient\u00f3w jak najwi\u0119cej obowi\u0105zk\u00f3w zwi\u0105zanych z remontem. Cenimy Tw\u00f3j czas i nie b\u0119dziemy Ci\u0119 niepotrzebnie anga\u017cowa\u0107 w techniczne sprawy \u2013 mo\u017cesz zostawi\u0107 je nam, w ko\u0144cu si\u0119 na nich znamy.<\/p>\n<\/li>\n<li>\n<p align=\"justify\"><strong>Umiej\u0119tno\u015bci<\/strong> \u2013 dysponujemy kilkoma ekipami specjalist\u00f3w z r\u00f3\u017cnych dziedzin, kt\u00f3rzy maj\u0105 na swoim koncie wiele pomy\u015blnie zrealizowanych remont\u00f3w. Nie boimy si\u0119 wyzwa\u0144 \u2013 je\u015bli my\u015blisz, \u017ce co\u015b jest nie do zrobienia, na pewno znajdziemy jaki\u015b spos\u00f3b.<\/p>\n<\/li>\n<li>\n<p align=\"justify\"><strong>Terminowo\u015b\u0107<\/strong> \u2013 wiemy, jak wa\u017cna dla naszych Klient\u00f3w jest terminowo\u015b\u0107. Z tego powodu po ustaleniu zakresu prac przedstawimy Ci realistyczny harmonogram, kt\u00f3rego przestrzeganie b\u0119dzie dla nas najwy\u017cszym priorytetem.<\/p>\n<\/li>\n<li>\n<p align=\"justify\"><strong>Rzetelno\u015b\u0107<\/strong> \u2013 uczciwo\u015b\u0107 to podstawa udanej wsp\u00f3\u0142pracy. Wywi\u0105zujemy si\u0119 z zawartych um\u00f3w. W przypadku jakichkolwiek nieprzewidzianych okoliczno\u015bci skontaktujemy si\u0119 z Tob\u0105, aby wytyczy\u0107 nowy kierunek dzia\u0142ania.<\/p>\n<\/li>\n<\/ol>","protected":false},"excerpt":{"rendered":"<p>Firma Home Finish oferuje kompleksowe us\u0142ugi remontowo\u2013budowlane dla Klient\u00f3w z Krakowa i okolic. Do skorzystania z naszych us\u0142ug zapraszamy zar\u00f3wno tych inwestor\u00f3w, kt\u00f3rzy wybudowali nowy dom lub kupili nowe mieszkanie i potrzebuj\u0105 je wyko\u0144czy\u0107, jak i tych, kt\u00f3rzy planuj\u0105 co\u015b zmieni\u0107 w obecnych czterech \u015bcianach. Ka\u017cde zlecenie traktujemy indywidualnie, opracowuj\u0105c najkorzystniejszy dla Klienta plan dzia\u0142ania. [&hellip;]<\/p>\n","protected":false},"author":1,"featured_media":346,"parent":0,"menu_order":0,"comment_status":"closed","ping_status":"closed","template":"","meta":{"footnotes":""},"class_list":["post-8","page","type-page","status-publish","has-post-thumbnail","hentry"],"yoast_head":"<!-- This site is optimized with the Yoast SEO plugin v21.2 - https:\/\/yoast.com\/wordpress\/plugins\/seo\/ -->\n<title>O nas - us\u0142ugi remontowo\u2013budowlane - Home Finish<\/title>\n<meta name=\"description\" content=\"O firmie Home Finish \u2714\ufe0f Sprawd\u017a nasz\u0105 ofert\u0119 \u2714\ufe0f Us\u0142ugi remontowo - budowlane \u2714\ufe0f Dowiedz si\u0119 wi\u0119cej!\" \/>\n<meta name=\"robots\" content=\"index, follow, max-snippet:-1, max-image-preview:large, max-video-preview:-1\" \/>\n<link rel=\"canonical\" href=\"https:\/\/home-finish24.pl\/en\/o-nas\/\" \/>\n<meta property=\"og:locale\" content=\"en_GB\" \/>\n<meta property=\"og:type\" content=\"article\" \/>\n<meta property=\"og:title\" content=\"O nas - us\u0142ugi remontowo\u2013budowlane - Home Finish\" \/>\n<meta property=\"og:description\" content=\"O firmie Home Finish \u2714\ufe0f Sprawd\u017a nasz\u0105 ofert\u0119 \u2714\ufe0f Us\u0142ugi remontowo - budowlane \u2714\ufe0f Dowiedz si\u0119 wi\u0119cej!\" \/>\n<meta property=\"og:url\" content=\"https:\/\/home-finish24.pl\/en\/o-nas\/\" \/>\n<meta property=\"og:site_name\" content=\"Remonty i wyko\u0144czenie mieszkania - Home Finish Krak\u00f3w\" \/>\n<meta property=\"article:publisher\" content=\"https:\/\/www.facebook.com\/homefinish.hubert.babinski\/\" \/>\n<meta property=\"article:modified_time\" content=\"2023-08-28T09:53:05+00:00\" \/>\n<meta property=\"og:image\" content=\"https:\/\/home-finish24.pl\/wp-content\/uploads\/2020\/07\/firma-remontowa-krakow-e1596011141874.jpg\" \/>\n\t<meta property=\"og:image:width\" content=\"1280\" \/>\n\t<meta property=\"og:image:height\" content=\"633\" \/>\n\t<meta property=\"og:image:type\" content=\"image\/jpeg\" \/>\n<meta name=\"twitter:card\" content=\"summary_large_image\" \/>\n<meta name=\"twitter:site\" content=\"@home_finish\" \/>\n<meta name=\"twitter:label1\" content=\"Estimated reading time\" \/>\n\t<meta name=\"twitter:data1\" content=\"3 minutes\" \/>\n<script type=\"application\/ld+json\" class=\"yoast-schema-graph\">{\"@context\":\"https:\/\/schema.org\",\"@graph\":[{\"@type\":\"WebPage\",\"@id\":\"https:\/\/home-finish24.pl\/o-nas\/\",\"url\":\"https:\/\/home-finish24.pl\/o-nas\/\",\"name\":\"O nas - us\u0142ugi remontowo\u2013budowlane - Home Finish\",\"isPartOf\":{\"@id\":\"https:\/\/home-finish24.pl\/#website\"},\"datePublished\":\"2017-11-20T14:17:24+00:00\",\"dateModified\":\"2023-08-28T09:53:05+00:00\",\"description\":\"O firmie Home Finish \u2714\ufe0f Sprawd\u017a nasz\u0105 ofert\u0119 \u2714\ufe0f Us\u0142ugi remontowo - budowlane \u2714\ufe0f Dowiedz si\u0119 wi\u0119cej!\",\"breadcrumb\":{\"@id\":\"https:\/\/home-finish24.pl\/o-nas\/#breadcrumb\"},\"inLanguage\":\"en-GB\",\"potentialAction\":[{\"@type\":\"ReadAction\",\"target\":[\"https:\/\/home-finish24.pl\/o-nas\/\"]}]},{\"@type\":\"BreadcrumbList\",\"@id\":\"https:\/\/home-finish24.pl\/o-nas\/#breadcrumb\",\"itemListElement\":[{\"@type\":\"ListItem\",\"position\":1,\"name\":\"Strona g\u0142\u00f3wna\",\"item\":\"https:\/\/home-finish24.pl\/\"},{\"@type\":\"ListItem\",\"position\":2,\"name\":\"O firmie Home Finish\"}]},{\"@type\":\"WebSite\",\"@id\":\"https:\/\/home-finish24.pl\/#website\",\"url\":\"https:\/\/home-finish24.pl\/\",\"name\":\"Remonty i wyko\u0144czenie mieszkania - Home Finish Krak\u00f3w\",\"description\":\"Kompleksowe remonty, wyko\u0144czenia wn\u0119trz mieszka\u0144 i dom\u00f3w\",\"publisher\":{\"@id\":\"https:\/\/home-finish24.pl\/#organization\"},\"potentialAction\":[{\"@type\":\"SearchAction\",\"target\":{\"@type\":\"EntryPoint\",\"urlTemplate\":\"https:\/\/home-finish24.pl\/?s={search_term_string}\"},\"query-input\":\"required name=search_term_string\"}],\"inLanguage\":\"en-GB\"},{\"@type\":\"Organization\",\"@id\":\"https:\/\/home-finish24.pl\/#organization\",\"name\":\"Home Finish\",\"url\":\"https:\/\/home-finish24.pl\/\",\"logo\":{\"@type\":\"ImageObject\",\"inLanguage\":\"en-GB\",\"@id\":\"https:\/\/home-finish24.pl\/#\/schema\/logo\/image\/\",\"url\":\"https:\/\/home-finish24.pl\/wp-content\/uploads\/2017\/11\/logo_hf-1.png\",\"contentUrl\":\"https:\/\/home-finish24.pl\/wp-content\/uploads\/2017\/11\/logo_hf-1.png\",\"width\":601,\"height\":601,\"caption\":\"Home Finish\"},\"image\":{\"@id\":\"https:\/\/home-finish24.pl\/#\/schema\/logo\/image\/\"},\"sameAs\":[\"https:\/\/www.facebook.com\/homefinish.hubert.babinski\/\",\"https:\/\/twitter.com\/home_finish\",\"https:\/\/www.instagram.com\/homefinish24\/\"]}]}<\/script>\n<!-- \/ Yoast SEO plugin. -->","yoast_head_json":{"title":"O nas - us\u0142ugi remontowo\u2013budowlane - Home Finish","description":"O firmie Home Finish \u2714\ufe0f Sprawd\u017a nasz\u0105 ofert\u0119 \u2714\ufe0f Us\u0142ugi remontowo - budowlane \u2714\ufe0f Dowiedz si\u0119 wi\u0119cej!","robots":{"index":"index","follow":"follow","max-snippet":"max-snippet:-1","max-image-preview":"max-image-preview:large","max-video-preview":"max-video-preview:-1"},"canonical":"https:\/\/home-finish24.pl\/en\/o-nas\/","og_locale":"en_GB","og_type":"article","og_title":"O nas - us\u0142ugi remontowo\u2013budowlane - Home Finish","og_description":"O firmie Home Finish \u2714\ufe0f Sprawd\u017a nasz\u0105 ofert\u0119 \u2714\ufe0f Us\u0142ugi remontowo - budowlane \u2714\ufe0f Dowiedz si\u0119 wi\u0119cej!","og_url":"https:\/\/home-finish24.pl\/en\/o-nas\/","og_site_name":"Remonty i wyko\u0144czenie mieszkania - Home Finish Krak\u00f3w","article_publisher":"https:\/\/www.facebook.com\/homefinish.hubert.babinski\/","article_modified_time":"2023-08-28T09:53:05+00:00","og_image":[{"width":1280,"height":633,"url":"https:\/\/home-finish24.pl\/wp-content\/uploads\/2020\/07\/firma-remontowa-krakow-e1596011141874.jpg","type":"image\/jpeg"}],"twitter_card":"summary_large_image","twitter_site":"@home_finish","twitter_misc":{"Estimated reading time":"3 minutes"},"schema":{"@context":"https:\/\/schema.org","@graph":[{"@type":"WebPage","@id":"https:\/\/home-finish24.pl\/o-nas\/","url":"https:\/\/home-finish24.pl\/o-nas\/","name":"O nas - us\u0142ugi remontowo\u2013budowlane - Home Finish","isPartOf":{"@id":"https:\/\/home-finish24.pl\/#website"},"datePublished":"2017-11-20T14:17:24+00:00","dateModified":"2023-08-28T09:53:05+00:00","description":"O firmie Home Finish \u2714\ufe0f Sprawd\u017a nasz\u0105 ofert\u0119 \u2714\ufe0f Us\u0142ugi remontowo - budowlane \u2714\ufe0f Dowiedz si\u0119 wi\u0119cej!","breadcrumb":{"@id":"https:\/\/home-finish24.pl\/o-nas\/#breadcrumb"},"inLanguage":"en-GB","potentialAction":[{"@type":"ReadAction","target":["https:\/\/home-finish24.pl\/o-nas\/"]}]},{"@type":"BreadcrumbList","@id":"https:\/\/home-finish24.pl\/o-nas\/#breadcrumb","itemListElement":[{"@type":"ListItem","position":1,"name":"Strona g\u0142\u00f3wna","item":"https:\/\/home-finish24.pl\/"},{"@type":"ListItem","position":2,"name":"O firmie Home Finish"}]},{"@type":"WebSite","@id":"https:\/\/home-finish24.pl\/#website","url":"https:\/\/home-finish24.pl\/","name":"Remonty i wyko\u0144czenie mieszkania - Home Finish Krak\u00f3w","description":"Kompleksowe remonty, wyko\u0144czenia wn\u0119trz mieszka\u0144 i dom\u00f3w","publisher":{"@id":"https:\/\/home-finish24.pl\/#organization"},"potentialAction":[{"@type":"SearchAction","target":{"@type":"EntryPoint","urlTemplate":"https:\/\/home-finish24.pl\/?s={search_term_string}"},"query-input":"required name=search_term_string"}],"inLanguage":"en-GB"},{"@type":"Organization","@id":"https:\/\/home-finish24.pl\/#organization","name":"Home Finish","url":"https:\/\/home-finish24.pl\/","logo":{"@type":"ImageObject","inLanguage":"en-GB","@id":"https:\/\/home-finish24.pl\/#\/schema\/logo\/image\/","url":"https:\/\/home-finish24.pl\/wp-content\/uploads\/2017\/11\/logo_hf-1.png","contentUrl":"https:\/\/home-finish24.pl\/wp-content\/uploads\/2017\/11\/logo_hf-1.png","width":601,"height":601,"caption":"Home Finish"},"image":{"@id":"https:\/\/home-finish24.pl\/#\/schema\/logo\/image\/"},"sameAs":["https:\/\/www.facebook.com\/homefinish.hubert.babinski\/","https:\/\/twitter.com\/home_finish","https:\/\/www.instagram.com\/homefinish24\/"]}]}},"dictionaries":{"dictionaries":[]},"_links":{"self":[{"href":"https:\/\/home-finish24.pl\/en\/wp-json\/wp\/v2\/pages\/8","targetHints":{"allow":["GET"]}}],"collection":[{"href":"https:\/\/home-finish24.pl\/en\/wp-json\/wp\/v2\/pages"}],"about":[{"href":"https:\/\/home-finish24.pl\/en\/wp-json\/wp\/v2\/types\/page"}],"author":[{"embeddable":true,"href":"https:\/\/home-finish24.pl\/en\/wp-json\/wp\/v2\/users\/1"}],"replies":[{"embeddable":true,"href":"https:\/\/home-finish24.pl\/en\/wp-json\/wp\/v2\/comments?post=8"}],"version-history":[{"count":59,"href":"https:\/\/home-finish24.pl\/en\/wp-json\/wp\/v2\/pages\/8\/revisions"}],"predecessor-version":[{"id":587,"href":"https:\/\/home-finish24.pl\/en\/wp-json\/wp\/v2\/pages\/8\/revisions\/587"}],"wp:featuredmedia":[{"embeddable":true,"href":"https:\/\/home-finish24.pl\/en\/wp-json\/wp\/v2\/media\/346"}],"wp:attachment":[{"href":"https:\/\/home-finish24.pl\/en\/wp-json\/wp\/v2\/media?parent=8"}],"curies":[{"name":"wp","href":"https:\/\/api.w.org\/{rel}","templated":true}]}}