{"id":555,"date":"2022-06-14T11:00:00","date_gmt":"2022-06-14T09:00:00","guid":{"rendered":"https:\/\/home-finish24.pl\/?page_id=555"},"modified":"2023-11-03T10:48:02","modified_gmt":"2023-11-03T09:48:02","slug":"wykonczenia-wnetrz","status":"publish","type":"page","link":"https:\/\/home-finish24.pl\/en\/oferta\/wykonczenia-wnetrz\/","title":{"rendered":"Wyka\u0144czanie wn\u0119trz w Krakowie i okolicach"},"content":{"rendered":"<div class=\"wp-block-columns is-layout-flex wp-container-core-columns-is-layout-28f84493 wp-block-columns-is-layout-flex\">\n<div class=\"wp-block-column is-layout-flow wp-block-column-is-layout-flow\" style=\"flex-basis:33.33%\">\n<div class=\"wp-block-buttons alignfull is-layout-flex wp-block-buttons-is-layout-flex\">\n<div class=\"wp-block-button aligncenter\"><a class=\"wp-block-button__link wp-element-button\" href=\"tel:+48503126160\">tel: 503126160<\/a><\/div>\n\n\n\n<div class=\"wp-block-button aligncenter\"><a class=\"wp-block-button__link wp-element-button\" href=\"mailto: biuro@home-finish24.pl\">e-mail<\/a><\/div>\n<\/div>\n\n\n\n<p>Potrzebujesz wyko\u0144czenia wn\u0119trz w Krakowie i okolicach? Skontaktuj si\u0119 z nami lub odwied\u017a nasz\u0105 firm\u0119!<\/p>\n<\/div>\n\n\n\n<div class=\"wp-block-column is-layout-flow wp-block-column-is-layout-flow\" style=\"flex-basis:66.66%\">\n<center><iframe src=\"https:\/\/www.google.com\/maps\/embed?pb=!1m14!1m8!1m3!1d10249.664868008058!2d19.9544881!3d50.0410339!3m2!1i1024!2i768!4f13.1!3m3!1m2!1s0x47165b6f95fdf83b%3A0x2b7e691b29ddd109!2sHome%20Finish%20Hubert%20Babi%C5%84ski%20-%20Wyko%C5%84czenia%20wn%C4%99trz!5e0!3m2!1spl!2spl!4v1693217288702!5m2!1spl!2spl\" width=\"400\" height=\"300\" style=\"border:0;\" allowfullscreen=\"\" loading=\"lazy\" referrerpolicy=\"no-referrer-when-downgrade\"><\/iframe><\/center>\n<\/div>\n<\/div>\n\n\n\n<h2 class=\"wp-block-heading\">Kompleksowe wyko\u0144czenia mieszka\u0144 w Krakowie i okolicach \u2014 najlepsi projektanci wn\u0119trz<\/h2>\n\n\n\n<p>Oferujemy <strong>solidne wyko\u0144czenia wn\u0119trz <\/strong>oraz szeroki<strong> zakres prac remontowych <\/strong>w Krakowie i okolicach. Zajmujemy si\u0119 wyka\u0144czaniem:<\/p>\n\n\n\n<ul class=\"wp-block-list\">\n<li>mieszka\u0144,<\/li>\n\n\n\n<li>dom\u00f3w,<\/li>\n\n\n\n<li>lokali u\u017cytkowych: biurowych, handlowo-us\u0142ugowych i gastronomicznych.<\/li>\n<\/ul>\n\n\n\n<p>Dzia\u0142amy kompleksowo, aby u\u0142atwi\u0107 inwestorom przygotowanie lokalu do zamieszkania lub u\u017cytkowania w inny spos\u00f3b i odci\u0105\u017cy\u0107 ich w za\u0142atwianiu problematycznych kwestii.<\/p>\n\n\n\n<p><strong>Dobry wykonawca <\/strong>zminimalizuje stres zwi\u0105zany z realizacj\u0105 projektu. Wsp\u00f3lnie ustalimy, jak maj\u0105 wygl\u0105da\u0107 poszczeg\u00f3lne pomieszczenia, dobierzemy odpowiednie materia\u0142y oraz przeprowadzimy wszelkie niezb\u0119dne prace. Zajmiemy si\u0119 <strong>kompleksowym remontem<\/strong>. Zapewniamy szczeg\u00f3\u0142owy harmonogram prac, kt\u00f3rego bezwzgl\u0119dnie si\u0119 trzymamy. Dok\u0142adamy wszelkich stara\u0144, by wsp\u00f3\u0142praca zako\u0144czy\u0142a si\u0119 w planowanym terminie.<\/p>\n\n\n\n<figure class=\"wp-block-image aligncenter size-full is-resized\"><img fetchpriority=\"high\" decoding=\"async\" width=\"724\" height=\"483\" src=\"https:\/\/home-finish24.pl\/wp-content\/uploads\/2023\/03\/remont-domu.jpg\" alt=\"remont domu krak\u00f3w\" class=\"wp-image-644\" style=\"aspect-ratio:1.4989648033126295;width:506px;height:auto\" srcset=\"https:\/\/home-finish24.pl\/wp-content\/uploads\/2023\/03\/remont-domu.jpg 724w, https:\/\/home-finish24.pl\/wp-content\/uploads\/2023\/03\/remont-domu-300x200.jpg 300w\" sizes=\"(max-width: 724px) 100vw, 724px\" \/><\/figure>\n\n\n\n<h2 class=\"wp-block-heading\">Dlaczego warto powierzy\u0107 nam kompleksowe wyko\u0144czenia wn\u0119trz?<\/h2>\n\n\n\n<p>Je\u017celi wn\u0119trze wymaga od\u015bwie\u017cenia, remontu lub wyko\u0144czenia, najlepszym rozwi\u0105zaniem b\u0119dzie zatrudnienie do\u015bwiadczonej ekipy remontowej takiej jak nasza! To wcale nie jest najdro\u017csze wyj\u015bcie! Powierzaj\u0105c <strong>kompleksowe wyko\u0144czenia wn\u0119trz<\/strong> zewn\u0119trznej firmie:<\/p>\n\n\n\n<ul class=\"wp-block-list\">\n<li>zaoszcz\u0119dzisz na kosztach zakupu lub wynaj\u0119cia kosztownego sprz\u0119tu,<\/li>\n\n\n\n<li>unikniesz pomy\u0142ek zwi\u0105zanych z przeszacowaniem potrzebnych materia\u0142\u00f3w,<\/li>\n\n\n\n<li>zaoszcz\u0119dzisz czas,<\/li>\n\n\n\n<li>ograniczysz liczb\u0119 sytuacji stresowych w Twoim \u017cyciu.<\/li>\n<\/ul>\n\n\n\n<p>My zajmiemy si\u0119 wyko\u0144czeniem mieszkania, a Ty w tym czasie zajmiesz si\u0119 prac\u0105, rodzin\u0105 lub innymi przyjemno\u015bciami.<\/p>\n\n\n\n<p>Dzi\u0119ki naszym us\u0142ugom wyko\u0144czeniowym spe\u0142nisz marzenia o idealnej<strong> aran\u017cacji wn\u0119trz<\/strong>. Wszystkie prace ko\u0144czymy w wyznaczonym terminie, mieszcz\u0105c si\u0119 w zaplanowanym bud\u017cecie. \u015awiadczymy rzetelne <strong>us\u0142ugi projektowania mieszka\u0144<\/strong>, dzi\u0119ki kt\u00f3rym b\u0119dziesz m\u00f3g\u0142 uwzgl\u0119dni\u0107 wszystkie swoje plany i oczekiwania. Przeprowadzimy niezb\u0119dne prace remontowe. Zajmiemy si\u0119 wszystkim w konkurencyjnych cenach!<\/p>\n\n\n\n<p>Doradzimy Ci w wyborze styl\u00f3w wyko\u0144czenia wn\u0119trz. Mo\u017cesz liczy\u0107 na nasze wsparcie przy zakupie odpowiednich materia\u0142\u00f3w, kt\u00f3re s\u0105 funkcjonalne, trwa\u0142e, modne oraz estetyczne. Nie musisz ju\u017c podejmowa\u0107 samodzielnie decyzji technicznych. My odpowiadamy za bezpiecze\u0144stwo, jako\u015b\u0107, terminowe dostawy, <strong>sprawny transport materia\u0142\u00f3w<\/strong> i pilnowanie termin\u00f3w realizacji poszczeg\u00f3lnych etap\u00f3w kompleksowego wyko\u0144czenia wn\u0119trz.<\/p>\n\n\n\n<h2 class=\"wp-block-heading\">Wyko\u0144czenie mieszkania deweloperskiego w Krakowie \u2014 kompleksowe projektowanie i wyko\u0144czenia domu<\/h2>\n\n\n\n<p>W\u0142a\u015bnie odebra\u0142e\u015b mieszkanie w stanie deweloperskim i zastanawiasz si\u0119, od czego rozpocz\u0105\u0107 jego wyko\u0144czenie? Skontaktuj si\u0119 z nami, a pomy\u015blimy o tym za Ciebie! <strong>Wyko\u0144czenie mieszkania deweloperskiego to nasza specjalno\u015b\u0107<\/strong>. Przygotujemy projekt uwzgl\u0119dniaj\u0105cy Twoje potrzeby, a po jego akceptacji wykonamy wszelkie niezb\u0119dne prace: wyko\u0144czymy \u015bciany i pod\u0142ogi, zamontujemy o\u015bcie\u017cnice, wstawimy drzwi wewn\u0119trzne oraz niezb\u0119dne wyposa\u017cenie. W razie potrzeby dodamy nowe \u015bcianki dzia\u0142owe i zamontujemy podwieszany sufit. Na Twoje \u017cyczenie przygotujemy tak\u017ce <a href=\"https:\/\/home-finish24.pl\/en\/meble-na-wymiar\/meble-kuchenne\/\"><u>meble na wymiar do kuchni<\/u><\/a>, sypialni, \u0142azienki lub innego pomieszczenia. Po zako\u0144czeniu prac skontaktujemy si\u0119 z Tob\u0105, aby\u015b m\u00f3g\u0142 zweryfikowa\u0107, czy wszystko wygl\u0105da dok\u0142adnie tak, jak ustalili\u015bmy. Je\u015bli tak, wprowadzisz si\u0119 do swojego wymarzonego mieszkania.<\/p>\n\n\n\n<h2 class=\"wp-block-heading\"><strong>Projekty wyko\u0144czenia mieszka\u0144 <\/strong>\u2014<strong> kompleksowy projekt wn\u0119trz<\/strong><\/h2>\n\n\n\n<p>Tworzenie projekt\u00f3w wyko\u0144czenia mieszka\u0144 to nie tylko estetyka, ale przede wszystkim funkcjonalno\u015b\u0107 i dopasowanie do potrzeb mieszka\u0144c\u00f3w. Nasz zesp\u00f3\u0142 ekspert\u00f3w dba o to, by ka\u017cdy metr kwadratowy by\u0142 optymalnie wykorzystany. Wsp\u00f3\u0142pracujemy z najlepszymi dostawcami materia\u0142\u00f3w oraz produkujemy meble na wymiar. Nasze projekty charakteryzuj\u0105 si\u0119 nowoczesnym podej\u015bciem do designu. Uwzgl\u0119dniamy indywidualne preferencje klienta.<\/p>\n\n\n\n<figure class=\"wp-block-image aligncenter size-full is-resized\"><img decoding=\"async\" width=\"724\" height=\"483\" src=\"https:\/\/home-finish24.pl\/wp-content\/uploads\/2022\/10\/aranzacja-mieszkania.jpg\" alt=\"aran\u017cacja mieszkania\" class=\"wp-image-615\" style=\"aspect-ratio:1.4989648033126295;width:518px;height:auto\" srcset=\"https:\/\/home-finish24.pl\/wp-content\/uploads\/2022\/10\/aranzacja-mieszkania.jpg 724w, https:\/\/home-finish24.pl\/wp-content\/uploads\/2022\/10\/aranzacja-mieszkania-300x200.jpg 300w\" sizes=\"(max-width: 724px) 100vw, 724px\" \/><\/figure>\n\n\n\n<h2 class=\"wp-block-heading\">Mieszkania pod klucz \u2014 projektowanie wn\u0119trz<\/h2>\n\n\n\n<p>Oferuj\u0105c mieszkania pod klucz, k\u0142adziemy nacisk na pe\u0142ne zrozumienie wizji i oczekiwa\u0144 naszych klient\u00f3w. Tworzymy projekty wn\u0119trz, dbaj\u0105c o ka\u017cdy detal. U nas nie musisz martwi\u0107 si\u0119 o poszczeg\u00f3lne etapy realizacji. Wsp\u00f3\u0142pracujemy z zaufanymi dostawcami. Gwarantujemy najwy\u017csz\u0105 jako\u015b\u0107 wykonania i trwa\u0142o\u015b\u0107 zastosowanych rozwi\u0105za\u0144. Mieszkania pod klucz to idealne rozwi\u0105zanie dla tych, kt\u00f3rzy ceni\u0105 sobie komfort oraz oszcz\u0119dno\u015b\u0107 czasu.<\/p>\n\n\n\n<h2 class=\"wp-block-heading\">Firma wyko\u0144czeniowa \u2014 ekskluzywne wyko\u0144czenia wn\u0119trz<\/h2>\n\n\n\n<p>Specjalizujemy si\u0119 w projektowaniu, <strong>ekskluzywnym wyka\u0144czaniu wn\u0119trz <\/strong>i <strong>pracach budowlanych<\/strong>, kt\u00f3re odzwierciedlaj\u0105 najnowsze trendy w designie. Dostosowujemy si\u0119 do preferencji klienta, doradzamy oraz proponujemy innowacyjne rozwi\u0105zania. Wykorzystujemy dobre jako\u015bci, wytrzyma\u0142e materia\u0142y. Z nami wprowadzisz odrobin\u0119 luksusu do Twojej nieruchomo\u015bci.<\/p>\n\n\n\n<h3 class=\"wp-block-heading\">Ile kosztuje wyko\u0144czenie mieszkania?<\/h3>\n\n\n\n<p><strong>Koszt wyko\u0144czenia <\/strong>zale\u017cy od wielu czynnik\u00f3w, takich jak:<\/p>\n\n\n\n<ul class=\"wp-block-list\">\n<li>metra\u017c,<\/li>\n\n\n\n<li>wybrane komponenty,<\/li>\n\n\n\n<li>stopie\u0144 skomplikowania prac.<\/li>\n<\/ul>\n\n\n\n<p><strong>Wyb\u00f3r<\/strong> luksusowych <strong>materia\u0142\u00f3w wyko\u0144czeniowych<\/strong> i specjalistycznych rozwi\u0105za\u0144 podnosi cen\u0119. Przed rozpocz\u0119ciem prac dok\u0142adnie okre\u015bl zakres prac oraz bud\u017cet, aby unikn\u0105\u0107 niespodziewanych wydatk\u00f3w w trakcie realizacji. Skonsultuj si\u0119 z <strong>projektantem wn\u0119trz w Krakowie<\/strong>, kt\u00f3ry pomo\u017ce Ci oszacowa\u0107 potencjalne koszty, a tak\u017ce doradzi w kwestii optymalizacji wydatk\u00f3w. Pami\u0119taj, \u017ce inwestycja w profesjonalny <strong>remont mieszkania<\/strong> przek\u0142ada si\u0119 na Tw\u00f3j komfort mieszkania i warto\u015b\u0107 nieruchomo\u015bci w przysz\u0142o\u015bci.<\/p>\n\n\n\n<figure class=\"wp-block-image aligncenter size-full is-resized\"><img decoding=\"async\" width=\"1000\" height=\"667\" src=\"https:\/\/home-finish24.pl\/wp-content\/uploads\/2017\/11\/IMG_7772.jpg\" alt=\"projektowanie wn\u0119trz krak\u00f3w\" class=\"wp-image-124\" style=\"aspect-ratio:1.4992503748125936;width:599px;height:auto\" srcset=\"https:\/\/home-finish24.pl\/wp-content\/uploads\/2017\/11\/IMG_7772.jpg 1000w, https:\/\/home-finish24.pl\/wp-content\/uploads\/2017\/11\/IMG_7772-300x200.jpg 300w, https:\/\/home-finish24.pl\/wp-content\/uploads\/2017\/11\/IMG_7772-768x512.jpg 768w\" sizes=\"(max-width: 1000px) 100vw, 1000px\" \/><\/figure>\n\n\n\n<h3 class=\"wp-block-heading\">Projekt aran\u017cacji wn\u0119trz \u2014 pe\u0142ny zakres prac<\/h3>\n\n\n\n<p><strong>Projekt wyko\u0144czenia wn\u0119trz <\/strong>\u0142\u0105czy w sobie estetyk\u0119, funkcjonalno\u015b\u0107 i dostosowanie przestrzeni do potrzeb mieszka\u0144c\u00f3w. Nasi specjali\u015bci analizuj\u0105 metra\u017c, uk\u0142ad pomieszcze\u0144 oraz oczekiwania klienta, aby stworzy\u0107 sp\u00f3jny, praktyczny plan. Nowoczesne technologie pozwalaj\u0105 na wizualizacj\u0119 propozycji jeszcze przed rozpocz\u0119ciem prac. Dzi\u0119ki temu mo\u017cna wprowadzi\u0107 ewentualnych zmian przed rozpocz\u0119ciem remontu. <strong>Projekt mieszkania <\/strong>wi\u0105\u017ce si\u0119 z doborem odpowiednich materia\u0142\u00f3w i kolorystyki, kt\u00f3re b\u0119d\u0105 harmonijnie wsp\u00f3\u0142gra\u0142y z ca\u0142o\u015bci\u0105.<\/p>\n\n\n\n<h3 class=\"wp-block-heading\">Architekci wn\u0119trz \u2014 kompleksowe projektowanie i wszystkie etapy wyko\u0144czenia<\/h3>\n\n\n\n<p>Szukasz eksperta? Wpisz w wyszukiwarce has\u0142o <strong><em>projektant wn\u0119trz krak\u00f3w<\/em><\/strong>. Zatrudnij architekta wn\u0119trz, kt\u00f3ry spe\u0142ni Twoje oczekiwania. Razem zaplanujcie kompleksowy remont, kt\u00f3ry obejmie mi\u0119dzy innymi:<\/p>\n\n\n\n<ul class=\"wp-block-list\">\n<li><strong>wyko\u0144czenie \u0142azienki<\/strong>,<\/li>\n\n\n\n<li><strong>malowanie wn\u0119trz<\/strong>,<\/li>\n\n\n\n<li><strong>meble kuchenne<\/strong>,<\/li>\n\n\n\n<li><strong>produkty wyposa\u017cenia<\/strong>,<\/li>\n\n\n\n<li><strong>lustra<\/strong>.<\/li>\n<\/ul>\n\n\n\n<p>Dzi\u0119ki naszemu do\u015bwiadczeniu i wiedzy przestrze\u0144 zostaje zaprojektowana w przemy\u015blany spos\u00f3b. Kompleksowe us\u0142ugi to nie tylko projekt, ale r\u00f3wnie\u017c nadz\u00f3r nad jego realizacj\u0105. Gwarantujemy zgodno\u015b\u0107 z za\u0142o\u017ceniami i najwy\u017csz\u0105 jako\u015b\u0107 wykonania.<\/p>\n\n\n\n<p class=\"has-text-align-center\"><strong>Inne nasze us\u0142ugi<\/strong><\/p>\n\n\n\n<div class=\"wp-block-columns is-layout-flex wp-container-core-columns-is-layout-28f84493 wp-block-columns-is-layout-flex\">\n<div class=\"wp-block-column is-layout-flow wp-block-column-is-layout-flow\">\n<p class=\"has-text-align-center\"><a href=\"https:\/\/home-finish24.pl\/en\/oferta\/projekt\/\">Projektowanie wn\u0119trz<\/a><br><a href=\"https:\/\/home-finish24.pl\/en\/oferta\/dobor-materialow\/\">Dob\u00f3r materia\u0142\u00f3w<\/a><br><a href=\"https:\/\/home-finish24.pl\/en\/oferta\/remonty-wnetrz\/\">Remonty wn\u0119trz<\/a><br><a href=\"https:\/\/home-finish24.pl\/en\/oferta\/remonty-domow\/\">Remonty dom\u00f3w<\/a><\/p>\n<\/div>\n\n\n\n<div class=\"wp-block-column is-layout-flow wp-block-column-is-layout-flow\">\n<p class=\"has-text-align-center\"><a href=\"https:\/\/home-finish24.pl\/en\/oferta\/remonty-mieszkan\/\">Remonty mieszka\u0144<\/a><br><a href=\"https:\/\/home-finish24.pl\/en\/oferta\/remonty-pod-klucz\/\">Remonty pod klucz<\/a><br><a href=\"https:\/\/home-finish24.pl\/en\/oferta\/wykonczenia-wnetrz\/\">Wyko\u0144czenia wn\u0119trz<\/a><br><a href=\"https:\/\/home-finish24.pl\/en\/oferta\/wykonczenia-mieszkan-pod-klucz\/\">Wyko\u0144czenia mieszka\u0144 pod klucz<\/a><\/p>\n<\/div>\n<\/div>","protected":false},"excerpt":{"rendered":"<p>Potrzebujesz wyko\u0144czenia wn\u0119trz w Krakowie i okolicach? Skontaktuj si\u0119 z nami lub odwied\u017a nasz\u0105 firm\u0119! Kompleksowe wyko\u0144czenia mieszka\u0144 w Krakowie i okolicach \u2014 najlepsi projektanci wn\u0119trz Oferujemy solidne wyko\u0144czenia wn\u0119trz oraz szeroki zakres prac remontowych w Krakowie i okolicach. Zajmujemy si\u0119 wyka\u0144czaniem: Dzia\u0142amy kompleksowo, aby u\u0142atwi\u0107 inwestorom przygotowanie lokalu do zamieszkania lub u\u017cytkowania w inny [&hellip;]<\/p>\n","protected":false},"author":1,"featured_media":0,"parent":66,"menu_order":0,"comment_status":"closed","ping_status":"closed","template":"","meta":{"footnotes":""},"class_list":["post-555","page","type-page","status-publish","hentry"],"yoast_head":"<!-- This site is optimized with the Yoast SEO plugin v21.2 - https:\/\/yoast.com\/wordpress\/plugins\/seo\/ -->\n<title>Wyko\u0144czenia wn\u0119trz - cena za m2 - Krak\u00f3w - Home Finish<\/title>\n<meta name=\"description\" content=\"Oferujemy profesjonalne wyko\u0144czenia wn\u0119trz w Krakowie i nie tylko \u2714\ufe0f Przygotujemy projekt \u2714\ufe0f Dobierzemy materia\u0142y \u2714\ufe0f Sprawd\u017a ju\u017c dzi\u015b!\" \/>\n<meta name=\"robots\" content=\"index, follow, max-snippet:-1, max-image-preview:large, max-video-preview:-1\" \/>\n<link rel=\"canonical\" href=\"https:\/\/home-finish24.pl\/en\/oferta\/wykonczenia-wnetrz\/\" \/>\n<meta property=\"og:locale\" content=\"en_GB\" \/>\n<meta property=\"og:type\" content=\"article\" \/>\n<meta property=\"og:title\" content=\"Wyko\u0144czenia wn\u0119trz - cena za m2 - Krak\u00f3w - Home Finish\" \/>\n<meta property=\"og:description\" content=\"Oferujemy profesjonalne wyko\u0144czenia wn\u0119trz w Krakowie i nie tylko \u2714\ufe0f Przygotujemy projekt \u2714\ufe0f Dobierzemy materia\u0142y \u2714\ufe0f Sprawd\u017a ju\u017c dzi\u015b!\" \/>\n<meta property=\"og:url\" content=\"https:\/\/home-finish24.pl\/en\/oferta\/wykonczenia-wnetrz\/\" \/>\n<meta property=\"og:site_name\" content=\"Remonty i wyko\u0144czenie mieszkania - Home Finish Krak\u00f3w\" \/>\n<meta property=\"article:publisher\" content=\"https:\/\/www.facebook.com\/homefinish.hubert.babinski\/\" \/>\n<meta property=\"article:modified_time\" content=\"2023-11-03T09:48:02+00:00\" \/>\n<meta property=\"og:image\" content=\"https:\/\/home-finish24.pl\/wp-content\/uploads\/2023\/03\/remont-domu.jpg\" \/>\n<meta name=\"twitter:card\" content=\"summary_large_image\" \/>\n<meta name=\"twitter:site\" content=\"@home_finish\" \/>\n<meta name=\"twitter:label1\" content=\"Estimated reading time\" \/>\n\t<meta name=\"twitter:data1\" content=\"6 minutes\" \/>\n<script type=\"application\/ld+json\" class=\"yoast-schema-graph\">{\"@context\":\"https:\/\/schema.org\",\"@graph\":[{\"@type\":\"WebPage\",\"@id\":\"https:\/\/home-finish24.pl\/oferta\/wykonczenia-wnetrz\/\",\"url\":\"https:\/\/home-finish24.pl\/oferta\/wykonczenia-wnetrz\/\",\"name\":\"Wyko\u0144czenia wn\u0119trz - cena za m2 - Krak\u00f3w - Home Finish\",\"isPartOf\":{\"@id\":\"https:\/\/home-finish24.pl\/#website\"},\"datePublished\":\"2022-06-14T09:00:00+00:00\",\"dateModified\":\"2023-11-03T09:48:02+00:00\",\"description\":\"Oferujemy profesjonalne wyko\u0144czenia wn\u0119trz w Krakowie i nie tylko \u2714\ufe0f Przygotujemy projekt \u2714\ufe0f Dobierzemy materia\u0142y \u2714\ufe0f Sprawd\u017a ju\u017c dzi\u015b!\",\"breadcrumb\":{\"@id\":\"https:\/\/home-finish24.pl\/oferta\/wykonczenia-wnetrz\/#breadcrumb\"},\"inLanguage\":\"en-GB\",\"potentialAction\":[{\"@type\":\"ReadAction\",\"target\":[\"https:\/\/home-finish24.pl\/oferta\/wykonczenia-wnetrz\/\"]}]},{\"@type\":\"BreadcrumbList\",\"@id\":\"https:\/\/home-finish24.pl\/oferta\/wykonczenia-wnetrz\/#breadcrumb\",\"itemListElement\":[{\"@type\":\"ListItem\",\"position\":1,\"name\":\"Strona g\u0142\u00f3wna\",\"item\":\"https:\/\/home-finish24.pl\/\"},{\"@type\":\"ListItem\",\"position\":2,\"name\":\"Us\u0142ugi remontowo-wyko\u0144czeniowe &#8211; Krak\u00f3w\",\"item\":\"https:\/\/home-finish24.pl\/oferta\/\"},{\"@type\":\"ListItem\",\"position\":3,\"name\":\"Wyka\u0144czanie wn\u0119trz w Krakowie i okolicach\"}]},{\"@type\":\"WebSite\",\"@id\":\"https:\/\/home-finish24.pl\/#website\",\"url\":\"https:\/\/home-finish24.pl\/\",\"name\":\"Remonty i wyko\u0144czenie mieszkania - Home Finish Krak\u00f3w\",\"description\":\"Kompleksowe remonty, wyko\u0144czenia wn\u0119trz mieszka\u0144 i dom\u00f3w\",\"publisher\":{\"@id\":\"https:\/\/home-finish24.pl\/#organization\"},\"potentialAction\":[{\"@type\":\"SearchAction\",\"target\":{\"@type\":\"EntryPoint\",\"urlTemplate\":\"https:\/\/home-finish24.pl\/?s={search_term_string}\"},\"query-input\":\"required name=search_term_string\"}],\"inLanguage\":\"en-GB\"},{\"@type\":\"Organization\",\"@id\":\"https:\/\/home-finish24.pl\/#organization\",\"name\":\"Home Finish\",\"url\":\"https:\/\/home-finish24.pl\/\",\"logo\":{\"@type\":\"ImageObject\",\"inLanguage\":\"en-GB\",\"@id\":\"https:\/\/home-finish24.pl\/#\/schema\/logo\/image\/\",\"url\":\"https:\/\/home-finish24.pl\/wp-content\/uploads\/2017\/11\/logo_hf-1.png\",\"contentUrl\":\"https:\/\/home-finish24.pl\/wp-content\/uploads\/2017\/11\/logo_hf-1.png\",\"width\":601,\"height\":601,\"caption\":\"Home Finish\"},\"image\":{\"@id\":\"https:\/\/home-finish24.pl\/#\/schema\/logo\/image\/\"},\"sameAs\":[\"https:\/\/www.facebook.com\/homefinish.hubert.babinski\/\",\"https:\/\/twitter.com\/home_finish\",\"https:\/\/www.instagram.com\/homefinish24\/\"]}]}<\/script>\n<!-- \/ Yoast SEO plugin. -->","yoast_head_json":{"title":"Wyko\u0144czenia wn\u0119trz - cena za m2 - Krak\u00f3w - Home Finish","description":"Oferujemy profesjonalne wyko\u0144czenia wn\u0119trz w Krakowie i nie tylko \u2714\ufe0f Przygotujemy projekt \u2714\ufe0f Dobierzemy materia\u0142y \u2714\ufe0f Sprawd\u017a ju\u017c dzi\u015b!","robots":{"index":"index","follow":"follow","max-snippet":"max-snippet:-1","max-image-preview":"max-image-preview:large","max-video-preview":"max-video-preview:-1"},"canonical":"https:\/\/home-finish24.pl\/en\/oferta\/wykonczenia-wnetrz\/","og_locale":"en_GB","og_type":"article","og_title":"Wyko\u0144czenia wn\u0119trz - cena za m2 - Krak\u00f3w - Home Finish","og_description":"Oferujemy profesjonalne wyko\u0144czenia wn\u0119trz w Krakowie i nie tylko \u2714\ufe0f Przygotujemy projekt \u2714\ufe0f Dobierzemy materia\u0142y \u2714\ufe0f Sprawd\u017a ju\u017c dzi\u015b!","og_url":"https:\/\/home-finish24.pl\/en\/oferta\/wykonczenia-wnetrz\/","og_site_name":"Remonty i wyko\u0144czenie mieszkania - Home Finish Krak\u00f3w","article_publisher":"https:\/\/www.facebook.com\/homefinish.hubert.babinski\/","article_modified_time":"2023-11-03T09:48:02+00:00","og_image":[{"url":"https:\/\/home-finish24.pl\/wp-content\/uploads\/2023\/03\/remont-domu.jpg"}],"twitter_card":"summary_large_image","twitter_site":"@home_finish","twitter_misc":{"Estimated reading time":"6 minutes"},"schema":{"@context":"https:\/\/schema.org","@graph":[{"@type":"WebPage","@id":"https:\/\/home-finish24.pl\/oferta\/wykonczenia-wnetrz\/","url":"https:\/\/home-finish24.pl\/oferta\/wykonczenia-wnetrz\/","name":"Wyko\u0144czenia wn\u0119trz - cena za m2 - Krak\u00f3w - Home Finish","isPartOf":{"@id":"https:\/\/home-finish24.pl\/#website"},"datePublished":"2022-06-14T09:00:00+00:00","dateModified":"2023-11-03T09:48:02+00:00","description":"Oferujemy profesjonalne wyko\u0144czenia wn\u0119trz w Krakowie i nie tylko \u2714\ufe0f Przygotujemy projekt \u2714\ufe0f Dobierzemy materia\u0142y \u2714\ufe0f Sprawd\u017a ju\u017c dzi\u015b!","breadcrumb":{"@id":"https:\/\/home-finish24.pl\/oferta\/wykonczenia-wnetrz\/#breadcrumb"},"inLanguage":"en-GB","potentialAction":[{"@type":"ReadAction","target":["https:\/\/home-finish24.pl\/oferta\/wykonczenia-wnetrz\/"]}]},{"@type":"BreadcrumbList","@id":"https:\/\/home-finish24.pl\/oferta\/wykonczenia-wnetrz\/#breadcrumb","itemListElement":[{"@type":"ListItem","position":1,"name":"Strona g\u0142\u00f3wna","item":"https:\/\/home-finish24.pl\/"},{"@type":"ListItem","position":2,"name":"Us\u0142ugi remontowo-wyko\u0144czeniowe &#8211; Krak\u00f3w","item":"https:\/\/home-finish24.pl\/oferta\/"},{"@type":"ListItem","position":3,"name":"Wyka\u0144czanie wn\u0119trz w Krakowie i okolicach"}]},{"@type":"WebSite","@id":"https:\/\/home-finish24.pl\/#website","url":"https:\/\/home-finish24.pl\/","name":"Remonty i wyko\u0144czenie mieszkania - Home Finish Krak\u00f3w","description":"Kompleksowe remonty, wyko\u0144czenia wn\u0119trz mieszka\u0144 i dom\u00f3w","publisher":{"@id":"https:\/\/home-finish24.pl\/#organization"},"potentialAction":[{"@type":"SearchAction","target":{"@type":"EntryPoint","urlTemplate":"https:\/\/home-finish24.pl\/?s={search_term_string}"},"query-input":"required name=search_term_string"}],"inLanguage":"en-GB"},{"@type":"Organization","@id":"https:\/\/home-finish24.pl\/#organization","name":"Home Finish","url":"https:\/\/home-finish24.pl\/","logo":{"@type":"ImageObject","inLanguage":"en-GB","@id":"https:\/\/home-finish24.pl\/#\/schema\/logo\/image\/","url":"https:\/\/home-finish24.pl\/wp-content\/uploads\/2017\/11\/logo_hf-1.png","contentUrl":"https:\/\/home-finish24.pl\/wp-content\/uploads\/2017\/11\/logo_hf-1.png","width":601,"height":601,"caption":"Home Finish"},"image":{"@id":"https:\/\/home-finish24.pl\/#\/schema\/logo\/image\/"},"sameAs":["https:\/\/www.facebook.com\/homefinish.hubert.babinski\/","https:\/\/twitter.com\/home_finish","https:\/\/www.instagram.com\/homefinish24\/"]}]}},"dictionaries":{"dictionaries":[]},"_links":{"self":[{"href":"https:\/\/home-finish24.pl\/en\/wp-json\/wp\/v2\/pages\/555","targetHints":{"allow":["GET"]}}],"collection":[{"href":"https:\/\/home-finish24.pl\/en\/wp-json\/wp\/v2\/pages"}],"about":[{"href":"https:\/\/home-finish24.pl\/en\/wp-json\/wp\/v2\/types\/page"}],"author":[{"embeddable":true,"href":"https:\/\/home-finish24.pl\/en\/wp-json\/wp\/v2\/users\/1"}],"replies":[{"embeddable":true,"href":"https:\/\/home-finish24.pl\/en\/wp-json\/wp\/v2\/comments?post=555"}],"version-history":[{"count":8,"href":"https:\/\/home-finish24.pl\/en\/wp-json\/wp\/v2\/pages\/555\/revisions"}],"predecessor-version":[{"id":789,"href":"https:\/\/home-finish24.pl\/en\/wp-json\/wp\/v2\/pages\/555\/revisions\/789"}],"up":[{"embeddable":true,"href":"https:\/\/home-finish24.pl\/en\/wp-json\/wp\/v2\/pages\/66"}],"wp:attachment":[{"href":"https:\/\/home-finish24.pl\/en\/wp-json\/wp\/v2\/media?parent=555"}],"curies":[{"name":"wp","href":"https:\/\/api.w.org\/{rel}","templated":true}]}}