{"id":548,"date":"2022-06-14T10:55:14","date_gmt":"2022-06-14T08:55:14","guid":{"rendered":"https:\/\/home-finish24.pl\/?page_id=548"},"modified":"2025-07-31T13:16:14","modified_gmt":"2025-07-31T11:16:14","slug":"remonty-mieszkan","status":"publish","type":"page","link":"https:\/\/home-finish24.pl\/en\/oferta\/remonty-mieszkan\/","title":{"rendered":"Remonty mieszka\u0144 w Krakowie i okolicach"},"content":{"rendered":"<div class=\"wp-block-columns is-layout-flex wp-container-core-columns-is-layout-28f84493 wp-block-columns-is-layout-flex\">\n<div class=\"wp-block-column is-layout-flow wp-block-column-is-layout-flow\" style=\"flex-basis:33.33%\">\n<div class=\"wp-block-buttons alignfull is-layout-flex wp-block-buttons-is-layout-flex\">\n<div class=\"wp-block-button aligncenter\"><a class=\"wp-block-button__link wp-element-button\" href=\"tel:+48503126160\">tel: 503126160<\/a><\/div>\n\n\n\n<div class=\"wp-block-button aligncenter\"><a class=\"wp-block-button__link wp-element-button\" href=\"mailto: biuro@home-finish24.pl\">e-mail<\/a><\/div>\n<\/div>\n\n\n\n<p>Potrzebujesz remontu mieszkania w Krakowie i okolicach? Skontaktuj si\u0119 z nami lub odwied\u017a nasz\u0105 firm\u0119!<\/p>\n<\/div>\n\n\n\n<div class=\"wp-block-column is-layout-flow wp-block-column-is-layout-flow\" style=\"flex-basis:66.66%\">\n<center><iframe src=\"https:\/\/www.google.com\/maps\/embed?pb=!1m14!1m8!1m3!1d10249.664868008058!2d19.9544881!3d50.0410339!3m2!1i1024!2i768!4f13.1!3m3!1m2!1s0x47165b6f95fdf83b%3A0x2b7e691b29ddd109!2sHome%20Finish%20Hubert%20Babi%C5%84ski%20-%20Wyko%C5%84czenia%20wn%C4%99trz!5e0!3m2!1spl!2spl!4v1693217288702!5m2!1spl!2spl\" width=\"400\" height=\"300\" style=\"border:0;\" allowfullscreen=\"\" loading=\"lazy\" referrerpolicy=\"no-referrer-when-downgrade\"><\/iframe><\/center>\n<\/div>\n<\/div>\n\n\n\n<p>Specjalizujemy si\u0119 w kompleksowych remontach mieszka\u0144 w Warszawie. Oferujemy fachowe us\u0142ugi generalnego remontu na rynku wt\u00f3rnym. Gwarantujemy, \u017ce Twoje mieszkanie zostanie odnowione zgodnie z najnowszymi trendami w designie. Korzystamy z najwy\u017cszej jako\u015bci materia\u0142\u00f3w. Nasz zesp\u00f3\u0142 sk\u0142ada si\u0119 z wykwalifikowanych fachowc\u00f3w, kt\u00f3rzy zajmuj\u0105 si\u0119 wszystkimi aspektami remontu \u2013 od od\u015bwie\u017cenia \u015bcian, poprzez wymian\u0119 instalacji elektrycznych i hydraulicznych, a\u017c po instalacj\u0119 nowoczesnych rozwi\u0105za\u0144 o\u015bwietleniowych czy wyko\u0144czeniowych. Dbamy o szczeg\u00f3\u0142y. Z nami Twoje mieszkanie zyska zupe\u0142nie nowy wymiar, staj\u0105c si\u0119 komfortow\u0105, funkcjonaln\u0105, stylow\u0105 przestrzeni\u0105.<\/p>\n\n\n\n<p>Wybieraj\u0105c nasz projekt remontu mieszkania, mo\u017cesz liczy\u0107 na pe\u0142n\u0105 koordynacj\u0119 projektu oraz doradztwo na ka\u017cdym jego etapie. Naszym celem jest stworzenie wn\u0119trza, kt\u00f3re idealnie odpowiada Twoim potrzebom. Dzia\u0142amy transparentnie. Oferujemy konkurencyjne ceny i przestrzegamy ustalonych termin\u00f3w. Wiemy, jak wa\u017cne jest, aby remont przebiega\u0142 sprawnie, bez zb\u0119dnych przeszk\u00f3d. Robimy wszystko, co w naszej mocy, by wyeliminowa\u0107 b\u0142\u0119dy przy remoncie. Z nami Tw\u00f3j remont przebiegnie bezstresowo.<\/p>\n\n\n\n<figure class=\"wp-block-gallery has-nested-images columns-default is-cropped wp-block-gallery-1 is-layout-flex wp-block-gallery-is-layout-flex\">\n<figure class=\"wp-block-image size-large\"><img fetchpriority=\"high\" decoding=\"async\" width=\"849\" height=\"566\" data-id=\"153\" src=\"https:\/\/home-finish24.pl\/wp-content\/uploads\/2017\/11\/Fotolia_181181866_S.jpg\" alt=\"projektowanie wn\u0119trz krak\u00f3w\" class=\"wp-image-153\" srcset=\"https:\/\/home-finish24.pl\/wp-content\/uploads\/2017\/11\/Fotolia_181181866_S.jpg 849w, https:\/\/home-finish24.pl\/wp-content\/uploads\/2017\/11\/Fotolia_181181866_S-300x200.jpg 300w, https:\/\/home-finish24.pl\/wp-content\/uploads\/2017\/11\/Fotolia_181181866_S-768x512.jpg 768w\" sizes=\"(max-width: 849px) 100vw, 849px\" \/><\/figure>\n\n\n\n<figure class=\"wp-block-image size-large\"><img decoding=\"async\" width=\"1000\" height=\"667\" data-id=\"123\" src=\"https:\/\/home-finish24.pl\/wp-content\/uploads\/2017\/11\/IMG_7765-1.jpg\" alt=\"personalizacja wn\u0119trza salonowego krak\u00f3w\" class=\"wp-image-123\" srcset=\"https:\/\/home-finish24.pl\/wp-content\/uploads\/2017\/11\/IMG_7765-1.jpg 1000w, https:\/\/home-finish24.pl\/wp-content\/uploads\/2017\/11\/IMG_7765-1-300x200.jpg 300w, https:\/\/home-finish24.pl\/wp-content\/uploads\/2017\/11\/IMG_7765-1-768x512.jpg 768w\" sizes=\"(max-width: 1000px) 100vw, 1000px\" \/><\/figure>\n\n\n\n<figure class=\"wp-block-image size-large\"><img decoding=\"async\" width=\"1000\" height=\"667\" data-id=\"117\" src=\"https:\/\/home-finish24.pl\/wp-content\/uploads\/2017\/11\/IMG_7740.jpg\" alt=\"dekoracja wn\u0119trz kark\u00f3w\" class=\"wp-image-117\" srcset=\"https:\/\/home-finish24.pl\/wp-content\/uploads\/2017\/11\/IMG_7740.jpg 1000w, https:\/\/home-finish24.pl\/wp-content\/uploads\/2017\/11\/IMG_7740-300x200.jpg 300w, https:\/\/home-finish24.pl\/wp-content\/uploads\/2017\/11\/IMG_7740-768x512.jpg 768w\" sizes=\"(max-width: 1000px) 100vw, 1000px\" \/><\/figure>\n<\/figure>\n\n\n\n<h2 class=\"wp-block-heading\">Szukasz fachowca od remont\u00f3w? \u2014 Przyjmujemy zlecenia remontowe<\/h2>\n\n\n\n<p>Szukasz do\u015bwiadczonego fachowca od remont\u00f3w? Spe\u0142nimy Twoje oczekiwania. Jeste\u015bmy specjalistami w dziedzinie remont\u00f3w. Oferujemy szeroki zakres us\u0142ug: od kompleksowego od\u015bwie\u017cenie wn\u0119trz po modernizacj\u0119 instalacji elektrycznych i hydraulicznych. Mamy do\u015bwiadczenie w realizacji projekt\u00f3w remontowych r\u00f3\u017cnej skali i z\u0142o\u017cono\u015bci. Dbamy o to, aby ka\u017cda praca by\u0142a wykonana z najwi\u0119ksz\u0105 staranno\u015bci\u0105.<\/p>\n\n\n\n<p>Remont mieszkania czy domu to wa\u017cna inwestycja. Z tego powodu stawiamy na transparentno\u015b\u0107 i otwart\u0105 komunikacj\u0119 z naszymi klientami. Zapewniamy profesjonalne doradztwo oraz wsparcie na ka\u017cdym etapie. Naszym priorytetem jest dostarczenie us\u0142ug na najwy\u017cszym poziomie, przy jednoczesnym przestrzeganiu ustalonych termin\u00f3w, a tak\u017ce ustalonego bud\u017cetu.<\/p>\n\n\n\n<h3 class=\"wp-block-heading\">Remonty dom\u00f3w \u2014 od czego zale\u017c\u0105 koszty us\u0142ug remontowych?<\/h3>\n\n\n\n<p>Koszty us\u0142ug remontowych przy remontach dom\u00f3w zale\u017c\u0105 od wielu czynnik\u00f3w. Kalkulacje koszt\u00f3w uwzgl\u0119dniaj\u0105 skal\u0119 i zakres prac remontowych, kt\u00f3re maj\u0105 by\u0107 przeprowadzone. Cennik us\u0142ug remontowych b\u0119dzie inny przy drobnych pracach wyko\u0144czeniowych, takich jak malowanie \u015bcian, wymiana pod\u0142\u00f3g, a inny przy kompleksowych remontach, kt\u00f3re obejmuj\u0105:<\/p>\n\n\n\n<ul class=\"wp-block-list\">\n<li>wymian\u0119 instalacji,<\/li>\n\n\n\n<li>rekonstrukcj\u0119 przestrzeni,<\/li>\n\n\n\n<li>prace zwi\u0105zane z izolacj\u0105 i dachem.<\/li>\n<\/ul>\n\n\n\n<p>Innym istotnym czynnikiem wp\u0142ywaj\u0105cym na koszty s\u0105 materia\u0142y budowlane.<\/p>\n\n\n\n<p>Drugim istotnym aspektem wp\u0142ywaj\u0105cym na koszt remontu jest wyb\u00f3r wykonawcy. Firmy remontowe oferuj\u0105ce wysoki standard us\u0142ug zazwyczaj b\u0119d\u0105 pobiera\u0107 wy\u017csz\u0105 cen\u0119 za wykonan\u0105 us\u0142ug\u0119. Zwr\u00f3\u0107 uwag\u0119 na to, czy wycena jest sta\u0142a, czy mo\u017ce ulec zmianie w trakcie realizacji projektu. Dodatkowe prace, kt\u00f3re mog\u0105 pojawi\u0107 si\u0119 w trakcie remontu, na przyk\u0142ad nieprzewidziane naprawy instalacji czy konstrukcji budynku, podnosz\u0105 ko\u0144cowy koszt. Z tego powodu warto kierowa\u0107 pytania do specjalisty przed podpisaniem umowy. W ten spos\u00f3b unikniesz nieprzewidzianych wydatk\u00f3w i zadbasz o przejrzysto\u015b\u0107 finansow\u0105 ca\u0142ego przedsi\u0119wzi\u0119cia.<\/p>\n\n\n\n<h4 class=\"wp-block-heading\">Us\u0142ugi budowlane \u2014 prace wyko\u0144czeniowe, wysokiej jako\u015bci materia\u0142y i pozytywne opinie klient\u00f3w<\/h4>\n\n\n\n<p>Oferujemy <a href=\"http:\/\/m.in\">m.in<\/a>. remonty starych dom\u00f3w. Wsp\u00f3\u0142pracujemy z architektem wn\u0119trz. Wsp\u00f3lnie z klientem ustalamy zakres prac wyko\u0144czeniowych. Czy jeste\u015b gotowy\/gotowa na to, by zapanowa\u0107 remont mieszkania razem z nami? Zapraszamy do kontaktu. Zajmiemy si\u0119 kompleksowym wyko\u0144czeniem wn\u0119trz w Twoich nieruchomo\u015bciach.<\/p>\n\n\n\n<p class=\"has-text-align-center\"><strong>Inne nasze us\u0142ugi<\/strong><\/p>\n\n\n\n<div class=\"wp-block-columns is-layout-flex wp-container-core-columns-is-layout-28f84493 wp-block-columns-is-layout-flex\">\n<div class=\"wp-block-column is-layout-flow wp-block-column-is-layout-flow\">\n<p class=\"has-text-align-center\"><a href=\"https:\/\/home-finish24.pl\/en\/oferta\/projekt\/\">Projektowanie wn\u0119trz<\/a><br><a href=\"https:\/\/home-finish24.pl\/en\/oferta\/dobor-materialow\/\">Dob\u00f3r materia\u0142\u00f3w<\/a><br><a href=\"https:\/\/home-finish24.pl\/en\/oferta\/remonty-wnetrz\/\">Remonty wn\u0119trz<\/a><br><a href=\"https:\/\/home-finish24.pl\/en\/oferta\/remonty-domow\/\">Remonty dom\u00f3w<\/a><\/p>\n<\/div>\n\n\n\n<div class=\"wp-block-column is-layout-flow wp-block-column-is-layout-flow\">\n<p class=\"has-text-align-center\"><a href=\"https:\/\/home-finish24.pl\/en\/oferta\/remonty-mieszkan\/\">Remonty mieszka\u0144<\/a><br><a href=\"https:\/\/home-finish24.pl\/en\/oferta\/remonty-pod-klucz\/\">Remonty pod klucz<\/a><br><a href=\"https:\/\/home-finish24.pl\/en\/oferta\/wykonczenia-wnetrz\/\">Wyko\u0144czenia wn\u0119trz<\/a><br><a href=\"https:\/\/home-finish24.pl\/en\/oferta\/wykonczenia-mieszkan-pod-klucz\/\">Wyko\u0144czenia mieszka\u0144 pod klucz<\/a><\/p>\n<\/div>\n<\/div>\n\n\n\n<hr class=\"wp-block-separator has-alpha-channel-opacity\"\/>\n\n\n\n<h2 class=\"wp-block-heading has-text-align-center\">OPINIE<\/h2>\n\n\n<pre class=\"ti-widget\" style=\"display: none\"><template id=\"trustindex-google-widget-html\"><div class=\"ti-widget  ti-goog ti-show-rating-text ti-review-text-mode-readmore ti-text-align-left\" data-no-translation=\"true\" data-time-locale=\"%d %s temu|dzi\u015b|dzie\u0144|dni|tydzie\u0144|tygodni|miesi\u0105c|miesi\u0119cy|rok|lat\" data-plugin-version=\"13.2.7\" data-layout-id=\"5\" data-layout-category=\"slider\" data-set-id=\"light-background\" data-pid=\"\" data-language=\"pl\" data-close-locale=\"Zamkn\u0105\u0107\" data-review-target-width=\"275\" data-css-version=\"2\" data-reply-by-locale=\"Odpowied\u017a w\u0142a\u015bciciela\" data-only-rating-locale=\"Ten u\u017cytkownik wystawi\u0142 tylko ocen\u0119.\" data-pager-autoplay-timeout=\"6\"> <div class=\"ti-widget-container ti-col-4\"> <div class=\"ti-footer ti-footer-grid source-Google\"> <div class=\"ti-fade-container\"> <div class=\"ti-rating-text\"> <strong class=\"ti-rating ti-rating-large\"> DOSKONA\u0141A <\/strong> <\/div> <span class=\"ti-stars star-lg\"><trustindex-image class=\"ti-star\" data-imgurl=\"https:\/\/cdn.trustindex.io\/assets\/platform\/Google\/star\/f.svg\" alt=\"Google\" width=\"17\" height=\"17\" loading=\"lazy\"><\/trustindex-image><trustindex-image class=\"ti-star\" data-imgurl=\"https:\/\/cdn.trustindex.io\/assets\/platform\/Google\/star\/f.svg\" alt=\"Google\" width=\"17\" height=\"17\" loading=\"lazy\"><\/trustindex-image><trustindex-image class=\"ti-star\" data-imgurl=\"https:\/\/cdn.trustindex.io\/assets\/platform\/Google\/star\/f.svg\" alt=\"Google\" width=\"17\" height=\"17\" loading=\"lazy\"><\/trustindex-image><trustindex-image class=\"ti-star\" data-imgurl=\"https:\/\/cdn.trustindex.io\/assets\/platform\/Google\/star\/f.svg\" alt=\"Google\" width=\"17\" height=\"17\" loading=\"lazy\"><\/trustindex-image><trustindex-image class=\"ti-star\" data-imgurl=\"https:\/\/cdn.trustindex.io\/assets\/platform\/Google\/star\/f.svg\" alt=\"Google\" width=\"17\" height=\"17\" loading=\"lazy\"><\/trustindex-image><\/span> <div class=\"ti-rating-text\"> <span class=\"nowrap\">Na podstawie <strong>1 opinii<\/strong><\/span> <\/div> <div class=\"ti-large-logo\"> <div class=\"ti-v-center\"> <trustindex-image class=\"ti-logo-fb\" data-imgurl=\"https:\/\/cdn.trustindex.io\/assets\/platform\/Google\/logo.svg\" width=\"150\" height=\"25\" loading=\"lazy\" alt=\"Google\"><\/trustindex-image> <\/div> <\/div> <\/div> <\/div> <div class=\"ti-reviews-container\"> <div class=\"ti-controls\"> <div class=\"ti-next\" aria-label=\"Nast\u0119pna recenzj\u0119\" role=\"button\" tabindex=\"0\"><\/div> <div class=\"ti-prev\" aria-label=\"Poprzednia recenzj\u0119\" role=\"button\" tabindex=\"0\"><\/div> <\/div> <div class=\"ti-reviews-container-wrapper\">  <div data-empty=\"0\" data-time=\"1743379200\" class=\"ti-review-item source-Google ti-image-layout-thumbnail\" data-id=\"cfcd208495d565ef66e7dff9f98764da\"> <div class=\"ti-inner\"> <div class=\"ti-review-header\"> <div class=\"ti-platform-icon ti-with-tooltip\"> <span class=\"ti-tooltip\">Opublikowano na <\/span> <trustindex-image data-imgurl=\"https:\/\/cdn.trustindex.io\/assets\/platform\/Google\/icon.svg\" alt=\"\" width=\"20\" height=\"20\" loading=\"lazy\"><\/trustindex-image> <\/div> <div class=\"ti-profile-img\"> <trustindex-image data-imgurl=\"https:\/\/lh3.googleusercontent.com\/a-\/ALV-UjWzIftPowwpCKc4TllR8W2V1e8AqFU37rom3cYOj0Jfl2DfH8vp=w40-h40-c-rp-mo-ba3-br100\" alt=\"Miranda Misia Misi\u0144ska profile picture\" loading=\"lazy\"><\/trustindex-image> <\/div> <div class=\"ti-profile-details\"> <div class=\"ti-name\"> Miranda Misia Misi\u0144ska <\/div> <div class=\"ti-date\"><\/div> <\/div> <\/div> <span class=\"ti-stars\"><trustindex-image class=\"ti-star\" data-imgurl=\"https:\/\/cdn.trustindex.io\/assets\/platform\/Google\/star\/f.svg\" alt=\"Google\" width=\"17\" height=\"17\" loading=\"lazy\"><\/trustindex-image><trustindex-image class=\"ti-star\" data-imgurl=\"https:\/\/cdn.trustindex.io\/assets\/platform\/Google\/star\/f.svg\" alt=\"Google\" width=\"17\" height=\"17\" loading=\"lazy\"><\/trustindex-image><trustindex-image class=\"ti-star\" data-imgurl=\"https:\/\/cdn.trustindex.io\/assets\/platform\/Google\/star\/f.svg\" alt=\"Google\" width=\"17\" height=\"17\" loading=\"lazy\"><\/trustindex-image><trustindex-image class=\"ti-star\" data-imgurl=\"https:\/\/cdn.trustindex.io\/assets\/platform\/Google\/star\/f.svg\" alt=\"Google\" width=\"17\" height=\"17\" loading=\"lazy\"><\/trustindex-image><trustindex-image class=\"ti-star\" data-imgurl=\"https:\/\/cdn.trustindex.io\/assets\/platform\/Google\/star\/f.svg\" alt=\"Google\" width=\"17\" height=\"17\" loading=\"lazy\"><\/trustindex-image><span class=\"ti-verified-review ti-verified-platform\"><span class=\"ti-verified-tooltip\">Trustindex sprawdza, czy pierwotnym \u017ar\u00f3d\u0142em recenzji jest Google.<\/span><\/span><\/span> <div class=\"ti-review-text-container ti-review-content\"><!-- R-CONTENT -->Korzysta\u0142am z us\u0142ug Home Design przy remoncie mieszkania i jestem zachwycona! Profesjonalna ekipa, \u015bwietna jako\u015b\u0107 wykonania i dba\u0142o\u015b\u0107 o ka\u017cdy detal. Prace zako\u0144czone terminowo, a efekt przer\u00f3s\u0142 moje oczekiwania. Do tego czysto\u015b\u0107 i porz\u0105dek po zako\u0144czeniu remontu. Zdecydowanie polecam! \u2b50\u2b50\u2b50\u2b50\u2b50<!-- R-CONTENT --><\/div> <span class=\"ti-read-more\" data-container=\".ti-review-content\" data-collapse-text=\"Ukryj\" data-open-text=\"Czytaj wi\u0119cej\"><\/span> <\/div> <\/div>  <\/div> <div class=\"ti-controls-line\"> <div class=\"dot\"><\/div> <\/div>   <div class=\"ti-verified-by ti-verified-by-row\" data-style=\"1\"> <div class=\"ti-inner\"> Potwierdzono przez: Trustindex <span class=\"ti-info-icon\"><\/span> <div class=\"ti-disclaimer\">Zweryfikowana odznaka Trustindex to Uniwersalny Symbol Zaufania. Tylko najlepsze firmy mog\u0105 uzyska\u0107 zweryfikowan\u0105 odznak\u0119 z ocen\u0105 powy\u017cej 4.5, na podstawie opinii klient\u00f3w z ostatnich 12 miesi\u0119cy. <a href=\"https:\/\/www.trustindex.io\/?a=sys&amp;c=wp-verified-badge&amp;url=\/the-trustindex-verified-badge\/\" target=\"_blank\">Przeczytaj wi\u0119cej<\/a><\/div> <\/div> <\/div>  <\/div> <\/div> <\/div> <\/template><\/pre><div data-src=\"https:\/\/cdn.trustindex.io\/loader.js?wp-widget\" data-template-id=\"trustindex-google-widget-html\" data-css-url=\"https:\/\/home-finish24.pl\/wp-content\/uploads\/trustindex-google-widget.css?1772089751\"><\/div>","protected":false},"excerpt":{"rendered":"<p>Potrzebujesz remontu mieszkania w Krakowie i okolicach? Skontaktuj si\u0119 z nami lub odwied\u017a nasz\u0105 firm\u0119! Specjalizujemy si\u0119 w kompleksowych remontach mieszka\u0144 w Warszawie. Oferujemy fachowe us\u0142ugi generalnego remontu na rynku wt\u00f3rnym. Gwarantujemy, \u017ce Twoje mieszkanie zostanie odnowione zgodnie z najnowszymi trendami w designie. Korzystamy z najwy\u017cszej jako\u015bci materia\u0142\u00f3w. Nasz zesp\u00f3\u0142 sk\u0142ada si\u0119 z wykwalifikowanych fachowc\u00f3w, [&hellip;]<\/p>\n","protected":false},"author":1,"featured_media":0,"parent":66,"menu_order":0,"comment_status":"closed","ping_status":"closed","template":"","meta":{"footnotes":""},"class_list":["post-548","page","type-page","status-publish","hentry"],"yoast_head":"<!-- This site is optimized with the Yoast SEO plugin v21.2 - https:\/\/yoast.com\/wordpress\/plugins\/seo\/ -->\n<title>Kompleksowe remonty i wyko\u0144czenia mieszka\u0144 - Krak\u00f3w - Home Finish<\/title>\n<meta name=\"description\" content=\"Oferujemy kompleksowe remonty i wyko\u0144czenia mieszka\u0144 w Krakowie \u2714\ufe0f Przygotujemy projekt \u2714\ufe0f Dobierzemy materia\u0142y \u2714\ufe0f Sprawd\u017a ju\u017c dzi\u015b!\" \/>\n<meta name=\"robots\" content=\"index, follow, max-snippet:-1, max-image-preview:large, max-video-preview:-1\" \/>\n<link rel=\"canonical\" href=\"https:\/\/home-finish24.pl\/en\/oferta\/remonty-mieszkan\/\" \/>\n<meta property=\"og:locale\" content=\"en_GB\" \/>\n<meta property=\"og:type\" content=\"article\" \/>\n<meta property=\"og:title\" content=\"Kompleksowe remonty i wyko\u0144czenia mieszka\u0144 - Krak\u00f3w - Home Finish\" \/>\n<meta property=\"og:description\" content=\"Oferujemy kompleksowe remonty i wyko\u0144czenia mieszka\u0144 w Krakowie \u2714\ufe0f Przygotujemy projekt \u2714\ufe0f Dobierzemy materia\u0142y \u2714\ufe0f Sprawd\u017a ju\u017c dzi\u015b!\" \/>\n<meta property=\"og:url\" content=\"https:\/\/home-finish24.pl\/en\/oferta\/remonty-mieszkan\/\" \/>\n<meta property=\"og:site_name\" content=\"Remonty i wyko\u0144czenie mieszkania - Home Finish Krak\u00f3w\" \/>\n<meta property=\"article:publisher\" content=\"https:\/\/www.facebook.com\/homefinish.hubert.babinski\/\" \/>\n<meta property=\"article:modified_time\" content=\"2025-07-31T11:16:14+00:00\" \/>\n<meta property=\"og:image\" content=\"https:\/\/home-finish24.pl\/wp-content\/uploads\/2017\/11\/Fotolia_181181866_S.jpg\" \/>\n<meta name=\"twitter:card\" content=\"summary_large_image\" \/>\n<meta name=\"twitter:site\" content=\"@home_finish\" \/>\n<meta name=\"twitter:label1\" content=\"Estimated reading time\" \/>\n\t<meta name=\"twitter:data1\" content=\"4 minutes\" \/>\n<script type=\"application\/ld+json\" class=\"yoast-schema-graph\">{\"@context\":\"https:\/\/schema.org\",\"@graph\":[{\"@type\":\"WebPage\",\"@id\":\"https:\/\/home-finish24.pl\/oferta\/remonty-mieszkan\/\",\"url\":\"https:\/\/home-finish24.pl\/oferta\/remonty-mieszkan\/\",\"name\":\"Kompleksowe remonty i wyko\u0144czenia mieszka\u0144 - Krak\u00f3w - Home Finish\",\"isPartOf\":{\"@id\":\"https:\/\/home-finish24.pl\/#website\"},\"datePublished\":\"2022-06-14T08:55:14+00:00\",\"dateModified\":\"2025-07-31T11:16:14+00:00\",\"description\":\"Oferujemy kompleksowe remonty i wyko\u0144czenia mieszka\u0144 w Krakowie \u2714\ufe0f Przygotujemy projekt \u2714\ufe0f Dobierzemy materia\u0142y \u2714\ufe0f Sprawd\u017a ju\u017c dzi\u015b!\",\"breadcrumb\":{\"@id\":\"https:\/\/home-finish24.pl\/oferta\/remonty-mieszkan\/#breadcrumb\"},\"inLanguage\":\"en-GB\",\"potentialAction\":[{\"@type\":\"ReadAction\",\"target\":[\"https:\/\/home-finish24.pl\/oferta\/remonty-mieszkan\/\"]}]},{\"@type\":\"BreadcrumbList\",\"@id\":\"https:\/\/home-finish24.pl\/oferta\/remonty-mieszkan\/#breadcrumb\",\"itemListElement\":[{\"@type\":\"ListItem\",\"position\":1,\"name\":\"Strona g\u0142\u00f3wna\",\"item\":\"https:\/\/home-finish24.pl\/\"},{\"@type\":\"ListItem\",\"position\":2,\"name\":\"Us\u0142ugi remontowo-wyko\u0144czeniowe &#8211; Krak\u00f3w\",\"item\":\"https:\/\/home-finish24.pl\/oferta\/\"},{\"@type\":\"ListItem\",\"position\":3,\"name\":\"Remonty mieszka\u0144 w Krakowie i okolicach\"}]},{\"@type\":\"WebSite\",\"@id\":\"https:\/\/home-finish24.pl\/#website\",\"url\":\"https:\/\/home-finish24.pl\/\",\"name\":\"Remonty i wyko\u0144czenie mieszkania - Home Finish Krak\u00f3w\",\"description\":\"Kompleksowe remonty, wyko\u0144czenia wn\u0119trz mieszka\u0144 i dom\u00f3w\",\"publisher\":{\"@id\":\"https:\/\/home-finish24.pl\/#organization\"},\"potentialAction\":[{\"@type\":\"SearchAction\",\"target\":{\"@type\":\"EntryPoint\",\"urlTemplate\":\"https:\/\/home-finish24.pl\/?s={search_term_string}\"},\"query-input\":\"required name=search_term_string\"}],\"inLanguage\":\"en-GB\"},{\"@type\":\"Organization\",\"@id\":\"https:\/\/home-finish24.pl\/#organization\",\"name\":\"Home Finish\",\"url\":\"https:\/\/home-finish24.pl\/\",\"logo\":{\"@type\":\"ImageObject\",\"inLanguage\":\"en-GB\",\"@id\":\"https:\/\/home-finish24.pl\/#\/schema\/logo\/image\/\",\"url\":\"https:\/\/home-finish24.pl\/wp-content\/uploads\/2017\/11\/logo_hf-1.png\",\"contentUrl\":\"https:\/\/home-finish24.pl\/wp-content\/uploads\/2017\/11\/logo_hf-1.png\",\"width\":601,\"height\":601,\"caption\":\"Home Finish\"},\"image\":{\"@id\":\"https:\/\/home-finish24.pl\/#\/schema\/logo\/image\/\"},\"sameAs\":[\"https:\/\/www.facebook.com\/homefinish.hubert.babinski\/\",\"https:\/\/twitter.com\/home_finish\",\"https:\/\/www.instagram.com\/homefinish24\/\"]}]}<\/script>\n<!-- \/ Yoast SEO plugin. -->","yoast_head_json":{"title":"Kompleksowe remonty i wyko\u0144czenia mieszka\u0144 - Krak\u00f3w - Home Finish","description":"Oferujemy kompleksowe remonty i wyko\u0144czenia mieszka\u0144 w Krakowie \u2714\ufe0f Przygotujemy projekt \u2714\ufe0f Dobierzemy materia\u0142y \u2714\ufe0f Sprawd\u017a ju\u017c dzi\u015b!","robots":{"index":"index","follow":"follow","max-snippet":"max-snippet:-1","max-image-preview":"max-image-preview:large","max-video-preview":"max-video-preview:-1"},"canonical":"https:\/\/home-finish24.pl\/en\/oferta\/remonty-mieszkan\/","og_locale":"en_GB","og_type":"article","og_title":"Kompleksowe remonty i wyko\u0144czenia mieszka\u0144 - Krak\u00f3w - Home Finish","og_description":"Oferujemy kompleksowe remonty i wyko\u0144czenia mieszka\u0144 w Krakowie \u2714\ufe0f Przygotujemy projekt \u2714\ufe0f Dobierzemy materia\u0142y \u2714\ufe0f Sprawd\u017a ju\u017c dzi\u015b!","og_url":"https:\/\/home-finish24.pl\/en\/oferta\/remonty-mieszkan\/","og_site_name":"Remonty i wyko\u0144czenie mieszkania - Home Finish Krak\u00f3w","article_publisher":"https:\/\/www.facebook.com\/homefinish.hubert.babinski\/","article_modified_time":"2025-07-31T11:16:14+00:00","og_image":[{"url":"https:\/\/home-finish24.pl\/wp-content\/uploads\/2017\/11\/Fotolia_181181866_S.jpg"}],"twitter_card":"summary_large_image","twitter_site":"@home_finish","twitter_misc":{"Estimated reading time":"4 minutes"},"schema":{"@context":"https:\/\/schema.org","@graph":[{"@type":"WebPage","@id":"https:\/\/home-finish24.pl\/oferta\/remonty-mieszkan\/","url":"https:\/\/home-finish24.pl\/oferta\/remonty-mieszkan\/","name":"Kompleksowe remonty i wyko\u0144czenia mieszka\u0144 - Krak\u00f3w - Home Finish","isPartOf":{"@id":"https:\/\/home-finish24.pl\/#website"},"datePublished":"2022-06-14T08:55:14+00:00","dateModified":"2025-07-31T11:16:14+00:00","description":"Oferujemy kompleksowe remonty i wyko\u0144czenia mieszka\u0144 w Krakowie \u2714\ufe0f Przygotujemy projekt \u2714\ufe0f Dobierzemy materia\u0142y \u2714\ufe0f Sprawd\u017a ju\u017c dzi\u015b!","breadcrumb":{"@id":"https:\/\/home-finish24.pl\/oferta\/remonty-mieszkan\/#breadcrumb"},"inLanguage":"en-GB","potentialAction":[{"@type":"ReadAction","target":["https:\/\/home-finish24.pl\/oferta\/remonty-mieszkan\/"]}]},{"@type":"BreadcrumbList","@id":"https:\/\/home-finish24.pl\/oferta\/remonty-mieszkan\/#breadcrumb","itemListElement":[{"@type":"ListItem","position":1,"name":"Strona g\u0142\u00f3wna","item":"https:\/\/home-finish24.pl\/"},{"@type":"ListItem","position":2,"name":"Us\u0142ugi remontowo-wyko\u0144czeniowe &#8211; Krak\u00f3w","item":"https:\/\/home-finish24.pl\/oferta\/"},{"@type":"ListItem","position":3,"name":"Remonty mieszka\u0144 w Krakowie i okolicach"}]},{"@type":"WebSite","@id":"https:\/\/home-finish24.pl\/#website","url":"https:\/\/home-finish24.pl\/","name":"Remonty i wyko\u0144czenie mieszkania - Home Finish Krak\u00f3w","description":"Kompleksowe remonty, wyko\u0144czenia wn\u0119trz mieszka\u0144 i dom\u00f3w","publisher":{"@id":"https:\/\/home-finish24.pl\/#organization"},"potentialAction":[{"@type":"SearchAction","target":{"@type":"EntryPoint","urlTemplate":"https:\/\/home-finish24.pl\/?s={search_term_string}"},"query-input":"required name=search_term_string"}],"inLanguage":"en-GB"},{"@type":"Organization","@id":"https:\/\/home-finish24.pl\/#organization","name":"Home Finish","url":"https:\/\/home-finish24.pl\/","logo":{"@type":"ImageObject","inLanguage":"en-GB","@id":"https:\/\/home-finish24.pl\/#\/schema\/logo\/image\/","url":"https:\/\/home-finish24.pl\/wp-content\/uploads\/2017\/11\/logo_hf-1.png","contentUrl":"https:\/\/home-finish24.pl\/wp-content\/uploads\/2017\/11\/logo_hf-1.png","width":601,"height":601,"caption":"Home Finish"},"image":{"@id":"https:\/\/home-finish24.pl\/#\/schema\/logo\/image\/"},"sameAs":["https:\/\/www.facebook.com\/homefinish.hubert.babinski\/","https:\/\/twitter.com\/home_finish","https:\/\/www.instagram.com\/homefinish24\/"]}]}},"dictionaries":{"dictionaries":[]},"_links":{"self":[{"href":"https:\/\/home-finish24.pl\/en\/wp-json\/wp\/v2\/pages\/548","targetHints":{"allow":["GET"]}}],"collection":[{"href":"https:\/\/home-finish24.pl\/en\/wp-json\/wp\/v2\/pages"}],"about":[{"href":"https:\/\/home-finish24.pl\/en\/wp-json\/wp\/v2\/types\/page"}],"author":[{"embeddable":true,"href":"https:\/\/home-finish24.pl\/en\/wp-json\/wp\/v2\/users\/1"}],"replies":[{"embeddable":true,"href":"https:\/\/home-finish24.pl\/en\/wp-json\/wp\/v2\/comments?post=548"}],"version-history":[{"count":10,"href":"https:\/\/home-finish24.pl\/en\/wp-json\/wp\/v2\/pages\/548\/revisions"}],"predecessor-version":[{"id":1151,"href":"https:\/\/home-finish24.pl\/en\/wp-json\/wp\/v2\/pages\/548\/revisions\/1151"}],"up":[{"embeddable":true,"href":"https:\/\/home-finish24.pl\/en\/wp-json\/wp\/v2\/pages\/66"}],"wp:attachment":[{"href":"https:\/\/home-finish24.pl\/en\/wp-json\/wp\/v2\/media?parent=548"}],"curies":[{"name":"wp","href":"https:\/\/api.w.org\/{rel}","templated":true}]}}