{"id":538,"date":"2022-06-14T10:42:24","date_gmt":"2022-06-14T08:42:24","guid":{"rendered":"https:\/\/home-finish24.pl\/?page_id=538"},"modified":"2025-06-02T23:16:01","modified_gmt":"2025-06-02T21:16:01","slug":"aranzacje-wnetrz","status":"publish","type":"page","link":"https:\/\/home-finish24.pl\/en\/aranzacje-wnetrz\/","title":{"rendered":"Aran\u017cacja wn\u0119trz \u2013 Krak\u00f3w"},"content":{"rendered":"<div class=\"wp-block-columns is-layout-flex wp-container-core-columns-is-layout-28f84493 wp-block-columns-is-layout-flex\">\n<div class=\"wp-block-column is-layout-flow wp-block-column-is-layout-flow\" style=\"flex-basis:33.33%\">\n<div class=\"wp-block-buttons alignfull is-layout-flex wp-block-buttons-is-layout-flex\">\n<div class=\"wp-block-button aligncenter\"><a class=\"wp-block-button__link wp-element-button\" href=\"tel:+48503126160\">tel: 503126160<\/a><\/div>\n\n\n\n<div class=\"wp-block-button aligncenter\"><a class=\"wp-block-button__link wp-element-button\" href=\"mailto: biuro@home-finish24.pl\">e-mail<\/a><\/div>\n<\/div>\n\n\n\n<p>Potrzebujesz aran\u017cacji wn\u0119trz? Skontaktuj si\u0119 z nami lub odwied\u017a nasz\u0105 firm\u0119!<\/p>\n<\/div>\n\n\n\n<div class=\"wp-block-column is-layout-flow wp-block-column-is-layout-flow\" style=\"flex-basis:66.66%\">\n<center><iframe src=\"https:\/\/www.google.com\/maps\/embed?pb=!1m14!1m8!1m3!1d10249.664868008058!2d19.9544881!3d50.0410339!3m2!1i1024!2i768!4f13.1!3m3!1m2!1s0x47165b6f95fdf83b%3A0x2b7e691b29ddd109!2sHome%20Finish%20Hubert%20Babi%C5%84ski%20-%20Wyko%C5%84czenia%20wn%C4%99trz!5e0!3m2!1spl!2spl!4v1693217288702!5m2!1spl!2spl\" width=\"400\" height=\"300\" style=\"border:0;\" allowfullscreen=\"\" loading=\"lazy\" referrerpolicy=\"no-referrer-when-downgrade\"><\/iframe><\/center>\n<\/div>\n<\/div>\n\n\n\n<p>Atrakcyjne projekty aran\u017cacji wn\u0119trz \u0142\u0105cz\u0105 w sobie kreatywno\u015b\u0107, funkcjonalno\u015b\u0107 i estetyk\u0119. Projektant wn\u0119trz tworzy przestrzenie idealnie dopasowane do potrzeb i gust\u00f3w klient\u00f3w. Nasza pracownia projektowania wn\u0119trz oferuje projekty mieszkalne, kt\u00f3re charakteryzuj\u0105 si\u0119 unikalnym designem i przemy\u015blanym wykorzystaniem przestrzeni. Wsp\u00f3\u0142pracujemy z klientami na ka\u017cdym etapie procesu projektowego: od wst\u0119pnego poznania stylu \u017cycia oraz preferencji, poprzez selekcj\u0119 materia\u0142\u00f3w i kolor\u00f3w, a\u017c po ostateczne detale dekoracyjne. Dzi\u0119ki takiemu podej\u015bciu powstaj\u0105 funkcjonalne nowoczesne wn\u0119trza.<\/p>\n\n\n\n<p>Jednym z atut\u00f3w naszej pracowni wn\u0119trz jest terminowa realizacja projekt\u00f3w. Zdajemy sobie spraw\u0119, jak wa\u017cna jest punktualno\u015b\u0107 w dziedzinie aran\u017cacji wn\u0119trz, szczeg\u00f3lnie w kontek\u015bcie remont\u00f3w lub przygotowa\u0144 do przeprowadzki. Wykorzystujemy sprawdzone metody zarz\u0105dzania projektami, aby wszystkie prace by\u0142y wykonane zgodnie z ustalonym harmonogramem. Stawiamy na transparentno\u015b\u0107. To pozwala na bie\u017c\u0105co informowa\u0107 o post\u0119pach i ewentualnych zmianach. Dzi\u0119ki temu nasi klienci mog\u0105 by\u0107 pewni, \u017ce ich wymarzone wn\u0119trze zostanie zrealizowane na czas, bez kompromis\u00f3w w zakresie jako\u015bci oraz zgodnie z ich wizj\u0105.<\/p>\n\n\n\n<figure class=\"wp-block-image aligncenter size-full is-resized\"><img fetchpriority=\"high\" decoding=\"async\" width=\"849\" height=\"566\" src=\"https:\/\/home-finish24.pl\/wp-content\/uploads\/2017\/11\/Fotolia_181181866_S.jpg\" alt=\"projektowanie wn\u0119trz krak\u00f3w\" class=\"wp-image-153\" style=\"aspect-ratio:1.5;width:659px;height:auto\" srcset=\"https:\/\/home-finish24.pl\/wp-content\/uploads\/2017\/11\/Fotolia_181181866_S.jpg 849w, https:\/\/home-finish24.pl\/wp-content\/uploads\/2017\/11\/Fotolia_181181866_S-300x200.jpg 300w, https:\/\/home-finish24.pl\/wp-content\/uploads\/2017\/11\/Fotolia_181181866_S-768x512.jpg 768w\" sizes=\"(max-width: 849px) 100vw, 849px\" \/><\/figure>\n\n\n\n<h2 class=\"wp-block-heading\">Meble sypialniane wykonane na wymiar \u2014 wystr\u00f3j sypialni Twoich marze\u0144<\/h2>\n\n\n\n<p>Funkcjonalne meble do sypialni to dobry wyb\u00f3r dla tych, kt\u00f3rzy pragn\u0105 stworzy\u0107 wystr\u00f3j marze\u0144. Sypialnia na wymiar jest w 100% dopasowana do indywidualnych potrzeb. Ka\u017cdy element, od \u0142\u00f3\u017cka, przez szafy, a\u017c po stoliki nocne komody czy stylowe toaletki, jest starannie wykonany. Prawid\u0142owo zaprojektowane meble na wymiar nie tylko maksymalizuj\u0105 wykorzystanie dost\u0119pnej przestrzeni, ale r\u00f3wnie\u017c pozwalaj\u0105 na stworzenie sp\u00f3jnej kompozycji, kt\u00f3ra odzwierciedla osobisty charakter u\u017cytkownika. Wyb\u00f3r materia\u0142\u00f3w, kolor\u00f3w i wyko\u0144cze\u0144 stwarza nieograniczone mo\u017cliwo\u015bci aran\u017cacyjne. Drzwi przesuwne polecamy do pokoi o ma\u0142ym metra\u017cu.<\/p>\n\n\n\n<p>Inwestycja w meble sypialniane wykonane na wymiar gwarantuje wysok\u0105 jako\u015b\u0107 i trwa\u0142o\u015b\u0107. Korzystaj\u0105c z us\u0142ug do\u015bwiadczonych specjalist\u00f3w, zyskujesz wysokiej klasy materia\u0142y. Takie wyposa\u017cenie sypialni jest wytrzyma\u0142e oraz odporne na uszkodzenia. Dzi\u0119ki odpowiedniemu modelowi zabudowy sypialnia staje si\u0119 osobistym azylem, miejscem idealnym do odpoczynku, w kt\u00f3rym na\u0142adujesz swoje baterie.<\/p>\n\n\n\n<h3 class=\"wp-block-heading\">Wysokiej jako\u015bci meble \u2014 projekt sypialni: funkcjonalna szafa, szafki nocne i \u0142\u00f3\u017cka tapicerowane<\/h3>\n\n\n\n<p>Wysokiej jako\u015bci szafy naro\u017cne oferuj\u0105 przestronne miejsce do przechowywania ubra\u0144 i akcesori\u00f3w. Cz\u0119sto s\u0105 wyposa\u017cone w elementy, takie jak:<\/p>\n\n\n\n<ul class=\"wp-block-list\">\n<li>p\u00f3\u0142ki,<\/li>\n\n\n\n<li>szuflady,<\/li>\n\n\n\n<li>systemy do przechowywania bi\u017cuterii lub innych drobnych przedmiot\u00f3w.<\/li>\n<\/ul>\n\n\n\n<p>Oferuj\u0105 innowacyjne rozwi\u0105zania: o\u015bwietlenie LED lub systemy cichego domyku. To podnosi komfort u\u017cytkowania, nadaje wyposa\u017ceniu luksusowy charakter.<\/p>\n\n\n\n<p>Modne meble, panele tapicerowane i \u0142\u00f3\u017cka tapicerowane to kolejne elementy, kt\u00f3re przyczyniaj\u0105 si\u0119 do stworzenia stylowej, komfortowej sypialni. Szafki nocne, wykonane z wysokiej jako\u015bci materia\u0142\u00f3w, powinny harmonijnie komponowa\u0107 si\u0119 z reszt\u0105 wystroju, oferuj\u0105c praktyczne schowki na niezb\u0119dne przedmioty. \u0141\u00f3\u017cka stanowi\u0105 centralny punkt ka\u017cdej aran\u017cacji. Wybieraj\u0105c meble do spania, inwestujesz w wygodny sen. Nowoczesne meble do sypialni s\u0105 dost\u0119pne w r\u00f3\u017cnych wzorach i kolorach umo\u017cliwiaj\u0105 stworzenie spersonalizowanego wn\u0119trza. Postaw na funkcjonalno\u015b\u0107 przestrzeni razem z nami!<\/p>\n\n\n<pre class=\"ti-widget\" style=\"display: none\"><template id=\"trustindex-google-widget-html\"><div class=\"ti-widget  ti-goog ti-show-rating-text ti-review-text-mode-readmore ti-text-align-left\" data-no-translation=\"true\" data-time-locale=\"%d %s temu|dzi\u015b|dzie\u0144|dni|tydzie\u0144|tygodni|miesi\u0105c|miesi\u0119cy|rok|lat\" data-plugin-version=\"13.2.7\" data-layout-id=\"5\" data-layout-category=\"slider\" data-set-id=\"light-background\" data-pid=\"\" data-language=\"pl\" data-close-locale=\"Zamkn\u0105\u0107\" data-review-target-width=\"275\" data-css-version=\"2\" data-reply-by-locale=\"Odpowied\u017a w\u0142a\u015bciciela\" data-only-rating-locale=\"Ten u\u017cytkownik wystawi\u0142 tylko ocen\u0119.\" data-pager-autoplay-timeout=\"6\"> <div class=\"ti-widget-container ti-col-4\"> <div class=\"ti-footer ti-footer-grid source-Google\"> <div class=\"ti-fade-container\"> <div class=\"ti-rating-text\"> <strong class=\"ti-rating ti-rating-large\"> DOSKONA\u0141A <\/strong> <\/div> <span class=\"ti-stars star-lg\"><trustindex-image class=\"ti-star\" data-imgurl=\"https:\/\/cdn.trustindex.io\/assets\/platform\/Google\/star\/f.svg\" alt=\"Google\" width=\"17\" height=\"17\" loading=\"lazy\"><\/trustindex-image><trustindex-image class=\"ti-star\" data-imgurl=\"https:\/\/cdn.trustindex.io\/assets\/platform\/Google\/star\/f.svg\" alt=\"Google\" width=\"17\" height=\"17\" loading=\"lazy\"><\/trustindex-image><trustindex-image class=\"ti-star\" data-imgurl=\"https:\/\/cdn.trustindex.io\/assets\/platform\/Google\/star\/f.svg\" alt=\"Google\" width=\"17\" height=\"17\" loading=\"lazy\"><\/trustindex-image><trustindex-image class=\"ti-star\" data-imgurl=\"https:\/\/cdn.trustindex.io\/assets\/platform\/Google\/star\/f.svg\" alt=\"Google\" width=\"17\" height=\"17\" loading=\"lazy\"><\/trustindex-image><trustindex-image class=\"ti-star\" data-imgurl=\"https:\/\/cdn.trustindex.io\/assets\/platform\/Google\/star\/f.svg\" alt=\"Google\" width=\"17\" height=\"17\" loading=\"lazy\"><\/trustindex-image><\/span> <div class=\"ti-rating-text\"> <span class=\"nowrap\">Na podstawie <strong>1 opinii<\/strong><\/span> <\/div> <div class=\"ti-large-logo\"> <div class=\"ti-v-center\"> <trustindex-image class=\"ti-logo-fb\" data-imgurl=\"https:\/\/cdn.trustindex.io\/assets\/platform\/Google\/logo.svg\" width=\"150\" height=\"25\" loading=\"lazy\" alt=\"Google\"><\/trustindex-image> <\/div> <\/div> <\/div> <\/div> <div class=\"ti-reviews-container\"> <div class=\"ti-controls\"> <div class=\"ti-next\" aria-label=\"Nast\u0119pna recenzj\u0119\" role=\"button\" tabindex=\"0\"><\/div> <div class=\"ti-prev\" aria-label=\"Poprzednia recenzj\u0119\" role=\"button\" tabindex=\"0\"><\/div> <\/div> <div class=\"ti-reviews-container-wrapper\">  <div data-empty=\"0\" data-time=\"1743379200\" class=\"ti-review-item source-Google ti-image-layout-thumbnail\" data-id=\"cfcd208495d565ef66e7dff9f98764da\"> <div class=\"ti-inner\"> <div class=\"ti-review-header\"> <div class=\"ti-platform-icon ti-with-tooltip\"> <span class=\"ti-tooltip\">Opublikowano na <\/span> <trustindex-image data-imgurl=\"https:\/\/cdn.trustindex.io\/assets\/platform\/Google\/icon.svg\" alt=\"\" width=\"20\" height=\"20\" loading=\"lazy\"><\/trustindex-image> <\/div> <div class=\"ti-profile-img\"> <trustindex-image data-imgurl=\"https:\/\/lh3.googleusercontent.com\/a-\/ALV-UjWzIftPowwpCKc4TllR8W2V1e8AqFU37rom3cYOj0Jfl2DfH8vp=w40-h40-c-rp-mo-ba3-br100\" alt=\"Miranda Misia Misi\u0144ska profile picture\" loading=\"lazy\"><\/trustindex-image> <\/div> <div class=\"ti-profile-details\"> <div class=\"ti-name\"> Miranda Misia Misi\u0144ska <\/div> <div class=\"ti-date\"><\/div> <\/div> <\/div> <span class=\"ti-stars\"><trustindex-image class=\"ti-star\" data-imgurl=\"https:\/\/cdn.trustindex.io\/assets\/platform\/Google\/star\/f.svg\" alt=\"Google\" width=\"17\" height=\"17\" loading=\"lazy\"><\/trustindex-image><trustindex-image class=\"ti-star\" data-imgurl=\"https:\/\/cdn.trustindex.io\/assets\/platform\/Google\/star\/f.svg\" alt=\"Google\" width=\"17\" height=\"17\" loading=\"lazy\"><\/trustindex-image><trustindex-image class=\"ti-star\" data-imgurl=\"https:\/\/cdn.trustindex.io\/assets\/platform\/Google\/star\/f.svg\" alt=\"Google\" width=\"17\" height=\"17\" loading=\"lazy\"><\/trustindex-image><trustindex-image class=\"ti-star\" data-imgurl=\"https:\/\/cdn.trustindex.io\/assets\/platform\/Google\/star\/f.svg\" alt=\"Google\" width=\"17\" height=\"17\" loading=\"lazy\"><\/trustindex-image><trustindex-image class=\"ti-star\" data-imgurl=\"https:\/\/cdn.trustindex.io\/assets\/platform\/Google\/star\/f.svg\" alt=\"Google\" width=\"17\" height=\"17\" loading=\"lazy\"><\/trustindex-image><span class=\"ti-verified-review ti-verified-platform\"><span class=\"ti-verified-tooltip\">Trustindex sprawdza, czy pierwotnym \u017ar\u00f3d\u0142em recenzji jest Google.<\/span><\/span><\/span> <div class=\"ti-review-text-container ti-review-content\"><!-- R-CONTENT -->Korzysta\u0142am z us\u0142ug Home Design przy remoncie mieszkania i jestem zachwycona! Profesjonalna ekipa, \u015bwietna jako\u015b\u0107 wykonania i dba\u0142o\u015b\u0107 o ka\u017cdy detal. Prace zako\u0144czone terminowo, a efekt przer\u00f3s\u0142 moje oczekiwania. Do tego czysto\u015b\u0107 i porz\u0105dek po zako\u0144czeniu remontu. Zdecydowanie polecam! \u2b50\u2b50\u2b50\u2b50\u2b50<!-- R-CONTENT --><\/div> <span class=\"ti-read-more\" data-container=\".ti-review-content\" data-collapse-text=\"Ukryj\" data-open-text=\"Czytaj wi\u0119cej\"><\/span> <\/div> <\/div>  <\/div> <div class=\"ti-controls-line\"> <div class=\"dot\"><\/div> <\/div>   <div class=\"ti-verified-by ti-verified-by-row\" data-style=\"1\"> <div class=\"ti-inner\"> Potwierdzono przez: Trustindex <span class=\"ti-info-icon\"><\/span> <div class=\"ti-disclaimer\">Zweryfikowana odznaka Trustindex to Uniwersalny Symbol Zaufania. Tylko najlepsze firmy mog\u0105 uzyska\u0107 zweryfikowan\u0105 odznak\u0119 z ocen\u0105 powy\u017cej 4.5, na podstawie opinii klient\u00f3w z ostatnich 12 miesi\u0119cy. <a href=\"https:\/\/www.trustindex.io\/?a=sys&amp;c=wp-verified-badge&amp;url=\/the-trustindex-verified-badge\/\" target=\"_blank\">Przeczytaj wi\u0119cej<\/a><\/div> <\/div> <\/div>  <\/div> <\/div> <\/div> <\/template><\/pre><div data-src=\"https:\/\/cdn.trustindex.io\/loader.js?wp-widget\" data-template-id=\"trustindex-google-widget-html\" data-css-url=\"https:\/\/home-finish24.pl\/wp-content\/uploads\/trustindex-google-widget.css?1772089751\"><\/div>","protected":false},"excerpt":{"rendered":"<p>Potrzebujesz aran\u017cacji wn\u0119trz? Skontaktuj si\u0119 z nami lub odwied\u017a nasz\u0105 firm\u0119! Atrakcyjne projekty aran\u017cacji wn\u0119trz \u0142\u0105cz\u0105 w sobie kreatywno\u015b\u0107, funkcjonalno\u015b\u0107 i estetyk\u0119. Projektant wn\u0119trz tworzy przestrzenie idealnie dopasowane do potrzeb i gust\u00f3w klient\u00f3w. Nasza pracownia projektowania wn\u0119trz oferuje projekty mieszkalne, kt\u00f3re charakteryzuj\u0105 si\u0119 unikalnym designem i przemy\u015blanym wykorzystaniem przestrzeni. Wsp\u00f3\u0142pracujemy z klientami na ka\u017cdym etapie [&hellip;]<\/p>\n","protected":false},"author":1,"featured_media":0,"parent":0,"menu_order":0,"comment_status":"closed","ping_status":"closed","template":"","meta":{"footnotes":""},"class_list":["post-538","page","type-page","status-publish","hentry"],"yoast_head":"<!-- This site is optimized with the Yoast SEO plugin v21.2 - https:\/\/yoast.com\/wordpress\/plugins\/seo\/ -->\n<title>Aran\u017cacja wn\u0119trz \u2013 Krak\u00f3w - domy - mieszkania | Home Finish<\/title>\n<meta name=\"description\" content=\"Oferujemy aran\u017cacj\u0119 wn\u0119trz w Krakowie - dom\u00f3w, mieszka\u0144 i nie tylko \u2b50 profesjonalizm \u2714\ufe0f terminowo\u015b\u0107 \u2714\ufe0f estetyka \u2714\ufe0f wpadnij!\" \/>\n<meta name=\"robots\" content=\"index, follow, max-snippet:-1, max-image-preview:large, max-video-preview:-1\" \/>\n<link rel=\"canonical\" href=\"https:\/\/home-finish24.pl\/en\/aranzacje-wnetrz\/\" \/>\n<meta property=\"og:locale\" content=\"en_GB\" \/>\n<meta property=\"og:type\" content=\"article\" \/>\n<meta property=\"og:title\" content=\"Aran\u017cacja wn\u0119trz \u2013 Krak\u00f3w - domy - mieszkania | Home Finish\" \/>\n<meta property=\"og:description\" content=\"Oferujemy aran\u017cacj\u0119 wn\u0119trz w Krakowie - dom\u00f3w, mieszka\u0144 i nie tylko \u2b50 profesjonalizm \u2714\ufe0f terminowo\u015b\u0107 \u2714\ufe0f estetyka \u2714\ufe0f wpadnij!\" \/>\n<meta property=\"og:url\" content=\"https:\/\/home-finish24.pl\/en\/aranzacje-wnetrz\/\" \/>\n<meta property=\"og:site_name\" content=\"Remonty i wyko\u0144czenie mieszkania - Home Finish Krak\u00f3w\" \/>\n<meta property=\"article:publisher\" content=\"https:\/\/www.facebook.com\/homefinish.hubert.babinski\/\" \/>\n<meta property=\"article:modified_time\" content=\"2025-06-02T21:16:01+00:00\" \/>\n<meta property=\"og:image\" content=\"https:\/\/home-finish24.pl\/wp-content\/uploads\/2017\/11\/Fotolia_181181866_S.jpg\" \/>\n<meta name=\"twitter:card\" content=\"summary_large_image\" \/>\n<meta name=\"twitter:site\" content=\"@home_finish\" \/>\n<meta name=\"twitter:label1\" content=\"Estimated reading time\" \/>\n\t<meta name=\"twitter:data1\" content=\"3 minutes\" \/>\n<script type=\"application\/ld+json\" class=\"yoast-schema-graph\">{\"@context\":\"https:\/\/schema.org\",\"@graph\":[{\"@type\":\"WebPage\",\"@id\":\"https:\/\/home-finish24.pl\/aranzacje-wnetrz\/\",\"url\":\"https:\/\/home-finish24.pl\/aranzacje-wnetrz\/\",\"name\":\"Aran\u017cacja wn\u0119trz \u2013 Krak\u00f3w - domy - mieszkania | Home Finish\",\"isPartOf\":{\"@id\":\"https:\/\/home-finish24.pl\/#website\"},\"datePublished\":\"2022-06-14T08:42:24+00:00\",\"dateModified\":\"2025-06-02T21:16:01+00:00\",\"description\":\"Oferujemy aran\u017cacj\u0119 wn\u0119trz w Krakowie - dom\u00f3w, mieszka\u0144 i nie tylko \u2b50 profesjonalizm \u2714\ufe0f terminowo\u015b\u0107 \u2714\ufe0f estetyka \u2714\ufe0f wpadnij!\",\"breadcrumb\":{\"@id\":\"https:\/\/home-finish24.pl\/aranzacje-wnetrz\/#breadcrumb\"},\"inLanguage\":\"en-GB\",\"potentialAction\":[{\"@type\":\"ReadAction\",\"target\":[\"https:\/\/home-finish24.pl\/aranzacje-wnetrz\/\"]}]},{\"@type\":\"BreadcrumbList\",\"@id\":\"https:\/\/home-finish24.pl\/aranzacje-wnetrz\/#breadcrumb\",\"itemListElement\":[{\"@type\":\"ListItem\",\"position\":1,\"name\":\"Strona g\u0142\u00f3wna\",\"item\":\"https:\/\/home-finish24.pl\/\"},{\"@type\":\"ListItem\",\"position\":2,\"name\":\"Aran\u017cacja wn\u0119trz \u2013 Krak\u00f3w\"}]},{\"@type\":\"WebSite\",\"@id\":\"https:\/\/home-finish24.pl\/#website\",\"url\":\"https:\/\/home-finish24.pl\/\",\"name\":\"Remonty i wyko\u0144czenie mieszkania - Home Finish Krak\u00f3w\",\"description\":\"Kompleksowe remonty, wyko\u0144czenia wn\u0119trz mieszka\u0144 i dom\u00f3w\",\"publisher\":{\"@id\":\"https:\/\/home-finish24.pl\/#organization\"},\"potentialAction\":[{\"@type\":\"SearchAction\",\"target\":{\"@type\":\"EntryPoint\",\"urlTemplate\":\"https:\/\/home-finish24.pl\/?s={search_term_string}\"},\"query-input\":\"required name=search_term_string\"}],\"inLanguage\":\"en-GB\"},{\"@type\":\"Organization\",\"@id\":\"https:\/\/home-finish24.pl\/#organization\",\"name\":\"Home Finish\",\"url\":\"https:\/\/home-finish24.pl\/\",\"logo\":{\"@type\":\"ImageObject\",\"inLanguage\":\"en-GB\",\"@id\":\"https:\/\/home-finish24.pl\/#\/schema\/logo\/image\/\",\"url\":\"https:\/\/home-finish24.pl\/wp-content\/uploads\/2017\/11\/logo_hf-1.png\",\"contentUrl\":\"https:\/\/home-finish24.pl\/wp-content\/uploads\/2017\/11\/logo_hf-1.png\",\"width\":601,\"height\":601,\"caption\":\"Home Finish\"},\"image\":{\"@id\":\"https:\/\/home-finish24.pl\/#\/schema\/logo\/image\/\"},\"sameAs\":[\"https:\/\/www.facebook.com\/homefinish.hubert.babinski\/\",\"https:\/\/twitter.com\/home_finish\",\"https:\/\/www.instagram.com\/homefinish24\/\"]}]}<\/script>\n<!-- \/ Yoast SEO plugin. -->","yoast_head_json":{"title":"Aran\u017cacja wn\u0119trz \u2013 Krak\u00f3w - domy - mieszkania | Home Finish","description":"Oferujemy aran\u017cacj\u0119 wn\u0119trz w Krakowie - dom\u00f3w, mieszka\u0144 i nie tylko \u2b50 profesjonalizm \u2714\ufe0f terminowo\u015b\u0107 \u2714\ufe0f estetyka \u2714\ufe0f wpadnij!","robots":{"index":"index","follow":"follow","max-snippet":"max-snippet:-1","max-image-preview":"max-image-preview:large","max-video-preview":"max-video-preview:-1"},"canonical":"https:\/\/home-finish24.pl\/en\/aranzacje-wnetrz\/","og_locale":"en_GB","og_type":"article","og_title":"Aran\u017cacja wn\u0119trz \u2013 Krak\u00f3w - domy - mieszkania | Home Finish","og_description":"Oferujemy aran\u017cacj\u0119 wn\u0119trz w Krakowie - dom\u00f3w, mieszka\u0144 i nie tylko \u2b50 profesjonalizm \u2714\ufe0f terminowo\u015b\u0107 \u2714\ufe0f estetyka \u2714\ufe0f wpadnij!","og_url":"https:\/\/home-finish24.pl\/en\/aranzacje-wnetrz\/","og_site_name":"Remonty i wyko\u0144czenie mieszkania - Home Finish Krak\u00f3w","article_publisher":"https:\/\/www.facebook.com\/homefinish.hubert.babinski\/","article_modified_time":"2025-06-02T21:16:01+00:00","og_image":[{"url":"https:\/\/home-finish24.pl\/wp-content\/uploads\/2017\/11\/Fotolia_181181866_S.jpg"}],"twitter_card":"summary_large_image","twitter_site":"@home_finish","twitter_misc":{"Estimated reading time":"3 minutes"},"schema":{"@context":"https:\/\/schema.org","@graph":[{"@type":"WebPage","@id":"https:\/\/home-finish24.pl\/aranzacje-wnetrz\/","url":"https:\/\/home-finish24.pl\/aranzacje-wnetrz\/","name":"Aran\u017cacja wn\u0119trz \u2013 Krak\u00f3w - domy - mieszkania | Home Finish","isPartOf":{"@id":"https:\/\/home-finish24.pl\/#website"},"datePublished":"2022-06-14T08:42:24+00:00","dateModified":"2025-06-02T21:16:01+00:00","description":"Oferujemy aran\u017cacj\u0119 wn\u0119trz w Krakowie - dom\u00f3w, mieszka\u0144 i nie tylko \u2b50 profesjonalizm \u2714\ufe0f terminowo\u015b\u0107 \u2714\ufe0f estetyka \u2714\ufe0f wpadnij!","breadcrumb":{"@id":"https:\/\/home-finish24.pl\/aranzacje-wnetrz\/#breadcrumb"},"inLanguage":"en-GB","potentialAction":[{"@type":"ReadAction","target":["https:\/\/home-finish24.pl\/aranzacje-wnetrz\/"]}]},{"@type":"BreadcrumbList","@id":"https:\/\/home-finish24.pl\/aranzacje-wnetrz\/#breadcrumb","itemListElement":[{"@type":"ListItem","position":1,"name":"Strona g\u0142\u00f3wna","item":"https:\/\/home-finish24.pl\/"},{"@type":"ListItem","position":2,"name":"Aran\u017cacja wn\u0119trz \u2013 Krak\u00f3w"}]},{"@type":"WebSite","@id":"https:\/\/home-finish24.pl\/#website","url":"https:\/\/home-finish24.pl\/","name":"Remonty i wyko\u0144czenie mieszkania - Home Finish Krak\u00f3w","description":"Kompleksowe remonty, wyko\u0144czenia wn\u0119trz mieszka\u0144 i dom\u00f3w","publisher":{"@id":"https:\/\/home-finish24.pl\/#organization"},"potentialAction":[{"@type":"SearchAction","target":{"@type":"EntryPoint","urlTemplate":"https:\/\/home-finish24.pl\/?s={search_term_string}"},"query-input":"required name=search_term_string"}],"inLanguage":"en-GB"},{"@type":"Organization","@id":"https:\/\/home-finish24.pl\/#organization","name":"Home Finish","url":"https:\/\/home-finish24.pl\/","logo":{"@type":"ImageObject","inLanguage":"en-GB","@id":"https:\/\/home-finish24.pl\/#\/schema\/logo\/image\/","url":"https:\/\/home-finish24.pl\/wp-content\/uploads\/2017\/11\/logo_hf-1.png","contentUrl":"https:\/\/home-finish24.pl\/wp-content\/uploads\/2017\/11\/logo_hf-1.png","width":601,"height":601,"caption":"Home Finish"},"image":{"@id":"https:\/\/home-finish24.pl\/#\/schema\/logo\/image\/"},"sameAs":["https:\/\/www.facebook.com\/homefinish.hubert.babinski\/","https:\/\/twitter.com\/home_finish","https:\/\/www.instagram.com\/homefinish24\/"]}]}},"dictionaries":{"dictionaries":[]},"_links":{"self":[{"href":"https:\/\/home-finish24.pl\/en\/wp-json\/wp\/v2\/pages\/538","targetHints":{"allow":["GET"]}}],"collection":[{"href":"https:\/\/home-finish24.pl\/en\/wp-json\/wp\/v2\/pages"}],"about":[{"href":"https:\/\/home-finish24.pl\/en\/wp-json\/wp\/v2\/types\/page"}],"author":[{"embeddable":true,"href":"https:\/\/home-finish24.pl\/en\/wp-json\/wp\/v2\/users\/1"}],"replies":[{"embeddable":true,"href":"https:\/\/home-finish24.pl\/en\/wp-json\/wp\/v2\/comments?post=538"}],"version-history":[{"count":11,"href":"https:\/\/home-finish24.pl\/en\/wp-json\/wp\/v2\/pages\/538\/revisions"}],"predecessor-version":[{"id":1132,"href":"https:\/\/home-finish24.pl\/en\/wp-json\/wp\/v2\/pages\/538\/revisions\/1132"}],"wp:attachment":[{"href":"https:\/\/home-finish24.pl\/en\/wp-json\/wp\/v2\/media?parent=538"}],"curies":[{"name":"wp","href":"https:\/\/api.w.org\/{rel}","templated":true}]}}