{"id":309,"date":"2020-06-17T16:38:50","date_gmt":"2020-06-17T14:38:50","guid":{"rendered":"https:\/\/home-finish24.pl\/?page_id=309"},"modified":"2022-05-17T12:12:41","modified_gmt":"2022-05-17T10:12:41","slug":"meble-do-zabudowy","status":"publish","type":"page","link":"https:\/\/home-finish24.pl\/en\/meble-na-wymiar\/meble-do-zabudowy\/","title":{"rendered":"Meble do zabudowy"},"content":{"rendered":"<h2 class=\"wp-block-heading\">Wysokiej jako\u015bci meble do zabudowy Krak\u00f3w <\/h2>\n\n\n\n<p>Du\u017c\u0105 popularno\u015bci\u0105 ciesz\u0105 si\u0119 <em>meble do zabudowy<\/em>. To \u015bwietny spos\u00f3b, aby zachowa\u0107 sp\u00f3jn\u0105 estetyk\u0119 miejsca, a tak\u017ce ukry\u0107 sprz\u0119t AGD za frontami mebli. Z ich pomoc\u0105 stworzysz jedn\u0105 p\u0142aszczyzn\u0119, kt\u00f3ra b\u0119dzie pasowa\u0107 do pozosta\u0142ych element\u00f3w aran\u017cacji zar\u00f3wno w kuchni, jak i w innych pomieszczeniach w domu. Oferujemy wysokiej jako\u015bci <strong>meble do zabudowy na wymiar<\/strong> stworzone z my\u015bl\u0105 o indywidualnych potrzebach. W oparciu o projekt stworzymy dla Ciebie realizacj\u0119, kt\u00f3ra zapewni harmoni\u0119 i spokoju. Zobacz r\u00f3wnie\u017c, jak powinien wygl\u0105da\u0107 prawid\u0142owy <a href=\"https:\/\/home-finish24.pl\/en\/oferta\/dobor-materialow\/\">dob\u00f3r materia\u0142\u00f3w do remont\u00f3w<\/a>. <\/p>","protected":false},"excerpt":{"rendered":"<p>Wysokiej jako\u015bci meble do zabudowy Krak\u00f3w Du\u017c\u0105 popularno\u015bci\u0105 ciesz\u0105 si\u0119 meble do zabudowy. To \u015bwietny spos\u00f3b, aby zachowa\u0107 sp\u00f3jn\u0105 estetyk\u0119 miejsca, a tak\u017ce ukry\u0107 sprz\u0119t AGD za frontami mebli. Z ich pomoc\u0105 stworzysz jedn\u0105 p\u0142aszczyzn\u0119, kt\u00f3ra b\u0119dzie pasowa\u0107 do pozosta\u0142ych element\u00f3w aran\u017cacji zar\u00f3wno w kuchni, jak i w innych pomieszczeniach w domu. Oferujemy wysokiej jako\u015bci [&hellip;]<\/p>\n","protected":false},"author":1,"featured_media":0,"parent":40,"menu_order":5,"comment_status":"closed","ping_status":"closed","template":"","meta":{"footnotes":""},"class_list":["post-309","page","type-page","status-publish","hentry"],"yoast_head":"<!-- This site is optimized with the Yoast SEO plugin v21.2 - https:\/\/yoast.com\/wordpress\/plugins\/seo\/ -->\n<title>Meble do zabudowy na wymiar Krak\u00f3w | Remonty i wyko\u0144czenie mieszkania - Home Finish Krak\u00f3w<\/title>\n<meta name=\"description\" content=\"Meble do zabudowy Krak\u00f3w to oferta skierowana do os\u00f3b, kt\u00f3re szukaj\u0105 sprawdzonych i funkcjonalnych rozwi\u0105za\u0144. Zapraszamy do kontaktu!\" \/>\n<meta name=\"robots\" content=\"index, follow, max-snippet:-1, max-image-preview:large, max-video-preview:-1\" \/>\n<link rel=\"canonical\" href=\"https:\/\/home-finish24.pl\/en\/meble-na-wymiar\/meble-do-zabudowy\/\" \/>\n<meta property=\"og:locale\" content=\"en_GB\" \/>\n<meta property=\"og:type\" content=\"article\" \/>\n<meta property=\"og:title\" content=\"Meble do zabudowy na wymiar Krak\u00f3w | Remonty i wyko\u0144czenie mieszkania - Home Finish Krak\u00f3w\" \/>\n<meta property=\"og:description\" content=\"Meble do zabudowy Krak\u00f3w to oferta skierowana do os\u00f3b, kt\u00f3re szukaj\u0105 sprawdzonych i funkcjonalnych rozwi\u0105za\u0144. Zapraszamy do kontaktu!\" \/>\n<meta property=\"og:url\" content=\"https:\/\/home-finish24.pl\/en\/meble-na-wymiar\/meble-do-zabudowy\/\" \/>\n<meta property=\"og:site_name\" content=\"Remonty i wyko\u0144czenie mieszkania - Home Finish Krak\u00f3w\" \/>\n<meta property=\"article:publisher\" content=\"https:\/\/www.facebook.com\/homefinish.hubert.babinski\/\" \/>\n<meta property=\"article:modified_time\" content=\"2022-05-17T10:12:41+00:00\" \/>\n<meta name=\"twitter:card\" content=\"summary_large_image\" \/>\n<meta name=\"twitter:site\" content=\"@home_finish\" \/>\n<meta name=\"twitter:label1\" content=\"Estimated reading time\" \/>\n\t<meta name=\"twitter:data1\" content=\"1 minute\" \/>\n<script type=\"application\/ld+json\" class=\"yoast-schema-graph\">{\"@context\":\"https:\/\/schema.org\",\"@graph\":[{\"@type\":\"WebPage\",\"@id\":\"https:\/\/home-finish24.pl\/meble-na-wymiar\/meble-do-zabudowy\/\",\"url\":\"https:\/\/home-finish24.pl\/meble-na-wymiar\/meble-do-zabudowy\/\",\"name\":\"Meble do zabudowy na wymiar Krak\u00f3w | Remonty i wyko\u0144czenie mieszkania - Home Finish Krak\u00f3w\",\"isPartOf\":{\"@id\":\"https:\/\/home-finish24.pl\/#website\"},\"datePublished\":\"2020-06-17T14:38:50+00:00\",\"dateModified\":\"2022-05-17T10:12:41+00:00\",\"description\":\"Meble do zabudowy Krak\u00f3w to oferta skierowana do os\u00f3b, kt\u00f3re szukaj\u0105 sprawdzonych i funkcjonalnych rozwi\u0105za\u0144. Zapraszamy do kontaktu!\",\"breadcrumb\":{\"@id\":\"https:\/\/home-finish24.pl\/meble-na-wymiar\/meble-do-zabudowy\/#breadcrumb\"},\"inLanguage\":\"en-GB\",\"potentialAction\":[{\"@type\":\"ReadAction\",\"target\":[\"https:\/\/home-finish24.pl\/meble-na-wymiar\/meble-do-zabudowy\/\"]}]},{\"@type\":\"BreadcrumbList\",\"@id\":\"https:\/\/home-finish24.pl\/meble-na-wymiar\/meble-do-zabudowy\/#breadcrumb\",\"itemListElement\":[{\"@type\":\"ListItem\",\"position\":1,\"name\":\"Strona g\u0142\u00f3wna\",\"item\":\"https:\/\/home-finish24.pl\/\"},{\"@type\":\"ListItem\",\"position\":2,\"name\":\"Meble na wymiar &#8211; Krak\u00f3w\",\"item\":\"https:\/\/home-finish24.pl\/meble-na-wymiar\/\"},{\"@type\":\"ListItem\",\"position\":3,\"name\":\"Meble do zabudowy\"}]},{\"@type\":\"WebSite\",\"@id\":\"https:\/\/home-finish24.pl\/#website\",\"url\":\"https:\/\/home-finish24.pl\/\",\"name\":\"Remonty i wyko\u0144czenie mieszkania - Home Finish Krak\u00f3w\",\"description\":\"Kompleksowe remonty, wyko\u0144czenia wn\u0119trz mieszka\u0144 i dom\u00f3w\",\"publisher\":{\"@id\":\"https:\/\/home-finish24.pl\/#organization\"},\"potentialAction\":[{\"@type\":\"SearchAction\",\"target\":{\"@type\":\"EntryPoint\",\"urlTemplate\":\"https:\/\/home-finish24.pl\/?s={search_term_string}\"},\"query-input\":\"required name=search_term_string\"}],\"inLanguage\":\"en-GB\"},{\"@type\":\"Organization\",\"@id\":\"https:\/\/home-finish24.pl\/#organization\",\"name\":\"Home Finish\",\"url\":\"https:\/\/home-finish24.pl\/\",\"logo\":{\"@type\":\"ImageObject\",\"inLanguage\":\"en-GB\",\"@id\":\"https:\/\/home-finish24.pl\/#\/schema\/logo\/image\/\",\"url\":\"https:\/\/home-finish24.pl\/wp-content\/uploads\/2017\/11\/logo_hf-1.png\",\"contentUrl\":\"https:\/\/home-finish24.pl\/wp-content\/uploads\/2017\/11\/logo_hf-1.png\",\"width\":601,\"height\":601,\"caption\":\"Home Finish\"},\"image\":{\"@id\":\"https:\/\/home-finish24.pl\/#\/schema\/logo\/image\/\"},\"sameAs\":[\"https:\/\/www.facebook.com\/homefinish.hubert.babinski\/\",\"https:\/\/twitter.com\/home_finish\",\"https:\/\/www.instagram.com\/homefinish24\/\"]}]}<\/script>\n<!-- \/ Yoast SEO plugin. -->","yoast_head_json":{"title":"Meble do zabudowy na wymiar Krak\u00f3w | Remonty i wyko\u0144czenie mieszkania - Home Finish Krak\u00f3w","description":"Meble do zabudowy Krak\u00f3w to oferta skierowana do os\u00f3b, kt\u00f3re szukaj\u0105 sprawdzonych i funkcjonalnych rozwi\u0105za\u0144. Zapraszamy do kontaktu!","robots":{"index":"index","follow":"follow","max-snippet":"max-snippet:-1","max-image-preview":"max-image-preview:large","max-video-preview":"max-video-preview:-1"},"canonical":"https:\/\/home-finish24.pl\/en\/meble-na-wymiar\/meble-do-zabudowy\/","og_locale":"en_GB","og_type":"article","og_title":"Meble do zabudowy na wymiar Krak\u00f3w | Remonty i wyko\u0144czenie mieszkania - Home Finish Krak\u00f3w","og_description":"Meble do zabudowy Krak\u00f3w to oferta skierowana do os\u00f3b, kt\u00f3re szukaj\u0105 sprawdzonych i funkcjonalnych rozwi\u0105za\u0144. Zapraszamy do kontaktu!","og_url":"https:\/\/home-finish24.pl\/en\/meble-na-wymiar\/meble-do-zabudowy\/","og_site_name":"Remonty i wyko\u0144czenie mieszkania - Home Finish Krak\u00f3w","article_publisher":"https:\/\/www.facebook.com\/homefinish.hubert.babinski\/","article_modified_time":"2022-05-17T10:12:41+00:00","twitter_card":"summary_large_image","twitter_site":"@home_finish","twitter_misc":{"Estimated reading time":"1 minute"},"schema":{"@context":"https:\/\/schema.org","@graph":[{"@type":"WebPage","@id":"https:\/\/home-finish24.pl\/meble-na-wymiar\/meble-do-zabudowy\/","url":"https:\/\/home-finish24.pl\/meble-na-wymiar\/meble-do-zabudowy\/","name":"Meble do zabudowy na wymiar Krak\u00f3w | Remonty i wyko\u0144czenie mieszkania - Home Finish Krak\u00f3w","isPartOf":{"@id":"https:\/\/home-finish24.pl\/#website"},"datePublished":"2020-06-17T14:38:50+00:00","dateModified":"2022-05-17T10:12:41+00:00","description":"Meble do zabudowy Krak\u00f3w to oferta skierowana do os\u00f3b, kt\u00f3re szukaj\u0105 sprawdzonych i funkcjonalnych rozwi\u0105za\u0144. Zapraszamy do kontaktu!","breadcrumb":{"@id":"https:\/\/home-finish24.pl\/meble-na-wymiar\/meble-do-zabudowy\/#breadcrumb"},"inLanguage":"en-GB","potentialAction":[{"@type":"ReadAction","target":["https:\/\/home-finish24.pl\/meble-na-wymiar\/meble-do-zabudowy\/"]}]},{"@type":"BreadcrumbList","@id":"https:\/\/home-finish24.pl\/meble-na-wymiar\/meble-do-zabudowy\/#breadcrumb","itemListElement":[{"@type":"ListItem","position":1,"name":"Strona g\u0142\u00f3wna","item":"https:\/\/home-finish24.pl\/"},{"@type":"ListItem","position":2,"name":"Meble na wymiar &#8211; Krak\u00f3w","item":"https:\/\/home-finish24.pl\/meble-na-wymiar\/"},{"@type":"ListItem","position":3,"name":"Meble do zabudowy"}]},{"@type":"WebSite","@id":"https:\/\/home-finish24.pl\/#website","url":"https:\/\/home-finish24.pl\/","name":"Remonty i wyko\u0144czenie mieszkania - Home Finish Krak\u00f3w","description":"Kompleksowe remonty, wyko\u0144czenia wn\u0119trz mieszka\u0144 i dom\u00f3w","publisher":{"@id":"https:\/\/home-finish24.pl\/#organization"},"potentialAction":[{"@type":"SearchAction","target":{"@type":"EntryPoint","urlTemplate":"https:\/\/home-finish24.pl\/?s={search_term_string}"},"query-input":"required name=search_term_string"}],"inLanguage":"en-GB"},{"@type":"Organization","@id":"https:\/\/home-finish24.pl\/#organization","name":"Home Finish","url":"https:\/\/home-finish24.pl\/","logo":{"@type":"ImageObject","inLanguage":"en-GB","@id":"https:\/\/home-finish24.pl\/#\/schema\/logo\/image\/","url":"https:\/\/home-finish24.pl\/wp-content\/uploads\/2017\/11\/logo_hf-1.png","contentUrl":"https:\/\/home-finish24.pl\/wp-content\/uploads\/2017\/11\/logo_hf-1.png","width":601,"height":601,"caption":"Home Finish"},"image":{"@id":"https:\/\/home-finish24.pl\/#\/schema\/logo\/image\/"},"sameAs":["https:\/\/www.facebook.com\/homefinish.hubert.babinski\/","https:\/\/twitter.com\/home_finish","https:\/\/www.instagram.com\/homefinish24\/"]}]}},"dictionaries":{"dictionaries":[]},"_links":{"self":[{"href":"https:\/\/home-finish24.pl\/en\/wp-json\/wp\/v2\/pages\/309","targetHints":{"allow":["GET"]}}],"collection":[{"href":"https:\/\/home-finish24.pl\/en\/wp-json\/wp\/v2\/pages"}],"about":[{"href":"https:\/\/home-finish24.pl\/en\/wp-json\/wp\/v2\/types\/page"}],"author":[{"embeddable":true,"href":"https:\/\/home-finish24.pl\/en\/wp-json\/wp\/v2\/users\/1"}],"replies":[{"embeddable":true,"href":"https:\/\/home-finish24.pl\/en\/wp-json\/wp\/v2\/comments?post=309"}],"version-history":[{"count":5,"href":"https:\/\/home-finish24.pl\/en\/wp-json\/wp\/v2\/pages\/309\/revisions"}],"predecessor-version":[{"id":522,"href":"https:\/\/home-finish24.pl\/en\/wp-json\/wp\/v2\/pages\/309\/revisions\/522"}],"up":[{"embeddable":true,"href":"https:\/\/home-finish24.pl\/en\/wp-json\/wp\/v2\/pages\/40"}],"wp:attachment":[{"href":"https:\/\/home-finish24.pl\/en\/wp-json\/wp\/v2\/media?parent=309"}],"curies":[{"name":"wp","href":"https:\/\/api.w.org\/{rel}","templated":true}]}}