{"id":307,"date":"2020-06-17T16:38:06","date_gmt":"2020-06-17T14:38:06","guid":{"rendered":"https:\/\/home-finish24.pl\/?page_id=307"},"modified":"2023-11-03T11:15:24","modified_gmt":"2023-11-03T10:15:24","slug":"garderoby","status":"publish","type":"page","link":"https:\/\/home-finish24.pl\/en\/meble-na-wymiar\/garderoby\/","title":{"rendered":"Meble do garderoby na wymiar &#8211; Krak\u00f3w"},"content":{"rendered":"<div class=\"wp-block-columns is-layout-flex wp-container-core-columns-is-layout-28f84493 wp-block-columns-is-layout-flex\">\n<div class=\"wp-block-column is-layout-flow wp-block-column-is-layout-flow\" style=\"flex-basis:33.33%\">\n<div class=\"wp-block-buttons alignfull is-layout-flex wp-block-buttons-is-layout-flex\">\n<div class=\"wp-block-button aligncenter\"><a class=\"wp-block-button__link wp-element-button\" href=\"tel:+48503126160\">tel: 503126160<\/a><\/div>\n\n\n\n<div class=\"wp-block-button aligncenter\"><a class=\"wp-block-button__link wp-element-button\" href=\"mailto: biuro@home-finish24.pl\">e-mail<\/a><\/div>\n<\/div>\n\n\n\n<p>Potrzebujesz garderoby na wymiar? Skontaktuj si\u0119 z nami lub odwied\u017a nasz\u0105 firm\u0119!<\/p>\n<\/div>\n\n\n\n<div class=\"wp-block-column is-layout-flow wp-block-column-is-layout-flow\" style=\"flex-basis:66.66%\">\n<center><iframe src=\"https:\/\/www.google.com\/maps\/embed?pb=!1m14!1m8!1m3!1d10249.664868008058!2d19.9544881!3d50.0410339!3m2!1i1024!2i768!4f13.1!3m3!1m2!1s0x47165b6f95fdf83b%3A0x2b7e691b29ddd109!2sHome%20Finish%20Hubert%20Babi%C5%84ski%20-%20Wyko%C5%84czenia%20wn%C4%99trz!5e0!3m2!1spl!2spl!4v1693217288702!5m2!1spl!2spl\" width=\"400\" height=\"300\" style=\"border:0;\" allowfullscreen=\"\" loading=\"lazy\" referrerpolicy=\"no-referrer-when-downgrade\"><\/iframe><\/center>\n<\/div>\n<\/div>\n\n\n\n<h1 class=\"wp-block-heading\">Meble do garderoby na wymiar<\/h1>\n\n\n\n<p>Jeste\u015b na etapie urz\u0105dzania w\u0142asnej garderoby? Zastanawiasz si\u0119, gdzie pomie\u015bci\u0107 wszystkie ubrania i dodatki? Oferujemy wysokiej jako\u015bci <strong>meble do garderoby na wymiar<\/strong>, kt\u00f3re dopasujemy do wymiar\u00f3w pomieszczenia. Cenisz sobie nowoczesne rozwi\u0105zania? A mo\u017ce stawiasz na klasyczne wzornictwo? Gwarantujemy <strong>indywidualne doradztwo i projekty dopasowane do Twoich potrzeb<\/strong>. Z pomoc\u0105 mebli do garderoby stworzysz funkcjonalne pomieszczenie, kt\u00f3re bez problemu pomie\u015bci odzie\u017c i akcesoria. W naszej ofercie znajdziesz pojemne <a href=\"https:\/\/home-finish24.pl\/en\/meble-na-wymiar\/szafy\/\"><u>szafy na wymiar<\/u><\/a> stworzone z my\u015bl\u0105 o maksymalnym zagospodarowaniu przestrzeni.<\/p>\n\n\n\n<p>Dzi\u0119ki naszym meblom do garderoby zyskasz przestrze\u0144, kt\u00f3rej wcze\u015bniej nie by\u0142e\u015b w stanie wykorzysta\u0107. <strong>Klasyczne i nowoczesne garderoby na wymiar<\/strong> s\u0105 solidnie wykonane. Dbamy o ka\u017cdy detal na ka\u017cdym etapie realizacji zam\u00f3wienia. Wsp\u00f3\u0142pracujemy z do\u015bwiadczonymi projektantami, kt\u00f3rzy pomog\u0105 Ci wybra\u0107 najlepsze rozwi\u0105zania dla Twojego wn\u0119trza.<\/p>\n\n\n\n<figure class=\"wp-block-image aligncenter size-large is-resized\"><img fetchpriority=\"high\" decoding=\"async\" width=\"1024\" height=\"682\" src=\"https:\/\/home-finish24.pl\/wp-content\/uploads\/2023\/11\/wardrobe-5974515_1280-1024x682.jpg\" alt=\"szafy na wymiar\" class=\"wp-image-804\" style=\"aspect-ratio:1.501466275659824;width:586px;height:auto\" srcset=\"https:\/\/home-finish24.pl\/wp-content\/uploads\/2023\/11\/wardrobe-5974515_1280-1024x682.jpg 1024w, https:\/\/home-finish24.pl\/wp-content\/uploads\/2023\/11\/wardrobe-5974515_1280-300x200.jpg 300w, https:\/\/home-finish24.pl\/wp-content\/uploads\/2023\/11\/wardrobe-5974515_1280-768x512.jpg 768w, https:\/\/home-finish24.pl\/wp-content\/uploads\/2023\/11\/wardrobe-5974515_1280.jpg 1280w\" sizes=\"(max-width: 1024px) 100vw, 1024px\" \/><\/figure>\n\n\n\n<h2 class=\"wp-block-heading\">Garderoba \u2014 osobna lub jako cz\u0119\u015b\u0107 innego pomieszczenia<\/h2>\n\n\n\n<p>Garderoba w postaci osobnego pomieszczenia to coraz cz\u0119stszy widok w polskich mieszkaniach. Najcz\u0119\u015bciej widuje si\u0119 j\u0105 w lokalach o wi\u0119kszym metra\u017cu. Pozwala unikn\u0105\u0107 niepotrzebnego dzielenia przestrzeni mieszkalnej oraz \u201eukry\u0107\u201d du\u017ce szafy przed go\u015b\u0107mi. Garderoba wcale nie musi by\u0107 jednak oddzielnym pokojem \u2013 r\u00f3wnie dobrze sprawdzi si\u0119 jako powierzchnia wkomponowana w aran\u017cacj\u0119 sypialni czy korytarza. Niezale\u017cnie od tego, kt\u00f3r\u0105 opcj\u0119 preferujesz, dobrym pomys\u0142em b\u0119d\u0105 meble do garderoby na wymiar. Decyduj\u0105c si\u0119 na to rozwi\u0105zanie, <strong>optymalnie wykorzystasz dost\u0119pn\u0105 przestrze\u0144 oraz zdecydujesz o wn\u0119trzu szaf przesuwnych<\/strong> na ubrania: liczbie p\u00f3\u0142ek, dr\u0105\u017ck\u00f3w, luster czy szafek na buty. Dzi\u0119ki temu Twoja garderoba b\u0119dzie dok\u0142adnie taka, jak sobie za\u017cyczysz.<\/p>\n\n\n\n<h2 class=\"wp-block-heading\">Meble do garderoby dopasowane do Twoich potrzeb<\/h2>\n\n\n\n<p>Korzystaj\u0105c z naszych us\u0142ug, zaoszcz\u0119dzisz mn\u00f3stwo czasu i wysi\u0142ku, poniewa\u017c <strong>nasi specjali\u015bci zajm\u0105 si\u0119 przygotowaniem Twojej garderoby od A do Z<\/strong>. Najpierw dok\u0142adnie zmierzymy pomieszczenie, a nast\u0119pnie przygotujemy wszystkie niezb\u0119dne meble z wykorzystaniem wysokiej jako\u015bci materia\u0142\u00f3w pochodz\u0105cych od zaufanych producent\u00f3w. Na koniec ponownie pojawimy si\u0119 w Twoim mieszkaniu, aby szybko i starannie zamontowa\u0107 zam\u00f3wione elementy. Dzi\u0119ki temu, \u017ce mamy wieloletnie do\u015bwiadczenie w produkcji mebli na wymiar, jeste\u015bmy w stanie ustali\u0107 konkretny harmonogram prac, kt\u00f3rego b\u0119dziemy przestrzega\u0107. Mo\u017cesz mie\u0107 pewno\u015b\u0107, \u017ce Twoje meble zostan\u0105 wykonane na czas. Skontaktuj si\u0119 z nami i spe\u0142nij swoje marzenie o idealnej garderobie ju\u017c dzi\u015b! <strong>Zam\u00f3wienie szafy na wymiar <\/strong>jeszcze nigdy nie by\u0142o takie proste.<\/p>\n\n\n\n<p>Wsp\u00f3\u0142czesne trendy w aran\u017cacji wn\u0119trz pozwalaj\u0105 na tworzenie garderoby w r\u00f3\u017cnych stylach \u2014 od minimalistycznego, przez klasyczny, a\u017c po bardziej ekstrawaganckie rozwi\u0105zania. Pami\u0119taj o odpowiednim o\u015bwietleniu, kt\u00f3re podkre\u015bli charakter pomieszczenia i u\u0142atwi codzienne korzystanie z wyposa\u017cenia. Funkcjonalne dodatki, takie jak haczyki na torebki, specjalne stojaki na buty czy segregatory na bi\u017cuteri\u0119, sprawi\u0105, \u017ce wszystkie Twoje rzeczy b\u0119d\u0105 mia\u0142y swoje miejsce. Wykonamy dla Ciebie wszystko, o czym tylko sobie pomarzysz: <strong>szafy z drzwiami przesuwnymi<\/strong>, <strong>szafy z otwartymi drzwiami<\/strong>, <strong>drzwi uchylne<\/strong>&#8230;<\/p>\n\n\n\n<figure class=\"wp-block-image aligncenter size-large is-resized\"><img decoding=\"async\" width=\"1024\" height=\"683\" src=\"https:\/\/home-finish24.pl\/wp-content\/uploads\/2023\/11\/wardrobe-5961193_1280-1024x683.jpg\" alt=\"garderoby na wymiar\" class=\"wp-image-806\" style=\"aspect-ratio:1.499267935578331;width:550px;height:auto\" srcset=\"https:\/\/home-finish24.pl\/wp-content\/uploads\/2023\/11\/wardrobe-5961193_1280-1024x683.jpg 1024w, https:\/\/home-finish24.pl\/wp-content\/uploads\/2023\/11\/wardrobe-5961193_1280-300x200.jpg 300w, https:\/\/home-finish24.pl\/wp-content\/uploads\/2023\/11\/wardrobe-5961193_1280-768x512.jpg 768w, https:\/\/home-finish24.pl\/wp-content\/uploads\/2023\/11\/wardrobe-5961193_1280.jpg 1280w\" sizes=\"(max-width: 1024px) 100vw, 1024px\" \/><\/figure>\n\n\n\n<h2 class=\"wp-block-heading\">Szukasz szafy na wymiar w Krakowie lub okolicy?<\/h2>\n\n\n\n<p><strong>Nasze garderoby na zam\u00f3wienie <\/strong>idealnie wpasuj\u0105 si\u0119 w ka\u017cde wn\u0119trze. Wykonamy projekt w Twoim ulubionym stylu. Dzi\u0119ki temu zaoszcz\u0119dzisz sporo czasu. Nie b\u0119dziesz musia\u0142 przegl\u0105da\u0107 godzinami ofert rozmaitych sklep\u00f3w internetowych ani odwiedza\u0107 wielu salon\u00f3w meblowych. Wszystko za\u0142atwisz w jednym miejscu. Zapewniamy sprawn\u0105 komunikacj\u0119 oraz przemy\u015blany <strong>projekt szafy<\/strong>. Z nami stworzysz atrakcyjn\u0105 garderob\u0119, kt\u00f3ra stanie si\u0119 Twoim powodem do dumy.<\/p>\n\n\n\n<h3 class=\"wp-block-heading\">Garderoby na wymiar od producenta<\/h3>\n\n\n\n<p>Potrzebujesz <strong>szafy do zabudowy na wymiar<\/strong>? Przegl\u0105dasz oferty <strong>szafy wn\u0119kowej na wymiar<\/strong>? Zaplanuj Twoj\u0105 garderob\u0119 z Home Finish. U nas otrzymasz produkt najwy\u017cszej jako\u015bci w konkurencyjnej cenie. Oferujemy <strong>meble na zam\u00f3wienie w r\u00f3\u017cnych stylach. <\/strong>Do wyboru wiele kolor\u00f3w, wzor\u00f3w i akcesori\u00f3w. Marzysz o idealnie zaprojektowanym wyposa\u017ceniu? Spe\u0142nimy Twoje oczekiwania! Stworzymy zabudow\u0119 garderoby, w kt\u00f3rej si\u0119 zakochasz.<\/p>\n\n\n\n<h3 class=\"wp-block-heading\">Specjali\u015bci od szaf na wymiar z Krakowa<\/h3>\n\n\n\n<p>Jako<strong> specjali\u015bci od szaf na wymiar z Krakowa<\/strong> oferujemy rozwi\u0105zania, kt\u00f3re s\u0105 nie tylko praktyczne, ale przede wszystkim estetyczne. Zdajemy sobie spraw\u0119, jak wa\u017cna jest optymalna organizacja przestrzeni oraz utrzymanie porz\u0105dku. Wykorzystujemy najnowsze trendy w designie, \u0142\u0105cz\u0105c je z tradycyjnymi technikami stolarskimi. Nasze projekty cechuj\u0105 si\u0119 dba\u0142o\u015bci\u0105 o ka\u017cdy detal, od wyboru odpowiedniego materia\u0142u, po funkcjonalne akcesoria. Najwa\u017cniejsza jest dla nas satysfakcja klienta. Jeste\u015bmy otwarci na sugestie i gotowi do wprowadzenia zmian w projekcie. Zapraszamy do kontaktu i wsp\u00f3\u0142pracy!<\/p>\n\n\n\n<h3 class=\"wp-block-heading\">Projekt zabudowy garderoby \u2014 garderoba w ma\u0142ym i du\u017cym pomieszczeniu<\/h3>\n\n\n\n<p>Projektowanie garderoby to prawdziwe wyzwanie, niezale\u017cnie od wielko\u015bci pomieszczenia. W ma\u0142ych pomieszczeniach natomiast priorytetem jest maksymalne zagospodarowanie ka\u017cdego centymetra, aby pomie\u015bci\u0107 jak najwi\u0119cej rzeczy w uporz\u0105dkowany spos\u00f3b. Z kolei w przy du\u017cym metra\u017cu stajemy przed wyzwaniem optymalnego zagospodarowania przestrzeni. W obu przypadkach spor\u0105 rol\u0119 odgrywa wyb\u00f3r odpowiedniego o\u015bwietlenia, kt\u00f3re podkre\u015bli charakter garderoby i uczyni j\u0105 bardziej przyjazn\u0105 dla oka.<\/p>\n\n\n\n<p>Wyb\u00f3r odpowiednich materia\u0142\u00f3w i kolorystyki to kolejny etap, kt\u00f3ry decyduje o aran\u017cacji. Wsp\u00f3\u0142czesne technologie pozwalaj\u0105 na tworzenie zabudowy garderoby z wykorzystaniem r\u00f3\u017cnorodnych rozwi\u0105za\u0144, takich jak szuflady z systemem cichego domykania czy specjalne wieszaki na spodnie. Zainwestuj w profesjonalny projekt zabudowy, by cieszy\u0107 si\u0119 oryginalnym designem wn\u0119trza.<\/p>\n\n\n\n<p>Szukasz <strong>szafy do zabudowy<\/strong>? <a href=\"https:\/\/home-finish24.pl\/en\/kontakt\/\">Skontaktuj si\u0119<\/a> z nami ju\u017c dzi\u015b. Przygotujemy dla Ciebie indywidualn\u0105 wycen\u0119.<\/p>\n\n\n\n<p class=\"has-text-align-center\"><strong>Inne nasze us\u0142ugi<\/strong><\/p>\n\n\n\n<div class=\"wp-block-columns is-layout-flex wp-container-core-columns-is-layout-28f84493 wp-block-columns-is-layout-flex\">\n<div class=\"wp-block-column is-layout-flow wp-block-column-is-layout-flow\">\n<p class=\"has-text-align-center\"><a href=\"https:\/\/home-finish24.pl\/en\/meble-na-wymiar\/meble-kuchenne\/\">Meble kuchenne na wymiar<\/a><br><a href=\"https:\/\/home-finish24.pl\/en\/meble-na-wymiar\/sypialnie\/\">Meble do sypialni na wymiar<\/a><br><a href=\"https:\/\/home-finish24.pl\/en\/meble-na-wymiar\/garderoby\/\">Garderoby na wymiar<\/a><\/p>\n<\/div>\n\n\n\n<div class=\"wp-block-column is-layout-flow wp-block-column-is-layout-flow\">\n<p class=\"has-text-align-center\"><a href=\"https:\/\/home-finish24.pl\/en\/meble-na-wymiar\/meble-lazienkowe\/\">Meble \u0142azienkowe na wymiar<\/a><br><a href=\"https:\/\/home-finish24.pl\/en\/meble-na-wymiar\/szafy\/\">Szafy na wymiar<\/a><br><a href=\"https:\/\/home-finish24.pl\/en\/meble-na-wymiar\/\">Meble na wymiar Krak\u00f3w<\/a><\/p>\n<\/div>\n<\/div>","protected":false},"excerpt":{"rendered":"<p>Potrzebujesz garderoby na wymiar? Skontaktuj si\u0119 z nami lub odwied\u017a nasz\u0105 firm\u0119! Meble do garderoby na wymiar Jeste\u015b na etapie urz\u0105dzania w\u0142asnej garderoby? Zastanawiasz si\u0119, gdzie pomie\u015bci\u0107 wszystkie ubrania i dodatki? Oferujemy wysokiej jako\u015bci meble do garderoby na wymiar, kt\u00f3re dopasujemy do wymiar\u00f3w pomieszczenia. Cenisz sobie nowoczesne rozwi\u0105zania? A mo\u017ce stawiasz na klasyczne wzornictwo? Gwarantujemy [&hellip;]<\/p>\n","protected":false},"author":1,"featured_media":0,"parent":40,"menu_order":4,"comment_status":"closed","ping_status":"closed","template":"","meta":{"footnotes":""},"class_list":["post-307","page","type-page","status-publish","hentry"],"yoast_head":"<!-- This site is optimized with the Yoast SEO plugin v21.2 - https:\/\/yoast.com\/wordpress\/plugins\/seo\/ -->\n<title>Meble do garderoby na wymiar - cena - Krak\u00f3w - Home Finish<\/title>\n<meta name=\"description\" content=\"Oferujemy meble do garderoby na wymiar w dobrych cenach \u2714\ufe0f Pomoc w wyborze \u2714\ufe0f Sprawd\u017a ofert\u0119 \u2714\ufe0f Wpadnij ju\u017c teraz!\" \/>\n<meta name=\"robots\" content=\"index, follow, max-snippet:-1, max-image-preview:large, max-video-preview:-1\" \/>\n<link rel=\"canonical\" href=\"https:\/\/home-finish24.pl\/en\/meble-na-wymiar\/garderoby\/\" \/>\n<meta property=\"og:locale\" content=\"en_GB\" \/>\n<meta property=\"og:type\" content=\"article\" \/>\n<meta property=\"og:title\" content=\"Meble do garderoby na wymiar - cena - Krak\u00f3w - Home Finish\" \/>\n<meta property=\"og:description\" content=\"Oferujemy meble do garderoby na wymiar w dobrych cenach \u2714\ufe0f Pomoc w wyborze \u2714\ufe0f Sprawd\u017a ofert\u0119 \u2714\ufe0f Wpadnij ju\u017c teraz!\" \/>\n<meta property=\"og:url\" content=\"https:\/\/home-finish24.pl\/en\/meble-na-wymiar\/garderoby\/\" \/>\n<meta property=\"og:site_name\" content=\"Remonty i wyko\u0144czenie mieszkania - Home Finish Krak\u00f3w\" \/>\n<meta property=\"article:publisher\" content=\"https:\/\/www.facebook.com\/homefinish.hubert.babinski\/\" \/>\n<meta property=\"article:modified_time\" content=\"2023-11-03T10:15:24+00:00\" \/>\n<meta property=\"og:image\" content=\"https:\/\/home-finish24.pl\/wp-content\/uploads\/2023\/11\/wardrobe-5974515_1280-1024x682.jpg\" \/>\n<meta name=\"twitter:card\" content=\"summary_large_image\" \/>\n<meta name=\"twitter:site\" content=\"@home_finish\" \/>\n<meta name=\"twitter:label1\" content=\"Estimated reading time\" \/>\n\t<meta name=\"twitter:data1\" content=\"6 minutes\" \/>\n<script type=\"application\/ld+json\" class=\"yoast-schema-graph\">{\"@context\":\"https:\/\/schema.org\",\"@graph\":[{\"@type\":\"WebPage\",\"@id\":\"https:\/\/home-finish24.pl\/meble-na-wymiar\/garderoby\/\",\"url\":\"https:\/\/home-finish24.pl\/meble-na-wymiar\/garderoby\/\",\"name\":\"Meble do garderoby na wymiar - cena - Krak\u00f3w - Home Finish\",\"isPartOf\":{\"@id\":\"https:\/\/home-finish24.pl\/#website\"},\"datePublished\":\"2020-06-17T14:38:06+00:00\",\"dateModified\":\"2023-11-03T10:15:24+00:00\",\"description\":\"Oferujemy meble do garderoby na wymiar w dobrych cenach \u2714\ufe0f Pomoc w wyborze \u2714\ufe0f Sprawd\u017a ofert\u0119 \u2714\ufe0f Wpadnij ju\u017c teraz!\",\"breadcrumb\":{\"@id\":\"https:\/\/home-finish24.pl\/meble-na-wymiar\/garderoby\/#breadcrumb\"},\"inLanguage\":\"en-GB\",\"potentialAction\":[{\"@type\":\"ReadAction\",\"target\":[\"https:\/\/home-finish24.pl\/meble-na-wymiar\/garderoby\/\"]}]},{\"@type\":\"BreadcrumbList\",\"@id\":\"https:\/\/home-finish24.pl\/meble-na-wymiar\/garderoby\/#breadcrumb\",\"itemListElement\":[{\"@type\":\"ListItem\",\"position\":1,\"name\":\"Strona g\u0142\u00f3wna\",\"item\":\"https:\/\/home-finish24.pl\/\"},{\"@type\":\"ListItem\",\"position\":2,\"name\":\"Meble na wymiar &#8211; Krak\u00f3w\",\"item\":\"https:\/\/home-finish24.pl\/meble-na-wymiar\/\"},{\"@type\":\"ListItem\",\"position\":3,\"name\":\"Meble do garderoby na wymiar &#8211; Krak\u00f3w\"}]},{\"@type\":\"WebSite\",\"@id\":\"https:\/\/home-finish24.pl\/#website\",\"url\":\"https:\/\/home-finish24.pl\/\",\"name\":\"Remonty i wyko\u0144czenie mieszkania - Home Finish Krak\u00f3w\",\"description\":\"Kompleksowe remonty, wyko\u0144czenia wn\u0119trz mieszka\u0144 i dom\u00f3w\",\"publisher\":{\"@id\":\"https:\/\/home-finish24.pl\/#organization\"},\"potentialAction\":[{\"@type\":\"SearchAction\",\"target\":{\"@type\":\"EntryPoint\",\"urlTemplate\":\"https:\/\/home-finish24.pl\/?s={search_term_string}\"},\"query-input\":\"required name=search_term_string\"}],\"inLanguage\":\"en-GB\"},{\"@type\":\"Organization\",\"@id\":\"https:\/\/home-finish24.pl\/#organization\",\"name\":\"Home Finish\",\"url\":\"https:\/\/home-finish24.pl\/\",\"logo\":{\"@type\":\"ImageObject\",\"inLanguage\":\"en-GB\",\"@id\":\"https:\/\/home-finish24.pl\/#\/schema\/logo\/image\/\",\"url\":\"https:\/\/home-finish24.pl\/wp-content\/uploads\/2017\/11\/logo_hf-1.png\",\"contentUrl\":\"https:\/\/home-finish24.pl\/wp-content\/uploads\/2017\/11\/logo_hf-1.png\",\"width\":601,\"height\":601,\"caption\":\"Home Finish\"},\"image\":{\"@id\":\"https:\/\/home-finish24.pl\/#\/schema\/logo\/image\/\"},\"sameAs\":[\"https:\/\/www.facebook.com\/homefinish.hubert.babinski\/\",\"https:\/\/twitter.com\/home_finish\",\"https:\/\/www.instagram.com\/homefinish24\/\"]}]}<\/script>\n<!-- \/ Yoast SEO plugin. -->","yoast_head_json":{"title":"Meble do garderoby na wymiar - cena - Krak\u00f3w - Home Finish","description":"Oferujemy meble do garderoby na wymiar w dobrych cenach \u2714\ufe0f Pomoc w wyborze \u2714\ufe0f Sprawd\u017a ofert\u0119 \u2714\ufe0f Wpadnij ju\u017c teraz!","robots":{"index":"index","follow":"follow","max-snippet":"max-snippet:-1","max-image-preview":"max-image-preview:large","max-video-preview":"max-video-preview:-1"},"canonical":"https:\/\/home-finish24.pl\/en\/meble-na-wymiar\/garderoby\/","og_locale":"en_GB","og_type":"article","og_title":"Meble do garderoby na wymiar - cena - Krak\u00f3w - Home Finish","og_description":"Oferujemy meble do garderoby na wymiar w dobrych cenach \u2714\ufe0f Pomoc w wyborze \u2714\ufe0f Sprawd\u017a ofert\u0119 \u2714\ufe0f Wpadnij ju\u017c teraz!","og_url":"https:\/\/home-finish24.pl\/en\/meble-na-wymiar\/garderoby\/","og_site_name":"Remonty i wyko\u0144czenie mieszkania - Home Finish Krak\u00f3w","article_publisher":"https:\/\/www.facebook.com\/homefinish.hubert.babinski\/","article_modified_time":"2023-11-03T10:15:24+00:00","og_image":[{"url":"https:\/\/home-finish24.pl\/wp-content\/uploads\/2023\/11\/wardrobe-5974515_1280-1024x682.jpg"}],"twitter_card":"summary_large_image","twitter_site":"@home_finish","twitter_misc":{"Estimated reading time":"6 minutes"},"schema":{"@context":"https:\/\/schema.org","@graph":[{"@type":"WebPage","@id":"https:\/\/home-finish24.pl\/meble-na-wymiar\/garderoby\/","url":"https:\/\/home-finish24.pl\/meble-na-wymiar\/garderoby\/","name":"Meble do garderoby na wymiar - cena - Krak\u00f3w - Home Finish","isPartOf":{"@id":"https:\/\/home-finish24.pl\/#website"},"datePublished":"2020-06-17T14:38:06+00:00","dateModified":"2023-11-03T10:15:24+00:00","description":"Oferujemy meble do garderoby na wymiar w dobrych cenach \u2714\ufe0f Pomoc w wyborze \u2714\ufe0f Sprawd\u017a ofert\u0119 \u2714\ufe0f Wpadnij ju\u017c teraz!","breadcrumb":{"@id":"https:\/\/home-finish24.pl\/meble-na-wymiar\/garderoby\/#breadcrumb"},"inLanguage":"en-GB","potentialAction":[{"@type":"ReadAction","target":["https:\/\/home-finish24.pl\/meble-na-wymiar\/garderoby\/"]}]},{"@type":"BreadcrumbList","@id":"https:\/\/home-finish24.pl\/meble-na-wymiar\/garderoby\/#breadcrumb","itemListElement":[{"@type":"ListItem","position":1,"name":"Strona g\u0142\u00f3wna","item":"https:\/\/home-finish24.pl\/"},{"@type":"ListItem","position":2,"name":"Meble na wymiar &#8211; Krak\u00f3w","item":"https:\/\/home-finish24.pl\/meble-na-wymiar\/"},{"@type":"ListItem","position":3,"name":"Meble do garderoby na wymiar &#8211; Krak\u00f3w"}]},{"@type":"WebSite","@id":"https:\/\/home-finish24.pl\/#website","url":"https:\/\/home-finish24.pl\/","name":"Remonty i wyko\u0144czenie mieszkania - Home Finish Krak\u00f3w","description":"Kompleksowe remonty, wyko\u0144czenia wn\u0119trz mieszka\u0144 i dom\u00f3w","publisher":{"@id":"https:\/\/home-finish24.pl\/#organization"},"potentialAction":[{"@type":"SearchAction","target":{"@type":"EntryPoint","urlTemplate":"https:\/\/home-finish24.pl\/?s={search_term_string}"},"query-input":"required name=search_term_string"}],"inLanguage":"en-GB"},{"@type":"Organization","@id":"https:\/\/home-finish24.pl\/#organization","name":"Home Finish","url":"https:\/\/home-finish24.pl\/","logo":{"@type":"ImageObject","inLanguage":"en-GB","@id":"https:\/\/home-finish24.pl\/#\/schema\/logo\/image\/","url":"https:\/\/home-finish24.pl\/wp-content\/uploads\/2017\/11\/logo_hf-1.png","contentUrl":"https:\/\/home-finish24.pl\/wp-content\/uploads\/2017\/11\/logo_hf-1.png","width":601,"height":601,"caption":"Home Finish"},"image":{"@id":"https:\/\/home-finish24.pl\/#\/schema\/logo\/image\/"},"sameAs":["https:\/\/www.facebook.com\/homefinish.hubert.babinski\/","https:\/\/twitter.com\/home_finish","https:\/\/www.instagram.com\/homefinish24\/"]}]}},"dictionaries":{"dictionaries":[]},"_links":{"self":[{"href":"https:\/\/home-finish24.pl\/en\/wp-json\/wp\/v2\/pages\/307","targetHints":{"allow":["GET"]}}],"collection":[{"href":"https:\/\/home-finish24.pl\/en\/wp-json\/wp\/v2\/pages"}],"about":[{"href":"https:\/\/home-finish24.pl\/en\/wp-json\/wp\/v2\/types\/page"}],"author":[{"embeddable":true,"href":"https:\/\/home-finish24.pl\/en\/wp-json\/wp\/v2\/users\/1"}],"replies":[{"embeddable":true,"href":"https:\/\/home-finish24.pl\/en\/wp-json\/wp\/v2\/comments?post=307"}],"version-history":[{"count":9,"href":"https:\/\/home-finish24.pl\/en\/wp-json\/wp\/v2\/pages\/307\/revisions"}],"predecessor-version":[{"id":808,"href":"https:\/\/home-finish24.pl\/en\/wp-json\/wp\/v2\/pages\/307\/revisions\/808"}],"up":[{"embeddable":true,"href":"https:\/\/home-finish24.pl\/en\/wp-json\/wp\/v2\/pages\/40"}],"wp:attachment":[{"href":"https:\/\/home-finish24.pl\/en\/wp-json\/wp\/v2\/media?parent=307"}],"curies":[{"name":"wp","href":"https:\/\/api.w.org\/{rel}","templated":true}]}}