{"id":301,"date":"2020-06-17T16:35:14","date_gmt":"2020-06-17T14:35:14","guid":{"rendered":"https:\/\/home-finish24.pl\/?page_id=301"},"modified":"2025-06-02T23:19:27","modified_gmt":"2025-06-02T21:19:27","slug":"meble-lazienkowe","status":"publish","type":"page","link":"https:\/\/home-finish24.pl\/en\/meble-na-wymiar\/meble-lazienkowe\/","title":{"rendered":"Meble \u0142azienkowe na wymiar &#8211; Krak\u00f3w"},"content":{"rendered":"<h2 class=\"wp-block-heading\"><\/h2>\n\n\n\n<div class=\"wp-block-columns is-layout-flex wp-container-core-columns-is-layout-28f84493 wp-block-columns-is-layout-flex\">\n<div class=\"wp-block-column is-layout-flow wp-block-column-is-layout-flow\" style=\"flex-basis:33.33%\">\n<div class=\"wp-block-buttons alignfull is-layout-flex wp-block-buttons-is-layout-flex\">\n<div class=\"wp-block-button aligncenter\"><a class=\"wp-block-button__link wp-element-button\" href=\"tel:+48503126160\">tel: 503126160<\/a><\/div>\n\n\n\n<div class=\"wp-block-button aligncenter\"><a class=\"wp-block-button__link wp-element-button\" href=\"mailto: biuro@home-finish24.pl\">e-mail<\/a><\/div>\n<\/div>\n\n\n\n<p>Potrzebujesz mebli \u0142azienkowych na wymiar? Skontaktuj si\u0119 z nami lub odwied\u017a nasz\u0105 firm\u0119!<\/p>\n<\/div>\n\n\n\n<div class=\"wp-block-column is-layout-flow wp-block-column-is-layout-flow\" style=\"flex-basis:66.66%\">\n<center><iframe src=\"https:\/\/www.google.com\/maps\/embed?pb=!1m14!1m8!1m3!1d10249.664868008058!2d19.9544881!3d50.0410339!3m2!1i1024!2i768!4f13.1!3m3!1m2!1s0x47165b6f95fdf83b%3A0x2b7e691b29ddd109!2sHome%20Finish%20Hubert%20Babi%C5%84ski%20-%20Wyko%C5%84czenia%20wn%C4%99trz!5e0!3m2!1spl!2spl!4v1693217288702!5m2!1spl!2spl\" width=\"400\" height=\"300\" style=\"border:0;\" allowfullscreen=\"\" loading=\"lazy\" referrerpolicy=\"no-referrer-when-downgrade\"><\/iframe><\/center>\n<\/div>\n<\/div>\n\n\n\n<p>Projektowanie mebli \u0142azienkowych na wymiar to idealne rozwi\u0105zanie dla tych, kt\u00f3rzy chc\u0105 maksymalnie wykorzysta\u0107 dost\u0119pn\u0105 przestrze\u0144 i nada\u0107 swojej \u0142azience unikalny charakter. Dzi\u0119ki indywidualnemu podej\u015bciu do ka\u017cdego projektu autorskie meble \u0142azienkowe s\u0105 idealnie dopasowane do rozmiar\u00f3w, kszta\u0142tu pomieszczenia oraz indywidualnych potrzeb klienta. Opr\u00f3cz optymalnego wykorzystania przestrzeni, meble na wymiar pozwalaj\u0105 na pe\u0142n\u0105 personalizacj\u0119: od wyboru materia\u0142\u00f3w, przez kolorystyk\u0119, a\u017c po styl i wzornictwo. To idealne rozwi\u0105zanie zar\u00f3wno dla nowoczesnych, minimalistycznych \u0142azienek, jak i tych urz\u0105dzonych w bardziej tradycyjnym lub eklektycznym stylu. Zapewniamy profesjonalne doradztwo w zakresie projektowania.<\/p>\n\n\n\n<p>Przy projektowaniu mebli \u0142azienkowych na wymiar szczeg\u00f3ln\u0105 uwag\u0119 zwracamy na jako\u015b\u0107 u\u017cywanych materia\u0142\u00f3w i wyko\u0144cze\u0144, kt\u00f3re musz\u0105 by\u0107 <strong>odporne na specyficzne warunki panuj\u0105ce w \u0142azience, takie jak wilgo\u0107 i cz\u0119ste zmiany temperatur. <\/strong>Dbamy o detale, takie jak:<\/p>\n\n\n\n<ul class=\"wp-block-list\">\n<li>wytrzyma\u0142e zawiasy,<\/li>\n\n\n\n<li>szuflady z cichym domykiem,<\/li>\n\n\n\n<li>odpowiednie o\u015bwietlenie.<\/li>\n<\/ul>\n\n\n\n<p>Ka\u017cdy projekt jest konsultowany z klientem. Wsp\u00f3\u0142pracuj\u0105c z nami, zyskujesz pewno\u015b\u0107, \u017ce Twoje meble \u0142azienkowe b\u0119d\u0105 nie tylko pi\u0119kne i stylowe, ale przede wszystkim praktyczne oraz trwa\u0142e.<\/p>\n\n\n\n<figure class=\"wp-block-image aligncenter size-large is-resized\"><img fetchpriority=\"high\" decoding=\"async\" width=\"1024\" height=\"576\" src=\"https:\/\/home-finish24.pl\/wp-content\/uploads\/2020\/10\/2-1024x576.jpg\" alt=\"meble \u0142azienkowe na wymiar krak\u00f3w\" class=\"wp-image-368\" style=\"aspect-ratio:1.7777777777777777;width:715px;height:auto\" srcset=\"https:\/\/home-finish24.pl\/wp-content\/uploads\/2020\/10\/2-1024x576.jpg 1024w, https:\/\/home-finish24.pl\/wp-content\/uploads\/2020\/10\/2-300x169.jpg 300w, https:\/\/home-finish24.pl\/wp-content\/uploads\/2020\/10\/2-768x432.jpg 768w, https:\/\/home-finish24.pl\/wp-content\/uploads\/2020\/10\/2-1536x864.jpg 1536w, https:\/\/home-finish24.pl\/wp-content\/uploads\/2020\/10\/2-1110x624.jpg 1110w, https:\/\/home-finish24.pl\/wp-content\/uploads\/2020\/10\/2-528x297.jpg 528w, https:\/\/home-finish24.pl\/wp-content\/uploads\/2020\/10\/2.jpg 1920w\" sizes=\"(max-width: 1024px) 100vw, 1024px\" \/><\/figure>\n\n\n\n<h2 class=\"wp-block-heading\">\u0141azienka na wymiar \u2014 Twoje wymarzone \u0142azienkowe<\/h2>\n\n\n\n<p>\u0141azienka na wymiar to idealne rozwi\u0105zanie dla os\u00f3b, kt\u00f3re marz\u0105 o stworzeniu wyj\u0105tkowej, dopasowanej do indywidualnych potrzeb przestrzeni \u0142azienkowej. Projektowanie \u0142azienki na wymiar daje mo\u017cliwo\u015b\u0107 wyboru ka\u017cdego elementu, od rozmiaru i kszta\u0142tu kabiny prysznicowej, poprzez rodzaj oraz umiejscowienie umywalki, a\u017c po wyb\u00f3r p\u0142ytek, armatury czy dodatk\u00f3w. W ten spos\u00f3b optymalnie wykorzystasz dost\u0119pn\u0105 przestrze\u0144, niezale\u017cnie od jej wielko\u015bci.<\/p>\n\n\n\n<p>Dzi\u0119ki wsp\u00f3\u0142pracy z do\u015bwiadczonymi projektantami, Twoja \u0142azienka stanie si\u0119 oaz\u0105 relaksu i odpr\u0119\u017cenia. B\u0119dzie miejscem, w kt\u00f3rym ka\u017cdy dzie\u0144 rozpoczyna si\u0119 i ko\u0144czy w pi\u0119knie i komforcie. Starannie wykonane meble \u0142azienkowe odporne na uszkodzenia mechaniczne pos\u0142u\u017c\u0105 Ci przez wiele lat. Spersonalizowana zabudowa \u0142azienki spe\u0142ni Twoje oczekiwania.<\/p>\n\n\n\n<figure class=\"wp-block-image aligncenter size-large is-resized\"><img decoding=\"async\" width=\"1024\" height=\"576\" src=\"https:\/\/home-finish24.pl\/wp-content\/uploads\/2020\/10\/3-1-1024x576.jpg\" alt=\"meble \u0142azienkowe na wymiar\" class=\"wp-image-373\" style=\"aspect-ratio:1.7777777777777777;width:718px;height:auto\" srcset=\"https:\/\/home-finish24.pl\/wp-content\/uploads\/2020\/10\/3-1-1024x576.jpg 1024w, https:\/\/home-finish24.pl\/wp-content\/uploads\/2020\/10\/3-1-300x169.jpg 300w, https:\/\/home-finish24.pl\/wp-content\/uploads\/2020\/10\/3-1-768x432.jpg 768w, https:\/\/home-finish24.pl\/wp-content\/uploads\/2020\/10\/3-1-1536x864.jpg 1536w, https:\/\/home-finish24.pl\/wp-content\/uploads\/2020\/10\/3-1-2048x1152.jpg 2048w\" sizes=\"(max-width: 1024px) 100vw, 1024px\" \/><\/figure>\n\n\n\n<h3 class=\"wp-block-heading\">Nietypowe szafki \u0142azienkowe Meble na wymiar \u2014 zainwestuj w nowoczesne meble \u0142azienkowe<\/h3>\n\n\n\n<p>U nas zlecisz m.in:<\/p>\n\n\n\n<ul class=\"wp-block-list\">\n<li>szafki pod umywalk\u0119 na wymiar,<\/li>\n\n\n\n<li>s\u0142upki wisz\u0105ce,<\/li>\n\n\n\n<li>szuflady i szafy wykonane z r\u00f3\u017cnych materia\u0142\u00f3w,<\/li>\n\n\n\n<li>szafki \u0142azienkowe stoj\u0105ce.<\/li>\n<\/ul>\n\n\n\n<p>Jakie s\u0105 Twoje wymarzone szafki \u0142azienkowe? Projektujemy rozmaite aran\u017cacje \u0142azienek. Gwarantujemy funkcjonalne ustawienie mebli \u0142azienkowych. Bezpieczna przestrze\u0144, w kt\u00f3rej wykonasz rozmaite zabiegi higieniczne, upi\u0119kszaj\u0105ce i relaksuj\u0105ce poprawi Ci humor. Wybierz razem z nami materia\u0142y meblowe dopasowane do Twojego gustu oraz oczekiwa\u0144. Zadbaj z nami o estetyczny wygl\u0105d Twojego wn\u0119trza.<\/p>\n\n\n\n<p>Stawiamy na wysok\u0105 jako\u015b\u0107 mebli. Nasza oferta mebli jest bardzo urozmaicona. Do wyboru m.in.: blat do \u0142azienki, meble \u0142azienkowe fornirowane, meble \u0142azienkowe rustykalne, drewniane meble \u0142azienkowe&#8230; Na co si\u0119 zdecydujesz?<\/p>\n\n\n\n<p class=\"has-text-align-center\"><strong>Inne nasze us\u0142ugi<\/strong><\/p>\n\n\n\n<div class=\"wp-block-columns is-layout-flex wp-container-core-columns-is-layout-28f84493 wp-block-columns-is-layout-flex\">\n<div class=\"wp-block-column is-layout-flow wp-block-column-is-layout-flow\">\n<p class=\"has-text-align-center\"><a href=\"https:\/\/home-finish24.pl\/en\/meble-na-wymiar\/meble-kuchenne\/\">Meble kuchenne na wymiar<\/a><br><a href=\"https:\/\/home-finish24.pl\/en\/meble-na-wymiar\/sypialnie\/\">Meble do sypialni na wymiar<\/a><br><a href=\"https:\/\/home-finish24.pl\/en\/meble-na-wymiar\/garderoby\/\">Garderoby na wymiar<\/a><\/p>\n<\/div>\n\n\n\n<div class=\"wp-block-column is-layout-flow wp-block-column-is-layout-flow\">\n<p class=\"has-text-align-center\"><a href=\"https:\/\/home-finish24.pl\/en\/meble-na-wymiar\/meble-lazienkowe\/\">Meble \u0142azienkowe na wymiar<\/a><br><a href=\"https:\/\/home-finish24.pl\/en\/meble-na-wymiar\/szafy\/\">Szafy na wymiar<\/a><br><a href=\"https:\/\/home-finish24.pl\/en\/meble-na-wymiar\/\">Meble na wymiar Krak\u00f3w<\/a><\/p>\n<\/div>\n<\/div>\n\n\n\n<hr class=\"wp-block-separator has-alpha-channel-opacity\"\/>\n\n\n<pre class=\"ti-widget\" style=\"display: none\"><template id=\"trustindex-google-widget-html\"><div class=\"ti-widget  ti-goog ti-show-rating-text ti-review-text-mode-readmore ti-text-align-left\" data-no-translation=\"true\" data-time-locale=\"%d %s temu|dzi\u015b|dzie\u0144|dni|tydzie\u0144|tygodni|miesi\u0105c|miesi\u0119cy|rok|lat\" data-plugin-version=\"13.2.7\" data-layout-id=\"5\" data-layout-category=\"slider\" data-set-id=\"light-background\" data-pid=\"\" data-language=\"pl\" data-close-locale=\"Zamkn\u0105\u0107\" data-review-target-width=\"275\" data-css-version=\"2\" data-reply-by-locale=\"Odpowied\u017a w\u0142a\u015bciciela\" data-only-rating-locale=\"Ten u\u017cytkownik wystawi\u0142 tylko ocen\u0119.\" data-pager-autoplay-timeout=\"6\"> <div class=\"ti-widget-container ti-col-4\"> <div class=\"ti-footer ti-footer-grid source-Google\"> <div class=\"ti-fade-container\"> <div class=\"ti-rating-text\"> <strong class=\"ti-rating ti-rating-large\"> DOSKONA\u0141A <\/strong> <\/div> <span class=\"ti-stars star-lg\"><trustindex-image class=\"ti-star\" data-imgurl=\"https:\/\/cdn.trustindex.io\/assets\/platform\/Google\/star\/f.svg\" alt=\"Google\" width=\"17\" height=\"17\" loading=\"lazy\"><\/trustindex-image><trustindex-image class=\"ti-star\" data-imgurl=\"https:\/\/cdn.trustindex.io\/assets\/platform\/Google\/star\/f.svg\" alt=\"Google\" width=\"17\" height=\"17\" loading=\"lazy\"><\/trustindex-image><trustindex-image class=\"ti-star\" data-imgurl=\"https:\/\/cdn.trustindex.io\/assets\/platform\/Google\/star\/f.svg\" alt=\"Google\" width=\"17\" height=\"17\" loading=\"lazy\"><\/trustindex-image><trustindex-image class=\"ti-star\" data-imgurl=\"https:\/\/cdn.trustindex.io\/assets\/platform\/Google\/star\/f.svg\" alt=\"Google\" width=\"17\" height=\"17\" loading=\"lazy\"><\/trustindex-image><trustindex-image class=\"ti-star\" data-imgurl=\"https:\/\/cdn.trustindex.io\/assets\/platform\/Google\/star\/f.svg\" alt=\"Google\" width=\"17\" height=\"17\" loading=\"lazy\"><\/trustindex-image><\/span> <div class=\"ti-rating-text\"> <span class=\"nowrap\">Na podstawie <strong>1 opinii<\/strong><\/span> <\/div> <div class=\"ti-large-logo\"> <div class=\"ti-v-center\"> <trustindex-image class=\"ti-logo-fb\" data-imgurl=\"https:\/\/cdn.trustindex.io\/assets\/platform\/Google\/logo.svg\" width=\"150\" height=\"25\" loading=\"lazy\" alt=\"Google\"><\/trustindex-image> <\/div> <\/div> <\/div> <\/div> <div class=\"ti-reviews-container\"> <div class=\"ti-controls\"> <div class=\"ti-next\" aria-label=\"Nast\u0119pna recenzj\u0119\" role=\"button\" tabindex=\"0\"><\/div> <div class=\"ti-prev\" aria-label=\"Poprzednia recenzj\u0119\" role=\"button\" tabindex=\"0\"><\/div> <\/div> <div class=\"ti-reviews-container-wrapper\">  <div data-empty=\"0\" data-time=\"1743379200\" class=\"ti-review-item source-Google ti-image-layout-thumbnail\" data-id=\"cfcd208495d565ef66e7dff9f98764da\"> <div class=\"ti-inner\"> <div class=\"ti-review-header\"> <div class=\"ti-platform-icon ti-with-tooltip\"> <span class=\"ti-tooltip\">Opublikowano na <\/span> <trustindex-image data-imgurl=\"https:\/\/cdn.trustindex.io\/assets\/platform\/Google\/icon.svg\" alt=\"\" width=\"20\" height=\"20\" loading=\"lazy\"><\/trustindex-image> <\/div> <div class=\"ti-profile-img\"> <trustindex-image data-imgurl=\"https:\/\/lh3.googleusercontent.com\/a-\/ALV-UjWzIftPowwpCKc4TllR8W2V1e8AqFU37rom3cYOj0Jfl2DfH8vp=w40-h40-c-rp-mo-ba3-br100\" alt=\"Miranda Misia Misi\u0144ska profile picture\" loading=\"lazy\"><\/trustindex-image> <\/div> <div class=\"ti-profile-details\"> <div class=\"ti-name\"> Miranda Misia Misi\u0144ska <\/div> <div class=\"ti-date\"><\/div> <\/div> <\/div> <span class=\"ti-stars\"><trustindex-image class=\"ti-star\" data-imgurl=\"https:\/\/cdn.trustindex.io\/assets\/platform\/Google\/star\/f.svg\" alt=\"Google\" width=\"17\" height=\"17\" loading=\"lazy\"><\/trustindex-image><trustindex-image class=\"ti-star\" data-imgurl=\"https:\/\/cdn.trustindex.io\/assets\/platform\/Google\/star\/f.svg\" alt=\"Google\" width=\"17\" height=\"17\" loading=\"lazy\"><\/trustindex-image><trustindex-image class=\"ti-star\" data-imgurl=\"https:\/\/cdn.trustindex.io\/assets\/platform\/Google\/star\/f.svg\" alt=\"Google\" width=\"17\" height=\"17\" loading=\"lazy\"><\/trustindex-image><trustindex-image class=\"ti-star\" data-imgurl=\"https:\/\/cdn.trustindex.io\/assets\/platform\/Google\/star\/f.svg\" alt=\"Google\" width=\"17\" height=\"17\" loading=\"lazy\"><\/trustindex-image><trustindex-image class=\"ti-star\" data-imgurl=\"https:\/\/cdn.trustindex.io\/assets\/platform\/Google\/star\/f.svg\" alt=\"Google\" width=\"17\" height=\"17\" loading=\"lazy\"><\/trustindex-image><span class=\"ti-verified-review ti-verified-platform\"><span class=\"ti-verified-tooltip\">Trustindex sprawdza, czy pierwotnym \u017ar\u00f3d\u0142em recenzji jest Google.<\/span><\/span><\/span> <div class=\"ti-review-text-container ti-review-content\"><!-- R-CONTENT -->Korzysta\u0142am z us\u0142ug Home Design przy remoncie mieszkania i jestem zachwycona! Profesjonalna ekipa, \u015bwietna jako\u015b\u0107 wykonania i dba\u0142o\u015b\u0107 o ka\u017cdy detal. Prace zako\u0144czone terminowo, a efekt przer\u00f3s\u0142 moje oczekiwania. Do tego czysto\u015b\u0107 i porz\u0105dek po zako\u0144czeniu remontu. Zdecydowanie polecam! \u2b50\u2b50\u2b50\u2b50\u2b50<!-- R-CONTENT --><\/div> <span class=\"ti-read-more\" data-container=\".ti-review-content\" data-collapse-text=\"Ukryj\" data-open-text=\"Czytaj wi\u0119cej\"><\/span> <\/div> <\/div>  <\/div> <div class=\"ti-controls-line\"> <div class=\"dot\"><\/div> <\/div>   <div class=\"ti-verified-by ti-verified-by-row\" data-style=\"1\"> <div class=\"ti-inner\"> Potwierdzono przez: Trustindex <span class=\"ti-info-icon\"><\/span> <div class=\"ti-disclaimer\">Zweryfikowana odznaka Trustindex to Uniwersalny Symbol Zaufania. Tylko najlepsze firmy mog\u0105 uzyska\u0107 zweryfikowan\u0105 odznak\u0119 z ocen\u0105 powy\u017cej 4.5, na podstawie opinii klient\u00f3w z ostatnich 12 miesi\u0119cy. <a href=\"https:\/\/www.trustindex.io\/?a=sys&amp;c=wp-verified-badge&amp;url=\/the-trustindex-verified-badge\/\" target=\"_blank\">Przeczytaj wi\u0119cej<\/a><\/div> <\/div> <\/div>  <\/div> <\/div> <\/div> <\/template><\/pre><div data-src=\"https:\/\/cdn.trustindex.io\/loader.js?wp-widget\" data-template-id=\"trustindex-google-widget-html\" data-css-url=\"https:\/\/home-finish24.pl\/wp-content\/uploads\/trustindex-google-widget.css?1772089751\"><\/div>","protected":false},"excerpt":{"rendered":"<p>Potrzebujesz mebli \u0142azienkowych na wymiar? Skontaktuj si\u0119 z nami lub odwied\u017a nasz\u0105 firm\u0119! Projektowanie mebli \u0142azienkowych na wymiar to idealne rozwi\u0105zanie dla tych, kt\u00f3rzy chc\u0105 maksymalnie wykorzysta\u0107 dost\u0119pn\u0105 przestrze\u0144 i nada\u0107 swojej \u0142azience unikalny charakter. Dzi\u0119ki indywidualnemu podej\u015bciu do ka\u017cdego projektu autorskie meble \u0142azienkowe s\u0105 idealnie dopasowane do rozmiar\u00f3w, kszta\u0142tu pomieszczenia oraz indywidualnych potrzeb klienta. [&hellip;]<\/p>\n","protected":false},"author":1,"featured_media":0,"parent":40,"menu_order":1,"comment_status":"closed","ping_status":"closed","template":"","meta":{"footnotes":""},"class_list":["post-301","page","type-page","status-publish","hentry"],"yoast_head":"<!-- This site is optimized with the Yoast SEO plugin v21.2 - https:\/\/yoast.com\/wordpress\/plugins\/seo\/ -->\n<title>Meble \u0142azienkowe na wymiar - cena - Krak\u00f3w - Home Finish<\/title>\n<meta name=\"description\" content=\"Oferujemy meble do \u0142azienkowe na wymiar w dobrych cenach \u2714\ufe0f Pomoc w wyborze \u2714\ufe0f Sprawd\u017a ofert\u0119 \u2714\ufe0f Wpadnij ju\u017c teraz!\" \/>\n<meta name=\"robots\" content=\"index, follow, max-snippet:-1, max-image-preview:large, max-video-preview:-1\" \/>\n<link rel=\"canonical\" href=\"https:\/\/home-finish24.pl\/en\/meble-na-wymiar\/meble-lazienkowe\/\" \/>\n<meta property=\"og:locale\" content=\"en_GB\" \/>\n<meta property=\"og:type\" content=\"article\" \/>\n<meta property=\"og:title\" content=\"Meble \u0142azienkowe na wymiar - cena - Krak\u00f3w - Home Finish\" \/>\n<meta property=\"og:description\" content=\"Oferujemy meble do \u0142azienkowe na wymiar w dobrych cenach \u2714\ufe0f Pomoc w wyborze \u2714\ufe0f Sprawd\u017a ofert\u0119 \u2714\ufe0f Wpadnij ju\u017c teraz!\" \/>\n<meta property=\"og:url\" content=\"https:\/\/home-finish24.pl\/en\/meble-na-wymiar\/meble-lazienkowe\/\" \/>\n<meta property=\"og:site_name\" content=\"Remonty i wyko\u0144czenie mieszkania - Home Finish Krak\u00f3w\" \/>\n<meta property=\"article:publisher\" content=\"https:\/\/www.facebook.com\/homefinish.hubert.babinski\/\" \/>\n<meta property=\"article:modified_time\" content=\"2025-06-02T21:19:27+00:00\" \/>\n<meta property=\"og:image\" content=\"https:\/\/home-finish24.pl\/wp-content\/uploads\/2020\/10\/2-1024x576.jpg\" \/>\n<meta name=\"twitter:card\" content=\"summary_large_image\" \/>\n<meta name=\"twitter:site\" content=\"@home_finish\" \/>\n<meta name=\"twitter:label1\" content=\"Estimated reading time\" \/>\n\t<meta name=\"twitter:data1\" content=\"3 minutes\" \/>\n<script type=\"application\/ld+json\" class=\"yoast-schema-graph\">{\"@context\":\"https:\/\/schema.org\",\"@graph\":[{\"@type\":\"WebPage\",\"@id\":\"https:\/\/home-finish24.pl\/meble-na-wymiar\/meble-lazienkowe\/\",\"url\":\"https:\/\/home-finish24.pl\/meble-na-wymiar\/meble-lazienkowe\/\",\"name\":\"Meble \u0142azienkowe na wymiar - cena - Krak\u00f3w - Home Finish\",\"isPartOf\":{\"@id\":\"https:\/\/home-finish24.pl\/#website\"},\"datePublished\":\"2020-06-17T14:35:14+00:00\",\"dateModified\":\"2025-06-02T21:19:27+00:00\",\"description\":\"Oferujemy meble do \u0142azienkowe na wymiar w dobrych cenach \u2714\ufe0f Pomoc w wyborze \u2714\ufe0f Sprawd\u017a ofert\u0119 \u2714\ufe0f Wpadnij ju\u017c teraz!\",\"breadcrumb\":{\"@id\":\"https:\/\/home-finish24.pl\/meble-na-wymiar\/meble-lazienkowe\/#breadcrumb\"},\"inLanguage\":\"en-GB\",\"potentialAction\":[{\"@type\":\"ReadAction\",\"target\":[\"https:\/\/home-finish24.pl\/meble-na-wymiar\/meble-lazienkowe\/\"]}]},{\"@type\":\"BreadcrumbList\",\"@id\":\"https:\/\/home-finish24.pl\/meble-na-wymiar\/meble-lazienkowe\/#breadcrumb\",\"itemListElement\":[{\"@type\":\"ListItem\",\"position\":1,\"name\":\"Strona g\u0142\u00f3wna\",\"item\":\"https:\/\/home-finish24.pl\/\"},{\"@type\":\"ListItem\",\"position\":2,\"name\":\"Meble na wymiar &#8211; Krak\u00f3w\",\"item\":\"https:\/\/home-finish24.pl\/meble-na-wymiar\/\"},{\"@type\":\"ListItem\",\"position\":3,\"name\":\"Meble \u0142azienkowe na wymiar &#8211; Krak\u00f3w\"}]},{\"@type\":\"WebSite\",\"@id\":\"https:\/\/home-finish24.pl\/#website\",\"url\":\"https:\/\/home-finish24.pl\/\",\"name\":\"Remonty i wyko\u0144czenie mieszkania - Home Finish Krak\u00f3w\",\"description\":\"Kompleksowe remonty, wyko\u0144czenia wn\u0119trz mieszka\u0144 i dom\u00f3w\",\"publisher\":{\"@id\":\"https:\/\/home-finish24.pl\/#organization\"},\"potentialAction\":[{\"@type\":\"SearchAction\",\"target\":{\"@type\":\"EntryPoint\",\"urlTemplate\":\"https:\/\/home-finish24.pl\/?s={search_term_string}\"},\"query-input\":\"required name=search_term_string\"}],\"inLanguage\":\"en-GB\"},{\"@type\":\"Organization\",\"@id\":\"https:\/\/home-finish24.pl\/#organization\",\"name\":\"Home Finish\",\"url\":\"https:\/\/home-finish24.pl\/\",\"logo\":{\"@type\":\"ImageObject\",\"inLanguage\":\"en-GB\",\"@id\":\"https:\/\/home-finish24.pl\/#\/schema\/logo\/image\/\",\"url\":\"https:\/\/home-finish24.pl\/wp-content\/uploads\/2017\/11\/logo_hf-1.png\",\"contentUrl\":\"https:\/\/home-finish24.pl\/wp-content\/uploads\/2017\/11\/logo_hf-1.png\",\"width\":601,\"height\":601,\"caption\":\"Home Finish\"},\"image\":{\"@id\":\"https:\/\/home-finish24.pl\/#\/schema\/logo\/image\/\"},\"sameAs\":[\"https:\/\/www.facebook.com\/homefinish.hubert.babinski\/\",\"https:\/\/twitter.com\/home_finish\",\"https:\/\/www.instagram.com\/homefinish24\/\"]}]}<\/script>\n<!-- \/ Yoast SEO plugin. -->","yoast_head_json":{"title":"Meble \u0142azienkowe na wymiar - cena - Krak\u00f3w - Home Finish","description":"Oferujemy meble do \u0142azienkowe na wymiar w dobrych cenach \u2714\ufe0f Pomoc w wyborze \u2714\ufe0f Sprawd\u017a ofert\u0119 \u2714\ufe0f Wpadnij ju\u017c teraz!","robots":{"index":"index","follow":"follow","max-snippet":"max-snippet:-1","max-image-preview":"max-image-preview:large","max-video-preview":"max-video-preview:-1"},"canonical":"https:\/\/home-finish24.pl\/en\/meble-na-wymiar\/meble-lazienkowe\/","og_locale":"en_GB","og_type":"article","og_title":"Meble \u0142azienkowe na wymiar - cena - Krak\u00f3w - Home Finish","og_description":"Oferujemy meble do \u0142azienkowe na wymiar w dobrych cenach \u2714\ufe0f Pomoc w wyborze \u2714\ufe0f Sprawd\u017a ofert\u0119 \u2714\ufe0f Wpadnij ju\u017c teraz!","og_url":"https:\/\/home-finish24.pl\/en\/meble-na-wymiar\/meble-lazienkowe\/","og_site_name":"Remonty i wyko\u0144czenie mieszkania - Home Finish Krak\u00f3w","article_publisher":"https:\/\/www.facebook.com\/homefinish.hubert.babinski\/","article_modified_time":"2025-06-02T21:19:27+00:00","og_image":[{"url":"https:\/\/home-finish24.pl\/wp-content\/uploads\/2020\/10\/2-1024x576.jpg"}],"twitter_card":"summary_large_image","twitter_site":"@home_finish","twitter_misc":{"Estimated reading time":"3 minutes"},"schema":{"@context":"https:\/\/schema.org","@graph":[{"@type":"WebPage","@id":"https:\/\/home-finish24.pl\/meble-na-wymiar\/meble-lazienkowe\/","url":"https:\/\/home-finish24.pl\/meble-na-wymiar\/meble-lazienkowe\/","name":"Meble \u0142azienkowe na wymiar - cena - Krak\u00f3w - Home Finish","isPartOf":{"@id":"https:\/\/home-finish24.pl\/#website"},"datePublished":"2020-06-17T14:35:14+00:00","dateModified":"2025-06-02T21:19:27+00:00","description":"Oferujemy meble do \u0142azienkowe na wymiar w dobrych cenach \u2714\ufe0f Pomoc w wyborze \u2714\ufe0f Sprawd\u017a ofert\u0119 \u2714\ufe0f Wpadnij ju\u017c teraz!","breadcrumb":{"@id":"https:\/\/home-finish24.pl\/meble-na-wymiar\/meble-lazienkowe\/#breadcrumb"},"inLanguage":"en-GB","potentialAction":[{"@type":"ReadAction","target":["https:\/\/home-finish24.pl\/meble-na-wymiar\/meble-lazienkowe\/"]}]},{"@type":"BreadcrumbList","@id":"https:\/\/home-finish24.pl\/meble-na-wymiar\/meble-lazienkowe\/#breadcrumb","itemListElement":[{"@type":"ListItem","position":1,"name":"Strona g\u0142\u00f3wna","item":"https:\/\/home-finish24.pl\/"},{"@type":"ListItem","position":2,"name":"Meble na wymiar &#8211; Krak\u00f3w","item":"https:\/\/home-finish24.pl\/meble-na-wymiar\/"},{"@type":"ListItem","position":3,"name":"Meble \u0142azienkowe na wymiar &#8211; Krak\u00f3w"}]},{"@type":"WebSite","@id":"https:\/\/home-finish24.pl\/#website","url":"https:\/\/home-finish24.pl\/","name":"Remonty i wyko\u0144czenie mieszkania - Home Finish Krak\u00f3w","description":"Kompleksowe remonty, wyko\u0144czenia wn\u0119trz mieszka\u0144 i dom\u00f3w","publisher":{"@id":"https:\/\/home-finish24.pl\/#organization"},"potentialAction":[{"@type":"SearchAction","target":{"@type":"EntryPoint","urlTemplate":"https:\/\/home-finish24.pl\/?s={search_term_string}"},"query-input":"required name=search_term_string"}],"inLanguage":"en-GB"},{"@type":"Organization","@id":"https:\/\/home-finish24.pl\/#organization","name":"Home Finish","url":"https:\/\/home-finish24.pl\/","logo":{"@type":"ImageObject","inLanguage":"en-GB","@id":"https:\/\/home-finish24.pl\/#\/schema\/logo\/image\/","url":"https:\/\/home-finish24.pl\/wp-content\/uploads\/2017\/11\/logo_hf-1.png","contentUrl":"https:\/\/home-finish24.pl\/wp-content\/uploads\/2017\/11\/logo_hf-1.png","width":601,"height":601,"caption":"Home Finish"},"image":{"@id":"https:\/\/home-finish24.pl\/#\/schema\/logo\/image\/"},"sameAs":["https:\/\/www.facebook.com\/homefinish.hubert.babinski\/","https:\/\/twitter.com\/home_finish","https:\/\/www.instagram.com\/homefinish24\/"]}]}},"dictionaries":{"dictionaries":[]},"_links":{"self":[{"href":"https:\/\/home-finish24.pl\/en\/wp-json\/wp\/v2\/pages\/301","targetHints":{"allow":["GET"]}}],"collection":[{"href":"https:\/\/home-finish24.pl\/en\/wp-json\/wp\/v2\/pages"}],"about":[{"href":"https:\/\/home-finish24.pl\/en\/wp-json\/wp\/v2\/types\/page"}],"author":[{"embeddable":true,"href":"https:\/\/home-finish24.pl\/en\/wp-json\/wp\/v2\/users\/1"}],"replies":[{"embeddable":true,"href":"https:\/\/home-finish24.pl\/en\/wp-json\/wp\/v2\/comments?post=301"}],"version-history":[{"count":14,"href":"https:\/\/home-finish24.pl\/en\/wp-json\/wp\/v2\/pages\/301\/revisions"}],"predecessor-version":[{"id":1138,"href":"https:\/\/home-finish24.pl\/en\/wp-json\/wp\/v2\/pages\/301\/revisions\/1138"}],"up":[{"embeddable":true,"href":"https:\/\/home-finish24.pl\/en\/wp-json\/wp\/v2\/pages\/40"}],"wp:attachment":[{"href":"https:\/\/home-finish24.pl\/en\/wp-json\/wp\/v2\/media?parent=301"}],"curies":[{"name":"wp","href":"https:\/\/api.w.org\/{rel}","templated":true}]}}