{"id":287,"date":"2020-06-17T15:29:33","date_gmt":"2020-06-17T13:29:33","guid":{"rendered":"https:\/\/home-finish24.pl\/?page_id=287"},"modified":"2025-08-21T12:58:55","modified_gmt":"2025-08-21T10:58:55","slug":"dobor-materialow","status":"publish","type":"page","link":"https:\/\/home-finish24.pl\/en\/oferta\/dobor-materialow\/","title":{"rendered":"Dob\u00f3r materia\u0142\u00f3w wyko\u0144czeniowych &#8211; Krak\u00f3w"},"content":{"rendered":"<div class=\"wp-block-columns is-layout-flex wp-container-core-columns-is-layout-28f84493 wp-block-columns-is-layout-flex\">\n<div class=\"wp-block-column is-layout-flow wp-block-column-is-layout-flow\" style=\"flex-basis:33.33%\">\n<div class=\"wp-block-buttons alignfull is-layout-flex wp-block-buttons-is-layout-flex\">\n<div class=\"wp-block-button has-custom-font-size aligncenter is-style-fill has-medium-font-size\"><a class=\"wp-block-button__link has-white-color has-text-color has-link-color wp-element-button\" href=\"tel:+48503126160\" style=\"border-radius:15px\">tel: 503126160<\/a><\/div>\n\n\n\n<div class=\"wp-block-button has-custom-font-size aligncenter is-style-fill has-medium-font-size\"><a class=\"wp-block-button__link has-white-color has-text-color has-link-color wp-element-button\" href=\"mailto: biuro@home-finish24.pl\" style=\"border-radius:19px\">biuro@home-finish24.pl<\/a><\/div>\n<\/div>\n\n\n\n<p><strong>Potrzebujesz pomocy w doborze materia\u0142\u00f3w do remontu? Skontaktuj si\u0119 z nami lub odwied\u017a nasz\u0105 firm\u0119!<\/strong><\/p>\n<\/div>\n\n\n\n<div class=\"wp-block-column is-layout-flow wp-block-column-is-layout-flow\" style=\"flex-basis:66.66%\">\n<center><iframe src=\"https:\/\/www.google.com\/maps\/embed?pb=!1m14!1m8!1m3!1d10249.664868008058!2d19.9544881!3d50.0410339!3m2!1i1024!2i768!4f13.1!3m3!1m2!1s0x47165b6f95fdf83b%3A0x2b7e691b29ddd109!2sHome%20Finish%20Hubert%20Babi%C5%84ski%20-%20Wyko%C5%84czenia%20wn%C4%99trz!5e0!3m2!1spl!2spl!4v1693217288702!5m2!1spl!2spl\" width=\"400\" height=\"300\" style=\"border:0;\" allowfullscreen=\"\" loading=\"lazy\" referrerpolicy=\"no-referrer-when-downgrade\"><\/iframe><\/center>\n<\/div>\n<\/div>\n\n\n\n<h2 class=\"wp-block-heading\">Dob\u00f3r materia\u0142\u00f3w wyko\u0144czeniowych do remontu<\/h2>\n\n\n\n<p>Po zako\u0144czeniu prac nad <a href=\"https:\/\/home-finish24.pl\/en\/oferta\/projekt\/\">projektem wn\u0119trz mieszkania<\/a> czy uk\u0142adu funkcjonalnego przychodzi czas na \u201cubranie\u201d wn\u0119trza. Proponujemy porady w zakresie&nbsp; <strong>doboru materia\u0142\u00f3w wyko\u0144czeniowych<\/strong>, kt\u00f3re pozwol\u0105 osi\u0105gn\u0105\u0107 zamierzony efekt. Posiadamy w ofercie materia\u0142y do wyko\u0144czenia wn\u0119trz: p\u0142ytki, farby, wyposa\u017cenia \u0142azienki i kuchni, pod\u0142ogi, drzwi, o\u015bwietlenie itp.<\/p>\n\n\n\n<p>W\u0142a\u015bciwy <strong>dob\u00f3r materia\u0142\u00f3w do remontu<\/strong> wymaga z jednej strony do\u015bwiadczenia w zakresie prac remontowo-wyko\u0144czeniowych, a z drugiej dobrego rozeznania w aktualnej ofercie sklep\u00f3w budowlanych. Niezb\u0119dne jest te\u017c wyczucie estetyczne, kt\u00f3re gwarantuje, \u017ce przygotowana propozycja trafi w gusta klient\u00f3w.  Sprawd\u017a w Home Finish radzimy sobie z tym zadaniem w dziale <a href=\"\/en\/realizacje\/\">Realizacje<\/a>!<\/p>\n\n\n\n<figure class=\"wp-block-gallery alignwide has-nested-images columns-default is-cropped wp-block-gallery-1 is-layout-flex wp-block-gallery-is-layout-flex\">\n<figure class=\"wp-block-image size-large\"><img fetchpriority=\"high\" decoding=\"async\" width=\"1024\" height=\"684\" data-id=\"1072\" src=\"https:\/\/home-finish24.pl\/wp-content\/uploads\/2025\/03\/Ile-kosztuje-projekt-wnetrz-1024x684.jpg\" alt=\"\" class=\"wp-image-1072\" srcset=\"https:\/\/home-finish24.pl\/wp-content\/uploads\/2025\/03\/Ile-kosztuje-projekt-wnetrz-1024x684.jpg 1024w, https:\/\/home-finish24.pl\/wp-content\/uploads\/2025\/03\/Ile-kosztuje-projekt-wnetrz-300x200.jpg 300w, https:\/\/home-finish24.pl\/wp-content\/uploads\/2025\/03\/Ile-kosztuje-projekt-wnetrz-768x513.jpg 768w, https:\/\/home-finish24.pl\/wp-content\/uploads\/2025\/03\/Ile-kosztuje-projekt-wnetrz-18x12.jpg 18w, https:\/\/home-finish24.pl\/wp-content\/uploads\/2025\/03\/Ile-kosztuje-projekt-wnetrz.jpg 1279w\" sizes=\"(max-width: 1024px) 100vw, 1024px\" \/><\/figure>\n\n\n\n<figure class=\"wp-block-image size-large\"><img decoding=\"async\" width=\"1024\" height=\"604\" data-id=\"1084\" src=\"https:\/\/home-finish24.pl\/wp-content\/uploads\/2025\/03\/Ile-kosztuje-generalny-remont-mieszkania-70-m\u00b2-1024x604.jpg\" alt=\"\" class=\"wp-image-1084\" srcset=\"https:\/\/home-finish24.pl\/wp-content\/uploads\/2025\/03\/Ile-kosztuje-generalny-remont-mieszkania-70-m\u00b2-1024x604.jpg 1024w, https:\/\/home-finish24.pl\/wp-content\/uploads\/2025\/03\/Ile-kosztuje-generalny-remont-mieszkania-70-m\u00b2-300x177.jpg 300w, https:\/\/home-finish24.pl\/wp-content\/uploads\/2025\/03\/Ile-kosztuje-generalny-remont-mieszkania-70-m\u00b2-768x453.jpg 768w, https:\/\/home-finish24.pl\/wp-content\/uploads\/2025\/03\/Ile-kosztuje-generalny-remont-mieszkania-70-m\u00b2-18x12.jpg 18w, https:\/\/home-finish24.pl\/wp-content\/uploads\/2025\/03\/Ile-kosztuje-generalny-remont-mieszkania-70-m\u00b2.jpg 1280w\" sizes=\"(max-width: 1024px) 100vw, 1024px\" \/><\/figure>\n<\/figure>\n\n\n\n<hr class=\"wp-block-separator has-alpha-channel-opacity\"\/>\n\n\n\n<h3 class=\"wp-block-heading has-text-align-center\"><strong>Inne nasze us\u0142ugi<\/strong><\/h3>\n\n\n\n<div class=\"wp-block-columns is-layout-flex wp-container-core-columns-is-layout-28f84493 wp-block-columns-is-layout-flex\">\n<div class=\"wp-block-column is-layout-flow wp-block-column-is-layout-flow\">\n<p class=\"has-text-align-center\"><a href=\"https:\/\/home-finish24.pl\/en\/oferta\/projekt\/\">Projektowanie wn\u0119trz<\/a><br><a href=\"https:\/\/home-finish24.pl\/en\/oferta\/dobor-materialow\/\">Dob\u00f3r materia\u0142\u00f3w<\/a><br><a href=\"https:\/\/home-finish24.pl\/en\/oferta\/remonty-wnetrz\/\">Remonty wn\u0119trz<\/a><br><a href=\"https:\/\/home-finish24.pl\/en\/oferta\/remonty-domow\/\">Remonty dom\u00f3w<\/a><\/p>\n<\/div>\n\n\n\n<div class=\"wp-block-column is-layout-flow wp-block-column-is-layout-flow\">\n<p class=\"has-text-align-center\"><a href=\"https:\/\/home-finish24.pl\/en\/oferta\/remonty-mieszkan\/\">Remonty mieszka\u0144<\/a><br><a href=\"https:\/\/home-finish24.pl\/en\/oferta\/remonty-pod-klucz\/\">Remonty pod klucz<\/a><br><a href=\"https:\/\/home-finish24.pl\/en\/oferta\/wykonczenia-wnetrz\/\">Wyko\u0144czenia wn\u0119trz<\/a><br><a href=\"https:\/\/home-finish24.pl\/en\/oferta\/wykonczenia-mieszkan-pod-klucz\/\">Wyko\u0144czenia mieszka\u0144 pod klucz<\/a><\/p>\n<\/div>\n<\/div>\n\n\n\n<hr class=\"wp-block-separator has-alpha-channel-opacity\"\/>\n\n\n\n<h2 class=\"wp-block-heading has-text-align-center\">OPINIE<\/h2>\n\n\n<pre class=\"ti-widget\" style=\"display: none\"><template id=\"trustindex-google-widget-html\"><div class=\"ti-widget  ti-goog ti-show-rating-text ti-review-text-mode-readmore ti-text-align-left\" data-no-translation=\"true\" data-time-locale=\"%d %s temu|dzi\u015b|dzie\u0144|dni|tydzie\u0144|tygodni|miesi\u0105c|miesi\u0119cy|rok|lat\" data-plugin-version=\"13.2.7\" data-layout-id=\"5\" data-layout-category=\"slider\" data-set-id=\"light-background\" data-pid=\"\" data-language=\"pl\" data-close-locale=\"Zamkn\u0105\u0107\" data-review-target-width=\"275\" data-css-version=\"2\" data-reply-by-locale=\"Odpowied\u017a w\u0142a\u015bciciela\" data-only-rating-locale=\"Ten u\u017cytkownik wystawi\u0142 tylko ocen\u0119.\" data-pager-autoplay-timeout=\"6\"> <div class=\"ti-widget-container ti-col-4\"> <div class=\"ti-footer ti-footer-grid source-Google\"> <div class=\"ti-fade-container\"> <div class=\"ti-rating-text\"> <strong class=\"ti-rating ti-rating-large\"> DOSKONA\u0141A <\/strong> <\/div> <span class=\"ti-stars star-lg\"><trustindex-image class=\"ti-star\" data-imgurl=\"https:\/\/cdn.trustindex.io\/assets\/platform\/Google\/star\/f.svg\" alt=\"Google\" width=\"17\" height=\"17\" loading=\"lazy\"><\/trustindex-image><trustindex-image class=\"ti-star\" data-imgurl=\"https:\/\/cdn.trustindex.io\/assets\/platform\/Google\/star\/f.svg\" alt=\"Google\" width=\"17\" height=\"17\" loading=\"lazy\"><\/trustindex-image><trustindex-image class=\"ti-star\" data-imgurl=\"https:\/\/cdn.trustindex.io\/assets\/platform\/Google\/star\/f.svg\" alt=\"Google\" width=\"17\" height=\"17\" loading=\"lazy\"><\/trustindex-image><trustindex-image class=\"ti-star\" data-imgurl=\"https:\/\/cdn.trustindex.io\/assets\/platform\/Google\/star\/f.svg\" alt=\"Google\" width=\"17\" height=\"17\" loading=\"lazy\"><\/trustindex-image><trustindex-image class=\"ti-star\" data-imgurl=\"https:\/\/cdn.trustindex.io\/assets\/platform\/Google\/star\/f.svg\" alt=\"Google\" width=\"17\" height=\"17\" loading=\"lazy\"><\/trustindex-image><\/span> <div class=\"ti-rating-text\"> <span class=\"nowrap\">Na podstawie <strong>1 opinii<\/strong><\/span> <\/div> <div class=\"ti-large-logo\"> <div class=\"ti-v-center\"> <trustindex-image class=\"ti-logo-fb\" data-imgurl=\"https:\/\/cdn.trustindex.io\/assets\/platform\/Google\/logo.svg\" width=\"150\" height=\"25\" loading=\"lazy\" alt=\"Google\"><\/trustindex-image> <\/div> <\/div> <\/div> <\/div> <div class=\"ti-reviews-container\"> <div class=\"ti-controls\"> <div class=\"ti-next\" aria-label=\"Nast\u0119pna recenzj\u0119\" role=\"button\" tabindex=\"0\"><\/div> <div class=\"ti-prev\" aria-label=\"Poprzednia recenzj\u0119\" role=\"button\" tabindex=\"0\"><\/div> <\/div> <div class=\"ti-reviews-container-wrapper\">  <div data-empty=\"0\" data-time=\"1743379200\" class=\"ti-review-item source-Google ti-image-layout-thumbnail\" data-id=\"cfcd208495d565ef66e7dff9f98764da\"> <div class=\"ti-inner\"> <div class=\"ti-review-header\"> <div class=\"ti-platform-icon ti-with-tooltip\"> <span class=\"ti-tooltip\">Opublikowano na <\/span> <trustindex-image data-imgurl=\"https:\/\/cdn.trustindex.io\/assets\/platform\/Google\/icon.svg\" alt=\"\" width=\"20\" height=\"20\" loading=\"lazy\"><\/trustindex-image> <\/div> <div class=\"ti-profile-img\"> <trustindex-image data-imgurl=\"https:\/\/lh3.googleusercontent.com\/a-\/ALV-UjWzIftPowwpCKc4TllR8W2V1e8AqFU37rom3cYOj0Jfl2DfH8vp=w40-h40-c-rp-mo-ba3-br100\" alt=\"Miranda Misia Misi\u0144ska profile picture\" loading=\"lazy\"><\/trustindex-image> <\/div> <div class=\"ti-profile-details\"> <div class=\"ti-name\"> Miranda Misia Misi\u0144ska <\/div> <div class=\"ti-date\"><\/div> <\/div> <\/div> <span class=\"ti-stars\"><trustindex-image class=\"ti-star\" data-imgurl=\"https:\/\/cdn.trustindex.io\/assets\/platform\/Google\/star\/f.svg\" alt=\"Google\" width=\"17\" height=\"17\" loading=\"lazy\"><\/trustindex-image><trustindex-image class=\"ti-star\" data-imgurl=\"https:\/\/cdn.trustindex.io\/assets\/platform\/Google\/star\/f.svg\" alt=\"Google\" width=\"17\" height=\"17\" loading=\"lazy\"><\/trustindex-image><trustindex-image class=\"ti-star\" data-imgurl=\"https:\/\/cdn.trustindex.io\/assets\/platform\/Google\/star\/f.svg\" alt=\"Google\" width=\"17\" height=\"17\" loading=\"lazy\"><\/trustindex-image><trustindex-image class=\"ti-star\" data-imgurl=\"https:\/\/cdn.trustindex.io\/assets\/platform\/Google\/star\/f.svg\" alt=\"Google\" width=\"17\" height=\"17\" loading=\"lazy\"><\/trustindex-image><trustindex-image class=\"ti-star\" data-imgurl=\"https:\/\/cdn.trustindex.io\/assets\/platform\/Google\/star\/f.svg\" alt=\"Google\" width=\"17\" height=\"17\" loading=\"lazy\"><\/trustindex-image><span class=\"ti-verified-review ti-verified-platform\"><span class=\"ti-verified-tooltip\">Trustindex sprawdza, czy pierwotnym \u017ar\u00f3d\u0142em recenzji jest Google.<\/span><\/span><\/span> <div class=\"ti-review-text-container ti-review-content\"><!-- R-CONTENT -->Korzysta\u0142am z us\u0142ug Home Design przy remoncie mieszkania i jestem zachwycona! Profesjonalna ekipa, \u015bwietna jako\u015b\u0107 wykonania i dba\u0142o\u015b\u0107 o ka\u017cdy detal. Prace zako\u0144czone terminowo, a efekt przer\u00f3s\u0142 moje oczekiwania. Do tego czysto\u015b\u0107 i porz\u0105dek po zako\u0144czeniu remontu. Zdecydowanie polecam! \u2b50\u2b50\u2b50\u2b50\u2b50<!-- R-CONTENT --><\/div> <span class=\"ti-read-more\" data-container=\".ti-review-content\" data-collapse-text=\"Ukryj\" data-open-text=\"Czytaj wi\u0119cej\"><\/span> <\/div> <\/div>  <\/div> <div class=\"ti-controls-line\"> <div class=\"dot\"><\/div> <\/div>   <div class=\"ti-verified-by ti-verified-by-row\" data-style=\"1\"> <div class=\"ti-inner\"> Potwierdzono przez: Trustindex <span class=\"ti-info-icon\"><\/span> <div class=\"ti-disclaimer\">Zweryfikowana odznaka Trustindex to Uniwersalny Symbol Zaufania. Tylko najlepsze firmy mog\u0105 uzyska\u0107 zweryfikowan\u0105 odznak\u0119 z ocen\u0105 powy\u017cej 4.5, na podstawie opinii klient\u00f3w z ostatnich 12 miesi\u0119cy. <a href=\"https:\/\/www.trustindex.io\/?a=sys&amp;c=wp-verified-badge&amp;url=\/the-trustindex-verified-badge\/\" target=\"_blank\">Przeczytaj wi\u0119cej<\/a><\/div> <\/div> <\/div>  <\/div> <\/div> <\/div> <\/template><\/pre><div data-src=\"https:\/\/cdn.trustindex.io\/loader.js?wp-widget\" data-template-id=\"trustindex-google-widget-html\" data-css-url=\"https:\/\/home-finish24.pl\/wp-content\/uploads\/trustindex-google-widget.css?1772089751\"><\/div>\n\n\n\n<hr class=\"wp-block-separator has-alpha-channel-opacity\"\/>\n\n\n\n<figure class=\"wp-block-gallery alignwide has-nested-images columns-2 is-cropped wp-block-gallery-2 is-layout-flex wp-block-gallery-is-layout-flex\">\n<figure class=\"wp-block-image size-full\"><img decoding=\"async\" width=\"724\" height=\"483\" data-id=\"644\" src=\"https:\/\/home-finish24.pl\/wp-content\/uploads\/2023\/03\/remont-domu.jpg\" alt=\"remont domu krak\u00f3w\" class=\"wp-image-644\" srcset=\"https:\/\/home-finish24.pl\/wp-content\/uploads\/2023\/03\/remont-domu.jpg 724w, https:\/\/home-finish24.pl\/wp-content\/uploads\/2023\/03\/remont-domu-300x200.jpg 300w\" sizes=\"(max-width: 724px) 100vw, 724px\" \/><\/figure>\n\n\n\n<figure class=\"wp-block-image size-full\"><img loading=\"lazy\" decoding=\"async\" width=\"540\" height=\"360\" data-id=\"678\" src=\"https:\/\/home-finish24.pl\/wp-content\/uploads\/2023\/06\/remont-mieszkania.jpg\" alt=\"remont mieszkania\" class=\"wp-image-678\" srcset=\"https:\/\/home-finish24.pl\/wp-content\/uploads\/2023\/06\/remont-mieszkania.jpg 540w, https:\/\/home-finish24.pl\/wp-content\/uploads\/2023\/06\/remont-mieszkania-300x200.jpg 300w\" sizes=\"(max-width: 540px) 100vw, 540px\" \/><\/figure>\n<\/figure>","protected":false},"excerpt":{"rendered":"<p>Potrzebujesz pomocy w doborze materia\u0142\u00f3w do remontu? Skontaktuj si\u0119 z nami lub odwied\u017a nasz\u0105 firm\u0119! Dob\u00f3r materia\u0142\u00f3w wyko\u0144czeniowych do remontu Po zako\u0144czeniu prac nad projektem wn\u0119trz mieszkania czy uk\u0142adu funkcjonalnego przychodzi czas na \u201cubranie\u201d wn\u0119trza. Proponujemy porady w zakresie&nbsp; doboru materia\u0142\u00f3w wyko\u0144czeniowych, kt\u00f3re pozwol\u0105 osi\u0105gn\u0105\u0107 zamierzony efekt. Posiadamy w ofercie materia\u0142y do wyko\u0144czenia wn\u0119trz: p\u0142ytki, [&hellip;]<\/p>\n","protected":false},"author":1,"featured_media":0,"parent":66,"menu_order":2,"comment_status":"closed","ping_status":"closed","template":"","meta":{"footnotes":""},"class_list":["post-287","page","type-page","status-publish","hentry"],"yoast_head":"<!-- This site is optimized with the Yoast SEO plugin v21.2 - https:\/\/yoast.com\/wordpress\/plugins\/seo\/ -->\n<title>Dob\u00f3r materia\u0142\u00f3w wyko\u0144czeniowych do remontu - Home Finish<\/title>\n<meta name=\"description\" content=\"Dob\u00f3r materia\u0142\u00f3w wyko\u0144czeniowych do remontu \u2714\ufe0f Sprawd\u017a nasz\u0105 ofert\u0119 \u2714\ufe0f Us\u0142ugi remontowo - budowlane \u2714\ufe0f Dowiedz si\u0119 wi\u0119cej!\" \/>\n<meta name=\"robots\" content=\"index, follow, max-snippet:-1, max-image-preview:large, max-video-preview:-1\" \/>\n<link rel=\"canonical\" href=\"https:\/\/home-finish24.pl\/en\/oferta\/dobor-materialow\/\" \/>\n<meta property=\"og:locale\" content=\"en_GB\" \/>\n<meta property=\"og:type\" content=\"article\" \/>\n<meta property=\"og:title\" content=\"Dob\u00f3r materia\u0142\u00f3w wyko\u0144czeniowych do remontu - Home Finish\" \/>\n<meta property=\"og:description\" content=\"Dob\u00f3r materia\u0142\u00f3w wyko\u0144czeniowych do remontu \u2714\ufe0f Sprawd\u017a nasz\u0105 ofert\u0119 \u2714\ufe0f Us\u0142ugi remontowo - budowlane \u2714\ufe0f Dowiedz si\u0119 wi\u0119cej!\" \/>\n<meta property=\"og:url\" content=\"https:\/\/home-finish24.pl\/en\/oferta\/dobor-materialow\/\" \/>\n<meta property=\"og:site_name\" content=\"Remonty i wyko\u0144czenie mieszkania - Home Finish Krak\u00f3w\" \/>\n<meta property=\"article:publisher\" content=\"https:\/\/www.facebook.com\/homefinish.hubert.babinski\/\" \/>\n<meta property=\"article:modified_time\" content=\"2025-08-21T10:58:55+00:00\" \/>\n<meta property=\"og:image\" content=\"https:\/\/home-finish24.pl\/wp-content\/uploads\/2025\/03\/Ile-kosztuje-projekt-wnetrz-1024x684.jpg\" \/>\n<meta name=\"twitter:card\" content=\"summary_large_image\" \/>\n<meta name=\"twitter:site\" content=\"@home_finish\" \/>\n<meta name=\"twitter:label1\" content=\"Estimated reading time\" \/>\n\t<meta name=\"twitter:data1\" content=\"2 minutes\" \/>\n<script type=\"application\/ld+json\" class=\"yoast-schema-graph\">{\"@context\":\"https:\/\/schema.org\",\"@graph\":[{\"@type\":\"WebPage\",\"@id\":\"https:\/\/home-finish24.pl\/oferta\/dobor-materialow\/\",\"url\":\"https:\/\/home-finish24.pl\/oferta\/dobor-materialow\/\",\"name\":\"Dob\u00f3r materia\u0142\u00f3w wyko\u0144czeniowych do remontu - Home Finish\",\"isPartOf\":{\"@id\":\"https:\/\/home-finish24.pl\/#website\"},\"datePublished\":\"2020-06-17T13:29:33+00:00\",\"dateModified\":\"2025-08-21T10:58:55+00:00\",\"description\":\"Dob\u00f3r materia\u0142\u00f3w wyko\u0144czeniowych do remontu \u2714\ufe0f Sprawd\u017a nasz\u0105 ofert\u0119 \u2714\ufe0f Us\u0142ugi remontowo - budowlane \u2714\ufe0f Dowiedz si\u0119 wi\u0119cej!\",\"breadcrumb\":{\"@id\":\"https:\/\/home-finish24.pl\/oferta\/dobor-materialow\/#breadcrumb\"},\"inLanguage\":\"en-GB\",\"potentialAction\":[{\"@type\":\"ReadAction\",\"target\":[\"https:\/\/home-finish24.pl\/oferta\/dobor-materialow\/\"]}]},{\"@type\":\"BreadcrumbList\",\"@id\":\"https:\/\/home-finish24.pl\/oferta\/dobor-materialow\/#breadcrumb\",\"itemListElement\":[{\"@type\":\"ListItem\",\"position\":1,\"name\":\"Strona g\u0142\u00f3wna\",\"item\":\"https:\/\/home-finish24.pl\/\"},{\"@type\":\"ListItem\",\"position\":2,\"name\":\"Us\u0142ugi remontowo-wyko\u0144czeniowe &#8211; Krak\u00f3w\",\"item\":\"https:\/\/home-finish24.pl\/oferta\/\"},{\"@type\":\"ListItem\",\"position\":3,\"name\":\"Dob\u00f3r materia\u0142\u00f3w wyko\u0144czeniowych &#8211; Krak\u00f3w\"}]},{\"@type\":\"WebSite\",\"@id\":\"https:\/\/home-finish24.pl\/#website\",\"url\":\"https:\/\/home-finish24.pl\/\",\"name\":\"Remonty i wyko\u0144czenie mieszkania - Home Finish Krak\u00f3w\",\"description\":\"Kompleksowe remonty, wyko\u0144czenia wn\u0119trz mieszka\u0144 i dom\u00f3w\",\"publisher\":{\"@id\":\"https:\/\/home-finish24.pl\/#organization\"},\"potentialAction\":[{\"@type\":\"SearchAction\",\"target\":{\"@type\":\"EntryPoint\",\"urlTemplate\":\"https:\/\/home-finish24.pl\/?s={search_term_string}\"},\"query-input\":\"required name=search_term_string\"}],\"inLanguage\":\"en-GB\"},{\"@type\":\"Organization\",\"@id\":\"https:\/\/home-finish24.pl\/#organization\",\"name\":\"Home Finish\",\"url\":\"https:\/\/home-finish24.pl\/\",\"logo\":{\"@type\":\"ImageObject\",\"inLanguage\":\"en-GB\",\"@id\":\"https:\/\/home-finish24.pl\/#\/schema\/logo\/image\/\",\"url\":\"https:\/\/home-finish24.pl\/wp-content\/uploads\/2017\/11\/logo_hf-1.png\",\"contentUrl\":\"https:\/\/home-finish24.pl\/wp-content\/uploads\/2017\/11\/logo_hf-1.png\",\"width\":601,\"height\":601,\"caption\":\"Home Finish\"},\"image\":{\"@id\":\"https:\/\/home-finish24.pl\/#\/schema\/logo\/image\/\"},\"sameAs\":[\"https:\/\/www.facebook.com\/homefinish.hubert.babinski\/\",\"https:\/\/twitter.com\/home_finish\",\"https:\/\/www.instagram.com\/homefinish24\/\"]}]}<\/script>\n<!-- \/ Yoast SEO plugin. -->","yoast_head_json":{"title":"Dob\u00f3r materia\u0142\u00f3w wyko\u0144czeniowych do remontu - Home Finish","description":"Dob\u00f3r materia\u0142\u00f3w wyko\u0144czeniowych do remontu \u2714\ufe0f Sprawd\u017a nasz\u0105 ofert\u0119 \u2714\ufe0f Us\u0142ugi remontowo - budowlane \u2714\ufe0f Dowiedz si\u0119 wi\u0119cej!","robots":{"index":"index","follow":"follow","max-snippet":"max-snippet:-1","max-image-preview":"max-image-preview:large","max-video-preview":"max-video-preview:-1"},"canonical":"https:\/\/home-finish24.pl\/en\/oferta\/dobor-materialow\/","og_locale":"en_GB","og_type":"article","og_title":"Dob\u00f3r materia\u0142\u00f3w wyko\u0144czeniowych do remontu - Home Finish","og_description":"Dob\u00f3r materia\u0142\u00f3w wyko\u0144czeniowych do remontu \u2714\ufe0f Sprawd\u017a nasz\u0105 ofert\u0119 \u2714\ufe0f Us\u0142ugi remontowo - budowlane \u2714\ufe0f Dowiedz si\u0119 wi\u0119cej!","og_url":"https:\/\/home-finish24.pl\/en\/oferta\/dobor-materialow\/","og_site_name":"Remonty i wyko\u0144czenie mieszkania - Home Finish Krak\u00f3w","article_publisher":"https:\/\/www.facebook.com\/homefinish.hubert.babinski\/","article_modified_time":"2025-08-21T10:58:55+00:00","og_image":[{"url":"https:\/\/home-finish24.pl\/wp-content\/uploads\/2025\/03\/Ile-kosztuje-projekt-wnetrz-1024x684.jpg"}],"twitter_card":"summary_large_image","twitter_site":"@home_finish","twitter_misc":{"Estimated reading time":"2 minutes"},"schema":{"@context":"https:\/\/schema.org","@graph":[{"@type":"WebPage","@id":"https:\/\/home-finish24.pl\/oferta\/dobor-materialow\/","url":"https:\/\/home-finish24.pl\/oferta\/dobor-materialow\/","name":"Dob\u00f3r materia\u0142\u00f3w wyko\u0144czeniowych do remontu - Home Finish","isPartOf":{"@id":"https:\/\/home-finish24.pl\/#website"},"datePublished":"2020-06-17T13:29:33+00:00","dateModified":"2025-08-21T10:58:55+00:00","description":"Dob\u00f3r materia\u0142\u00f3w wyko\u0144czeniowych do remontu \u2714\ufe0f Sprawd\u017a nasz\u0105 ofert\u0119 \u2714\ufe0f Us\u0142ugi remontowo - budowlane \u2714\ufe0f Dowiedz si\u0119 wi\u0119cej!","breadcrumb":{"@id":"https:\/\/home-finish24.pl\/oferta\/dobor-materialow\/#breadcrumb"},"inLanguage":"en-GB","potentialAction":[{"@type":"ReadAction","target":["https:\/\/home-finish24.pl\/oferta\/dobor-materialow\/"]}]},{"@type":"BreadcrumbList","@id":"https:\/\/home-finish24.pl\/oferta\/dobor-materialow\/#breadcrumb","itemListElement":[{"@type":"ListItem","position":1,"name":"Strona g\u0142\u00f3wna","item":"https:\/\/home-finish24.pl\/"},{"@type":"ListItem","position":2,"name":"Us\u0142ugi remontowo-wyko\u0144czeniowe &#8211; Krak\u00f3w","item":"https:\/\/home-finish24.pl\/oferta\/"},{"@type":"ListItem","position":3,"name":"Dob\u00f3r materia\u0142\u00f3w wyko\u0144czeniowych &#8211; Krak\u00f3w"}]},{"@type":"WebSite","@id":"https:\/\/home-finish24.pl\/#website","url":"https:\/\/home-finish24.pl\/","name":"Remonty i wyko\u0144czenie mieszkania - Home Finish Krak\u00f3w","description":"Kompleksowe remonty, wyko\u0144czenia wn\u0119trz mieszka\u0144 i dom\u00f3w","publisher":{"@id":"https:\/\/home-finish24.pl\/#organization"},"potentialAction":[{"@type":"SearchAction","target":{"@type":"EntryPoint","urlTemplate":"https:\/\/home-finish24.pl\/?s={search_term_string}"},"query-input":"required name=search_term_string"}],"inLanguage":"en-GB"},{"@type":"Organization","@id":"https:\/\/home-finish24.pl\/#organization","name":"Home Finish","url":"https:\/\/home-finish24.pl\/","logo":{"@type":"ImageObject","inLanguage":"en-GB","@id":"https:\/\/home-finish24.pl\/#\/schema\/logo\/image\/","url":"https:\/\/home-finish24.pl\/wp-content\/uploads\/2017\/11\/logo_hf-1.png","contentUrl":"https:\/\/home-finish24.pl\/wp-content\/uploads\/2017\/11\/logo_hf-1.png","width":601,"height":601,"caption":"Home Finish"},"image":{"@id":"https:\/\/home-finish24.pl\/#\/schema\/logo\/image\/"},"sameAs":["https:\/\/www.facebook.com\/homefinish.hubert.babinski\/","https:\/\/twitter.com\/home_finish","https:\/\/www.instagram.com\/homefinish24\/"]}]}},"dictionaries":{"dictionaries":[]},"_links":{"self":[{"href":"https:\/\/home-finish24.pl\/en\/wp-json\/wp\/v2\/pages\/287","targetHints":{"allow":["GET"]}}],"collection":[{"href":"https:\/\/home-finish24.pl\/en\/wp-json\/wp\/v2\/pages"}],"about":[{"href":"https:\/\/home-finish24.pl\/en\/wp-json\/wp\/v2\/types\/page"}],"author":[{"embeddable":true,"href":"https:\/\/home-finish24.pl\/en\/wp-json\/wp\/v2\/users\/1"}],"replies":[{"embeddable":true,"href":"https:\/\/home-finish24.pl\/en\/wp-json\/wp\/v2\/comments?post=287"}],"version-history":[{"count":22,"href":"https:\/\/home-finish24.pl\/en\/wp-json\/wp\/v2\/pages\/287\/revisions"}],"predecessor-version":[{"id":1187,"href":"https:\/\/home-finish24.pl\/en\/wp-json\/wp\/v2\/pages\/287\/revisions\/1187"}],"up":[{"embeddable":true,"href":"https:\/\/home-finish24.pl\/en\/wp-json\/wp\/v2\/pages\/66"}],"wp:attachment":[{"href":"https:\/\/home-finish24.pl\/en\/wp-json\/wp\/v2\/media?parent=287"}],"curies":[{"name":"wp","href":"https:\/\/api.w.org\/{rel}","templated":true}]}}