{"id":1159,"date":"2025-07-31T13:45:25","date_gmt":"2025-07-31T11:45:25","guid":{"rendered":"https:\/\/home-finish24.pl\/?page_id=1159"},"modified":"2025-07-31T13:45:26","modified_gmt":"2025-07-31T11:45:26","slug":"dodatkowe-uslugi","status":"publish","type":"page","link":"https:\/\/home-finish24.pl\/en\/dodatkowe-uslugi\/","title":{"rendered":"Dodatkowe us\u0142ugi"},"content":{"rendered":"<div class=\"wp-block-columns is-layout-flex wp-container-core-columns-is-layout-28f84493 wp-block-columns-is-layout-flex\">\n<div class=\"wp-block-column is-layout-flow wp-block-column-is-layout-flow\">\n<p class=\"has-text-align-center\"><a href=\"https:\/\/home-finish24.pl\/en\/oferta\/projekt\/\">Projektowanie wn\u0119trz<\/a><br><a href=\"https:\/\/home-finish24.pl\/en\/oferta\/dobor-materialow\/\">Dob\u00f3r materia\u0142\u00f3w<\/a><br><a href=\"https:\/\/home-finish24.pl\/en\/oferta\/remonty-wnetrz\/\">Remonty wn\u0119trz<\/a><br><a href=\"https:\/\/home-finish24.pl\/en\/oferta\/remonty-domow\/\">Remonty dom\u00f3w<\/a><\/p>\n<\/div>\n\n\n\n<div class=\"wp-block-column is-layout-flow wp-block-column-is-layout-flow\">\n<p class=\"has-text-align-center\"><a href=\"https:\/\/home-finish24.pl\/en\/oferta\/remonty-mieszkan\/\">Remonty mieszka\u0144<\/a><br><a href=\"https:\/\/home-finish24.pl\/en\/oferta\/remonty-pod-klucz\/\">Remonty pod klucz<\/a><br><a href=\"https:\/\/home-finish24.pl\/en\/oferta\/wykonczenia-wnetrz\/\">Wyko\u0144czenia wn\u0119trz<\/a><br><a href=\"https:\/\/home-finish24.pl\/en\/oferta\/wykonczenia-mieszkan-pod-klucz\/\">Wyko\u0144czenia mieszka\u0144 pod klucz<\/a><\/p>\n<\/div>\n<\/div>","protected":false},"excerpt":{"rendered":"<p>Projektowanie wn\u0119trzDob\u00f3r materia\u0142\u00f3wRemonty wn\u0119trzRemonty dom\u00f3w Remonty mieszka\u0144Remonty pod kluczWyko\u0144czenia wn\u0119trzWyko\u0144czenia mieszka\u0144 pod klucz<\/p>","protected":false},"author":1,"featured_media":0,"parent":0,"menu_order":0,"comment_status":"closed","ping_status":"closed","template":"","meta":{"footnotes":""},"class_list":["post-1159","page","type-page","status-publish","hentry"],"yoast_head":"<!-- This site is optimized with the Yoast SEO plugin v21.2 - https:\/\/yoast.com\/wordpress\/plugins\/seo\/ -->\n<title>Dodatkowe us\u0142ugi | Remonty i wyko\u0144czenie mieszkania - Home Finish Krak\u00f3w<\/title>\n<meta name=\"robots\" content=\"index, follow, max-snippet:-1, max-image-preview:large, max-video-preview:-1\" \/>\n<link rel=\"canonical\" href=\"https:\/\/home-finish24.pl\/en\/dodatkowe-uslugi\/\" \/>\n<meta property=\"og:locale\" content=\"en_GB\" \/>\n<meta property=\"og:type\" content=\"article\" \/>\n<meta property=\"og:title\" content=\"Dodatkowe us\u0142ugi | Remonty i wyko\u0144czenie mieszkania - Home Finish Krak\u00f3w\" \/>\n<meta property=\"og:description\" content=\"Projektowanie wn\u0119trzDob\u00f3r materia\u0142\u00f3wRemonty wn\u0119trzRemonty dom\u00f3w Remonty mieszka\u0144Remonty pod kluczWyko\u0144czenia wn\u0119trzWyko\u0144czenia mieszka\u0144 pod klucz\" \/>\n<meta property=\"og:url\" content=\"https:\/\/home-finish24.pl\/en\/dodatkowe-uslugi\/\" \/>\n<meta property=\"og:site_name\" content=\"Remonty i wyko\u0144czenie mieszkania - Home Finish Krak\u00f3w\" \/>\n<meta property=\"article:publisher\" content=\"https:\/\/www.facebook.com\/homefinish.hubert.babinski\/\" \/>\n<meta property=\"article:modified_time\" content=\"2025-07-31T11:45:26+00:00\" \/>\n<meta name=\"twitter:card\" content=\"summary_large_image\" \/>\n<meta name=\"twitter:site\" content=\"@home_finish\" \/>\n<meta name=\"twitter:label1\" content=\"Estimated reading time\" \/>\n\t<meta name=\"twitter:data1\" content=\"1 minute\" \/>\n<script type=\"application\/ld+json\" class=\"yoast-schema-graph\">{\"@context\":\"https:\/\/schema.org\",\"@graph\":[{\"@type\":\"WebPage\",\"@id\":\"https:\/\/home-finish24.pl\/dodatkowe-uslugi\/\",\"url\":\"https:\/\/home-finish24.pl\/dodatkowe-uslugi\/\",\"name\":\"Dodatkowe us\u0142ugi | Remonty i wyko\u0144czenie mieszkania - Home Finish Krak\u00f3w\",\"isPartOf\":{\"@id\":\"https:\/\/home-finish24.pl\/#website\"},\"datePublished\":\"2025-07-31T11:45:25+00:00\",\"dateModified\":\"2025-07-31T11:45:26+00:00\",\"breadcrumb\":{\"@id\":\"https:\/\/home-finish24.pl\/dodatkowe-uslugi\/#breadcrumb\"},\"inLanguage\":\"en-GB\",\"potentialAction\":[{\"@type\":\"ReadAction\",\"target\":[\"https:\/\/home-finish24.pl\/dodatkowe-uslugi\/\"]}]},{\"@type\":\"BreadcrumbList\",\"@id\":\"https:\/\/home-finish24.pl\/dodatkowe-uslugi\/#breadcrumb\",\"itemListElement\":[{\"@type\":\"ListItem\",\"position\":1,\"name\":\"Strona g\u0142\u00f3wna\",\"item\":\"https:\/\/home-finish24.pl\/\"},{\"@type\":\"ListItem\",\"position\":2,\"name\":\"Dodatkowe us\u0142ugi\"}]},{\"@type\":\"WebSite\",\"@id\":\"https:\/\/home-finish24.pl\/#website\",\"url\":\"https:\/\/home-finish24.pl\/\",\"name\":\"Remonty i wyko\u0144czenie mieszkania - Home Finish Krak\u00f3w\",\"description\":\"Kompleksowe remonty, wyko\u0144czenia wn\u0119trz mieszka\u0144 i dom\u00f3w\",\"publisher\":{\"@id\":\"https:\/\/home-finish24.pl\/#organization\"},\"potentialAction\":[{\"@type\":\"SearchAction\",\"target\":{\"@type\":\"EntryPoint\",\"urlTemplate\":\"https:\/\/home-finish24.pl\/?s={search_term_string}\"},\"query-input\":\"required name=search_term_string\"}],\"inLanguage\":\"en-GB\"},{\"@type\":\"Organization\",\"@id\":\"https:\/\/home-finish24.pl\/#organization\",\"name\":\"Home Finish\",\"url\":\"https:\/\/home-finish24.pl\/\",\"logo\":{\"@type\":\"ImageObject\",\"inLanguage\":\"en-GB\",\"@id\":\"https:\/\/home-finish24.pl\/#\/schema\/logo\/image\/\",\"url\":\"https:\/\/home-finish24.pl\/wp-content\/uploads\/2017\/11\/logo_hf-1.png\",\"contentUrl\":\"https:\/\/home-finish24.pl\/wp-content\/uploads\/2017\/11\/logo_hf-1.png\",\"width\":601,\"height\":601,\"caption\":\"Home Finish\"},\"image\":{\"@id\":\"https:\/\/home-finish24.pl\/#\/schema\/logo\/image\/\"},\"sameAs\":[\"https:\/\/www.facebook.com\/homefinish.hubert.babinski\/\",\"https:\/\/twitter.com\/home_finish\",\"https:\/\/www.instagram.com\/homefinish24\/\"]}]}<\/script>\n<!-- \/ Yoast SEO plugin. -->","yoast_head_json":{"title":"Dodatkowe us\u0142ugi | Remonty i wyko\u0144czenie mieszkania - Home Finish Krak\u00f3w","robots":{"index":"index","follow":"follow","max-snippet":"max-snippet:-1","max-image-preview":"max-image-preview:large","max-video-preview":"max-video-preview:-1"},"canonical":"https:\/\/home-finish24.pl\/en\/dodatkowe-uslugi\/","og_locale":"en_GB","og_type":"article","og_title":"Dodatkowe us\u0142ugi | Remonty i wyko\u0144czenie mieszkania - Home Finish Krak\u00f3w","og_description":"Projektowanie wn\u0119trzDob\u00f3r materia\u0142\u00f3wRemonty wn\u0119trzRemonty dom\u00f3w Remonty mieszka\u0144Remonty pod kluczWyko\u0144czenia wn\u0119trzWyko\u0144czenia mieszka\u0144 pod klucz","og_url":"https:\/\/home-finish24.pl\/en\/dodatkowe-uslugi\/","og_site_name":"Remonty i wyko\u0144czenie mieszkania - Home Finish Krak\u00f3w","article_publisher":"https:\/\/www.facebook.com\/homefinish.hubert.babinski\/","article_modified_time":"2025-07-31T11:45:26+00:00","twitter_card":"summary_large_image","twitter_site":"@home_finish","twitter_misc":{"Estimated reading time":"1 minute"},"schema":{"@context":"https:\/\/schema.org","@graph":[{"@type":"WebPage","@id":"https:\/\/home-finish24.pl\/dodatkowe-uslugi\/","url":"https:\/\/home-finish24.pl\/dodatkowe-uslugi\/","name":"Dodatkowe us\u0142ugi | Remonty i wyko\u0144czenie mieszkania - Home Finish Krak\u00f3w","isPartOf":{"@id":"https:\/\/home-finish24.pl\/#website"},"datePublished":"2025-07-31T11:45:25+00:00","dateModified":"2025-07-31T11:45:26+00:00","breadcrumb":{"@id":"https:\/\/home-finish24.pl\/dodatkowe-uslugi\/#breadcrumb"},"inLanguage":"en-GB","potentialAction":[{"@type":"ReadAction","target":["https:\/\/home-finish24.pl\/dodatkowe-uslugi\/"]}]},{"@type":"BreadcrumbList","@id":"https:\/\/home-finish24.pl\/dodatkowe-uslugi\/#breadcrumb","itemListElement":[{"@type":"ListItem","position":1,"name":"Strona g\u0142\u00f3wna","item":"https:\/\/home-finish24.pl\/"},{"@type":"ListItem","position":2,"name":"Dodatkowe us\u0142ugi"}]},{"@type":"WebSite","@id":"https:\/\/home-finish24.pl\/#website","url":"https:\/\/home-finish24.pl\/","name":"Remonty i wyko\u0144czenie mieszkania - Home Finish Krak\u00f3w","description":"Kompleksowe remonty, wyko\u0144czenia wn\u0119trz mieszka\u0144 i dom\u00f3w","publisher":{"@id":"https:\/\/home-finish24.pl\/#organization"},"potentialAction":[{"@type":"SearchAction","target":{"@type":"EntryPoint","urlTemplate":"https:\/\/home-finish24.pl\/?s={search_term_string}"},"query-input":"required name=search_term_string"}],"inLanguage":"en-GB"},{"@type":"Organization","@id":"https:\/\/home-finish24.pl\/#organization","name":"Home Finish","url":"https:\/\/home-finish24.pl\/","logo":{"@type":"ImageObject","inLanguage":"en-GB","@id":"https:\/\/home-finish24.pl\/#\/schema\/logo\/image\/","url":"https:\/\/home-finish24.pl\/wp-content\/uploads\/2017\/11\/logo_hf-1.png","contentUrl":"https:\/\/home-finish24.pl\/wp-content\/uploads\/2017\/11\/logo_hf-1.png","width":601,"height":601,"caption":"Home Finish"},"image":{"@id":"https:\/\/home-finish24.pl\/#\/schema\/logo\/image\/"},"sameAs":["https:\/\/www.facebook.com\/homefinish.hubert.babinski\/","https:\/\/twitter.com\/home_finish","https:\/\/www.instagram.com\/homefinish24\/"]}]}},"dictionaries":{"dictionaries":[]},"_links":{"self":[{"href":"https:\/\/home-finish24.pl\/en\/wp-json\/wp\/v2\/pages\/1159","targetHints":{"allow":["GET"]}}],"collection":[{"href":"https:\/\/home-finish24.pl\/en\/wp-json\/wp\/v2\/pages"}],"about":[{"href":"https:\/\/home-finish24.pl\/en\/wp-json\/wp\/v2\/types\/page"}],"author":[{"embeddable":true,"href":"https:\/\/home-finish24.pl\/en\/wp-json\/wp\/v2\/users\/1"}],"replies":[{"embeddable":true,"href":"https:\/\/home-finish24.pl\/en\/wp-json\/wp\/v2\/comments?post=1159"}],"version-history":[{"count":1,"href":"https:\/\/home-finish24.pl\/en\/wp-json\/wp\/v2\/pages\/1159\/revisions"}],"predecessor-version":[{"id":1160,"href":"https:\/\/home-finish24.pl\/en\/wp-json\/wp\/v2\/pages\/1159\/revisions\/1160"}],"wp:attachment":[{"href":"https:\/\/home-finish24.pl\/en\/wp-json\/wp\/v2\/media?parent=1159"}],"curies":[{"name":"wp","href":"https:\/\/api.w.org\/{rel}","templated":true}]}}